{"id":5614,"date":"2024-02-21T15:54:35","date_gmt":"2024-02-21T14:54:35","guid":{"rendered":"https:\/\/thelyflabs.com\/?post_type=product&#038;p=5614"},"modified":"2025-06-20T21:02:51","modified_gmt":"2025-06-20T19:02:51","slug":"camiseta-blanca-mario-iguana-in-japan","status":"publish","type":"product","link":"https:\/\/thelyflabs.com\/pt\/product\/camiseta-blanca-mario-iguana-in-japan","title":{"rendered":"Mario Iguana no Jap\u00e3o Camiseta Branca"},"content":{"rendered":"<h3>Mario Iguana no Jap\u00e3o Camiseta Branca<\/h3>\n<p>Descubra a ess\u00eancia do estilo atemporal com a camiseta branca Mario in Japan da Iguana Smoke, uma pe\u00e7a essencial que combina conforto e moda. Essa camiseta branca, dispon\u00edvel exclusivamente na |Iguana Smoke.<\/p>\n<p>Feita em algod\u00e3o de alta qualidade, esta camiseta oferece um toque macio e leve, perfeito para qualquer ocasi\u00e3o. Sua versatilidade o torna a escolha ideal tanto para um look casual diurno quanto para uma sa\u00edda noturna estilosa. Al\u00e9m disso, a qualidade dur\u00e1vel do material garante um uso duradouro sem sacrificar o conforto.<\/p>\n<p>A Iguana Smoke se orgulha de oferecer produtos exclusivos e esta camiseta n\u00e3o foge \u00e0 regra. Ouse ser aut\u00eantico e mostre o seu estilo com uma pe\u00e7a que vai al\u00e9m das tend\u00eancias moment\u00e2neas. Adquira hoje mesmo sua camiseta Iguana Smoke e experimente a fus\u00e3o de conforto e moda que define seu pr\u00f3prio estilo.<\/p>","protected":false},"excerpt":{"rendered":"<ul>\n<li>Material: algod\u00e3o 100%<\/li>\n<li>Impress\u00e3o DTG<\/li>\n<li>comprimento padr\u00e3o<\/li>\n<li>Dispon\u00edvel em tamanho. S, M, L e XL<\/li>\n<\/ul>\n<p>Adquira sua camiseta Iguana no Jap\u00e3o no THE LYF LABS com os melhores pre\u00e7os para atacadistas e distribuidores!<\/p>","protected":false},"featured_media":5619,"comment_status":"open","ping_status":"closed","template":"","meta":{"_acf_changed":false,"site-sidebar-layout":"default","site-content-layout":"","ast-site-content-layout":"default","site-content-style":"default","site-sidebar-style":"default","ast-global-header-display":"","ast-banner-title-visibility":"","ast-main-header-display":"","ast-hfb-above-header-display":"","ast-hfb-below-header-display":"","ast-hfb-mobile-header-display":"","site-post-title":"","ast-breadcrumbs-content":"","ast-featured-img":"","footer-sml-layout":"","theme-transparent-header-meta":"default","adv-header-id-meta":"","stick-header-meta":"","header-above-stick-meta":"","header-main-stick-meta":"","header-below-stick-meta":"","astra-migrate-meta-layouts":"set","ast-page-background-enabled":"default","ast-page-background-meta":{"desktop":{"background-color":"var(--ast-global-color-4)","background-image":"","background-repeat":"repeat","background-position":"center center","background-size":"auto","background-attachment":"scroll","background-type":"","background-media":"","overlay-type":"","overlay-color":"","overlay-opacity":"","overlay-gradient":""},"tablet":{"background-color":"","background-image":"","background-repeat":"repeat","background-position":"center center","background-size":"auto","background-attachment":"scroll","background-type":"","background-media":"","overlay-type":"","overlay-color":"","overlay-opacity":"","overlay-gradient":""},"mobile":{"background-color":"","background-image":"","background-repeat":"repeat","background-position":"center center","background-size":"auto","background-attachment":"scroll","background-type":"","background-media":"","overlay-type":"","overlay-color":"","overlay-opacity":"","overlay-gradient":""}},"ast-content-background-meta":{"desktop":{"background-color":"var(--ast-global-color-5)","background-image":"","background-repeat":"repeat","background-position":"center center","background-size":"auto","background-attachment":"scroll","background-type":"","background-media":"","overlay-type":"","overlay-color":"","overlay-opacity":"","overlay-gradient":""},"tablet":{"background-color":"var(--ast-global-color-5)","background-image":"","background-repeat":"repeat","background-position":"center center","background-size":"auto","background-attachment":"scroll","background-type":"","background-media":"","overlay-type":"","overlay-color":"","overlay-opacity":"","overlay-gradient":""},"mobile":{"background-color":"var(--ast-global-color-5)","background-image":"","background-repeat":"repeat","background-position":"center center","background-size":"auto","background-attachment":"scroll","background-type":"","background-media":"","overlay-type":"","overlay-color":"","overlay-opacity":"","overlay-gradient":""}}},"product_brand":[],"product_cat":[97,40,112],"product_tag":[],"class_list":{"0":"post-5614","1":"product","2":"type-product","3":"status-publish","4":"has-post-thumbnail","6":"product_cat-camisetas","7":"product_cat-iguanasmoke","8":"product_cat-merch","9":"desktop-align-center","10":"tablet-align-left","11":"mobile-align-left","13":"first","14":"instock","15":"taxable","16":"shipping-taxable","17":"purchasable","18":"product-type-variable","19":"has-default-attributes"},"acf":[],"yoast_head":"<!-- This site is optimized with the Yoast SEO plugin v27.4 - https:\/\/yoast.com\/product\/yoast-seo-wordpress\/ -->\n<title>Camiseta Blanca Mario Iguana in Japan - THE LYF LABS<\/title>\n<meta name=\"description\" content=\"Consigue tu Camiseta Mario Iguana in Japan en THE LYF LABS. Fabricada con los mejores matierales. Especial para mayoristas y distribuidores\" \/>\n<meta name=\"robots\" content=\"index, follow, max-snippet:-1, max-image-preview:large, max-video-preview:-1\" \/>\n<link rel=\"canonical\" href=\"https:\/\/thelyflabs.com\/pt\/product\/camiseta-blanca-mario-iguana-in-japan\/\" \/>\n<meta property=\"og:locale\" content=\"pt_PT\" \/>\n<meta property=\"og:type\" content=\"article\" \/>\n<meta property=\"og:title\" content=\"Camiseta Blanca Mario Iguana in Japan - THE LYF LABS\" \/>\n<meta property=\"og:description\" content=\"Consigue tu Camiseta Mario Iguana in Japan en THE LYF LABS. Fabricada con los mejores matierales. Especial para mayoristas y distribuidores\" \/>\n<meta property=\"og:url\" content=\"https:\/\/thelyflabs.com\/pt\/product\/camiseta-blanca-mario-iguana-in-japan\/\" \/>\n<meta property=\"og:site_name\" content=\"THE LYF LABS\" \/>\n<meta property=\"article:modified_time\" content=\"2025-06-20T19:02:51+00:00\" \/>\n<meta property=\"og:image\" content=\"https:\/\/thelyflabs.com\/wp-content\/uploads\/2024\/02\/Camiseta-Blanca-Mario-Iguana-in-Japan.webp\" \/>\n\t<meta property=\"og:image:width\" content=\"500\" \/>\n\t<meta property=\"og:image:height\" content=\"500\" \/>\n\t<meta property=\"og:image:type\" content=\"image\/webp\" \/>\n<meta name=\"twitter:card\" content=\"summary_large_image\" \/>\n<meta name=\"twitter:label1\" content=\"Tempo estimado de leitura\" \/>\n\t<meta name=\"twitter:data1\" content=\"1 minuto\" \/>\n<script type=\"application\/ld+json\" class=\"yoast-schema-graph\">{\"@context\":\"https:\\\/\\\/schema.org\",\"@graph\":[{\"@type\":\"WebPage\",\"@id\":\"https:\\\/\\\/thelyflabs.com\\\/product\\\/camiseta-blanca-mario-iguana-in-japan\",\"url\":\"https:\\\/\\\/thelyflabs.com\\\/product\\\/camiseta-blanca-mario-iguana-in-japan\",\"name\":\"Camiseta Blanca Mario Iguana in Japan - THE LYF LABS\",\"isPartOf\":{\"@id\":\"https:\\\/\\\/thelyflabs.com\\\/#website\"},\"primaryImageOfPage\":{\"@id\":\"https:\\\/\\\/thelyflabs.com\\\/product\\\/camiseta-blanca-mario-iguana-in-japan#primaryimage\"},\"image\":{\"@id\":\"https:\\\/\\\/thelyflabs.com\\\/product\\\/camiseta-blanca-mario-iguana-in-japan#primaryimage\"},\"thumbnailUrl\":\"https:\\\/\\\/thelyflabs.com\\\/wp-content\\\/uploads\\\/2024\\\/02\\\/Camiseta-Blanca-Mario-Iguana-in-Japan.webp\",\"datePublished\":\"2024-02-21T14:54:35+00:00\",\"dateModified\":\"2025-06-20T19:02:51+00:00\",\"description\":\"Consigue tu Camiseta Mario Iguana in Japan en THE LYF LABS. Fabricada con los mejores matierales. Especial para mayoristas y distribuidores\",\"breadcrumb\":{\"@id\":\"https:\\\/\\\/thelyflabs.com\\\/product\\\/camiseta-blanca-mario-iguana-in-japan#breadcrumb\"},\"inLanguage\":\"pt-PT\",\"potentialAction\":[{\"@type\":\"ReadAction\",\"target\":[\"https:\\\/\\\/thelyflabs.com\\\/product\\\/camiseta-blanca-mario-iguana-in-japan\"]}]},{\"@type\":\"ImageObject\",\"inLanguage\":\"pt-PT\",\"@id\":\"https:\\\/\\\/thelyflabs.com\\\/product\\\/camiseta-blanca-mario-iguana-in-japan#primaryimage\",\"url\":\"https:\\\/\\\/thelyflabs.com\\\/wp-content\\\/uploads\\\/2024\\\/02\\\/Camiseta-Blanca-Mario-Iguana-in-Japan.webp\",\"contentUrl\":\"https:\\\/\\\/thelyflabs.com\\\/wp-content\\\/uploads\\\/2024\\\/02\\\/Camiseta-Blanca-Mario-Iguana-in-Japan.webp\",\"width\":500,\"height\":500,\"caption\":\"camiseta blanca japan descuento mayorista\"},{\"@type\":\"BreadcrumbList\",\"@id\":\"https:\\\/\\\/thelyflabs.com\\\/product\\\/camiseta-blanca-mario-iguana-in-japan#breadcrumb\",\"itemListElement\":[{\"@type\":\"ListItem\",\"position\":1,\"name\":\"Portada\",\"item\":\"https:\\\/\\\/thelyflabs.com\\\/\"},{\"@type\":\"ListItem\",\"position\":2,\"name\":\"Tienda\",\"item\":\"https:\\\/\\\/thelyflabs.com\\\/tienda\"},{\"@type\":\"ListItem\",\"position\":3,\"name\":\"Camiseta Blanca Mario Iguana in Japan\"}]},{\"@type\":\"WebSite\",\"@id\":\"https:\\\/\\\/thelyflabs.com\\\/#website\",\"url\":\"https:\\\/\\\/thelyflabs.com\\\/\",\"name\":\"The LYF Labs\",\"description\":\"CBD al por mayor\",\"publisher\":{\"@id\":\"https:\\\/\\\/thelyflabs.com\\\/#organization\"},\"potentialAction\":[{\"@type\":\"SearchAction\",\"target\":{\"@type\":\"EntryPoint\",\"urlTemplate\":\"https:\\\/\\\/thelyflabs.com\\\/?s={search_term_string}\"},\"query-input\":{\"@type\":\"PropertyValueSpecification\",\"valueRequired\":true,\"valueName\":\"search_term_string\"}}],\"inLanguage\":\"pt-PT\"},{\"@type\":\"Organization\",\"@id\":\"https:\\\/\\\/thelyflabs.com\\\/#organization\",\"name\":\"The LYF Labs\",\"url\":\"https:\\\/\\\/thelyflabs.com\\\/\",\"logo\":{\"@type\":\"ImageObject\",\"inLanguage\":\"pt-PT\",\"@id\":\"https:\\\/\\\/thelyflabs.com\\\/#\\\/schema\\\/logo\\\/image\\\/\",\"url\":\"https:\\\/\\\/thelyflabs.com\\\/wp-content\\\/uploads\\\/2023\\\/01\\\/cropped-LogoTheLYFLabs.png\",\"contentUrl\":\"https:\\\/\\\/thelyflabs.com\\\/wp-content\\\/uploads\\\/2023\\\/01\\\/cropped-LogoTheLYFLabs.png\",\"width\":600,\"height\":180,\"caption\":\"The LYF Labs\"},\"image\":{\"@id\":\"https:\\\/\\\/thelyflabs.com\\\/#\\\/schema\\\/logo\\\/image\\\/\"}}]}<\/script>\n<!-- \/ Yoast SEO plugin. -->","yoast_head_json":{"title":"Camiseta branca do Mario Iguana no Jap\u00e3o - THE LYF LABS","description":"Compre sua camiseta do Mario Iguana no Jap\u00e3o na THE LYF LABS. Feita com os melhores materiais. Especialmente projetada para atacadistas e distribuidores.","robots":{"index":"index","follow":"follow","max-snippet":"max-snippet:-1","max-image-preview":"max-image-preview:large","max-video-preview":"max-video-preview:-1"},"canonical":"https:\/\/thelyflabs.com\/pt\/product\/camiseta-blanca-mario-iguana-in-japan\/","og_locale":"pt_PT","og_type":"article","og_title":"Camiseta Blanca Mario Iguana in Japan - THE LYF LABS","og_description":"Consigue tu Camiseta Mario Iguana in Japan en THE LYF LABS. Fabricada con los mejores matierales. Especial para mayoristas y distribuidores","og_url":"https:\/\/thelyflabs.com\/pt\/product\/camiseta-blanca-mario-iguana-in-japan\/","og_site_name":"THE LYF LABS","article_modified_time":"2025-06-20T19:02:51+00:00","og_image":[{"width":500,"height":500,"url":"https:\/\/thelyflabs.com\/wp-content\/uploads\/2024\/02\/Camiseta-Blanca-Mario-Iguana-in-Japan.webp","type":"image\/webp"}],"twitter_card":"summary_large_image","twitter_misc":{"Tempo estimado de leitura":"1 minuto"},"schema":{"@context":"https:\/\/schema.org","@graph":[{"@type":"WebPage","@id":"https:\/\/thelyflabs.com\/product\/camiseta-blanca-mario-iguana-in-japan","url":"https:\/\/thelyflabs.com\/product\/camiseta-blanca-mario-iguana-in-japan","name":"Camiseta branca do Mario Iguana no Jap\u00e3o - THE LYF LABS","isPartOf":{"@id":"https:\/\/thelyflabs.com\/#website"},"primaryImageOfPage":{"@id":"https:\/\/thelyflabs.com\/product\/camiseta-blanca-mario-iguana-in-japan#primaryimage"},"image":{"@id":"https:\/\/thelyflabs.com\/product\/camiseta-blanca-mario-iguana-in-japan#primaryimage"},"thumbnailUrl":"https:\/\/thelyflabs.com\/wp-content\/uploads\/2024\/02\/Camiseta-Blanca-Mario-Iguana-in-Japan.webp","datePublished":"2024-02-21T14:54:35+00:00","dateModified":"2025-06-20T19:02:51+00:00","description":"Compre sua camiseta do Mario Iguana no Jap\u00e3o na THE LYF LABS. Feita com os melhores materiais. Especialmente projetada para atacadistas e distribuidores.","breadcrumb":{"@id":"https:\/\/thelyflabs.com\/product\/camiseta-blanca-mario-iguana-in-japan#breadcrumb"},"inLanguage":"pt-PT","potentialAction":[{"@type":"ReadAction","target":["https:\/\/thelyflabs.com\/product\/camiseta-blanca-mario-iguana-in-japan"]}]},{"@type":"ImageObject","inLanguage":"pt-PT","@id":"https:\/\/thelyflabs.com\/product\/camiseta-blanca-mario-iguana-in-japan#primaryimage","url":"https:\/\/thelyflabs.com\/wp-content\/uploads\/2024\/02\/Camiseta-Blanca-Mario-Iguana-in-Japan.webp","contentUrl":"https:\/\/thelyflabs.com\/wp-content\/uploads\/2024\/02\/Camiseta-Blanca-Mario-Iguana-in-Japan.webp","width":500,"height":500,"caption":"camiseta blanca japan descuento mayorista"},{"@type":"BreadcrumbList","@id":"https:\/\/thelyflabs.com\/product\/camiseta-blanca-mario-iguana-in-japan#breadcrumb","itemListElement":[{"@type":"ListItem","position":1,"name":"Portada","item":"https:\/\/thelyflabs.com\/"},{"@type":"ListItem","position":2,"name":"Tienda","item":"https:\/\/thelyflabs.com\/tienda"},{"@type":"ListItem","position":3,"name":"Camiseta Blanca Mario Iguana in Japan"}]},{"@type":"WebSite","@id":"https:\/\/thelyflabs.com\/#website","url":"https:\/\/thelyflabs.com\/","name":"Os Laborat\u00f3rios LYF","description":"CBD atacado","publisher":{"@id":"https:\/\/thelyflabs.com\/#organization"},"potentialAction":[{"@type":"SearchAction","target":{"@type":"EntryPoint","urlTemplate":"https:\/\/thelyflabs.com\/?s={search_term_string}"},"query-input":{"@type":"PropertyValueSpecification","valueRequired":true,"valueName":"search_term_string"}}],"inLanguage":"pt-PT"},{"@type":"Organization","@id":"https:\/\/thelyflabs.com\/#organization","name":"Os Laborat\u00f3rios LYF","url":"https:\/\/thelyflabs.com\/","logo":{"@type":"ImageObject","inLanguage":"pt-PT","@id":"https:\/\/thelyflabs.com\/#\/schema\/logo\/image\/","url":"https:\/\/thelyflabs.com\/wp-content\/uploads\/2023\/01\/cropped-LogoTheLYFLabs.png","contentUrl":"https:\/\/thelyflabs.com\/wp-content\/uploads\/2023\/01\/cropped-LogoTheLYFLabs.png","width":600,"height":180,"caption":"The LYF Labs"},"image":{"@id":"https:\/\/thelyflabs.com\/#\/schema\/logo\/image\/"}}]}},"_links":{"self":[{"href":"https:\/\/thelyflabs.com\/pt\/wp-json\/wp\/v2\/product\/5614","targetHints":{"allow":["GET"]}}],"collection":[{"href":"https:\/\/thelyflabs.com\/pt\/wp-json\/wp\/v2\/product"}],"about":[{"href":"https:\/\/thelyflabs.com\/pt\/wp-json\/wp\/v2\/types\/product"}],"replies":[{"embeddable":true,"href":"https:\/\/thelyflabs.com\/pt\/wp-json\/wp\/v2\/comments?post=5614"}],"wp:featuredmedia":[{"embeddable":true,"href":"https:\/\/thelyflabs.com\/pt\/wp-json\/wp\/v2\/media\/5619"}],"wp:attachment":[{"href":"https:\/\/thelyflabs.com\/pt\/wp-json\/wp\/v2\/media?parent=5614"}],"wp:term":[{"taxonomy":"product_brand","embeddable":true,"href":"https:\/\/thelyflabs.com\/pt\/wp-json\/wp\/v2\/product_brand?post=5614"},{"taxonomy":"product_cat","embeddable":true,"href":"https:\/\/thelyflabs.com\/pt\/wp-json\/wp\/v2\/product_cat?post=5614"},{"taxonomy":"product_tag","embeddable":true,"href":"https:\/\/thelyflabs.com\/pt\/wp-json\/wp\/v2\/product_tag?post=5614"}],"curies":[{"name":"wp","href":"https:\/\/api.w.org\/{rel}","templated":true}]}}