{"id":5634,"date":"2024-02-21T16:06:42","date_gmt":"2024-02-21T15:06:42","guid":{"rendered":"https:\/\/thelyflabs.com\/?post_type=product&#038;p=5634"},"modified":"2024-04-02T18:57:06","modified_gmt":"2024-04-02T17:57:06","slug":"gorra-baseball-negra-iguana-japan","status":"publish","type":"product","link":"https:\/\/thelyflabs.com\/pt\/product\/gorra-baseball-negra-iguana-japan","title":{"rendered":"Bon\u00e9 de beisebol preto Iguana Jap\u00e3o"},"content":{"rendered":"<h3>Bon\u00e9 de beisebol preto Iguana Jap\u00e3o<\/h3>\n<p>Complete o seu estilo com o bon\u00e9 de beisebol Japan Iguana Smoke Black: um s\u00edmbolo da moda que reflete sua paix\u00e3o por vaporizar. Este bon\u00e9 de alta qualidade, com o distinto design japon\u00eas Iguana Smoke, n\u00e3o s\u00f3 oferece um toque de eleg\u00e2ncia, como tamb\u00e9m \u00e9 o acess\u00f3rio perfeito para se destacar da multid\u00e3o.<\/p>\n<p>Recursos em destaque:<\/p>\n<ul>\n<li><strong>Estilo classico:<\/strong> O bon\u00e9 de beisebol \u00e9 um cl\u00e1ssico atemporal e com o desenho do logotipo Iguana Smoke em sua vers\u00e3o japonesa fica ainda mais atraente.<\/li>\n<li><strong style=\"font-size: 16px;\">Constru\u00e7\u00e3o dur\u00e1vel:<\/strong><span style=\"font-size: 16px;\"> Feito de materiais dur\u00e1veis, este bon\u00e9 foi feito para durar. O ajuste confort\u00e1vel e a durabilidade o tornam perfeito para o uso di\u00e1rio.<\/span><\/li>\n<li><strong>Marca confi\u00e1vel:<\/strong> Ao usar o bon\u00e9 Iguana Smoke Black Baseball, voc\u00ea carrega consigo a marca de confian\u00e7a que representa qualidade e excel\u00eancia no mundo do vaping. Portanto, aprimore seu estilo com o bon\u00e9 Black Iguana Smoke. Adicione este acess\u00f3rio exclusivo \u00e0 sua cole\u00e7\u00e3o e mostre sua fidelidade \u00e0 cultura vaping a cada passo que voc\u00ea der!<\/li>\n<\/ul>","protected":false},"excerpt":{"rendered":"<ul>\n<li>Perfil baixo<\/li>\n<li>Viseira Curva<\/li>\n<li>6 pain\u00e9is<\/li>\n<li>6 ilh\u00f3s<\/li>\n<li>Fecho de fivela<\/li>\n<\/ul>","protected":false},"featured_media":5637,"comment_status":"open","ping_status":"closed","template":"","meta":{"_acf_changed":false,"site-sidebar-layout":"default","site-content-layout":"","ast-site-content-layout":"default","site-content-style":"default","site-sidebar-style":"default","ast-global-header-display":"","ast-banner-title-visibility":"","ast-main-header-display":"","ast-hfb-above-header-display":"","ast-hfb-below-header-display":"","ast-hfb-mobile-header-display":"","site-post-title":"","ast-breadcrumbs-content":"","ast-featured-img":"","footer-sml-layout":"","theme-transparent-header-meta":"default","adv-header-id-meta":"","stick-header-meta":"","header-above-stick-meta":"","header-main-stick-meta":"","header-below-stick-meta":"","astra-migrate-meta-layouts":"set","ast-page-background-enabled":"default","ast-page-background-meta":{"desktop":{"background-color":"var(--ast-global-color-4)","background-image":"","background-repeat":"repeat","background-position":"center center","background-size":"auto","background-attachment":"scroll","background-type":"","background-media":"","overlay-type":"","overlay-color":"","overlay-opacity":"","overlay-gradient":""},"tablet":{"background-color":"","background-image":"","background-repeat":"repeat","background-position":"center center","background-size":"auto","background-attachment":"scroll","background-type":"","background-media":"","overlay-type":"","overlay-color":"","overlay-opacity":"","overlay-gradient":""},"mobile":{"background-color":"","background-image":"","background-repeat":"repeat","background-position":"center center","background-size":"auto","background-attachment":"scroll","background-type":"","background-media":"","overlay-type":"","overlay-color":"","overlay-opacity":"","overlay-gradient":""}},"ast-content-background-meta":{"desktop":{"background-color":"var(--ast-global-color-5)","background-image":"","background-repeat":"repeat","background-position":"center center","background-size":"auto","background-attachment":"scroll","background-type":"","background-media":"","overlay-type":"","overlay-color":"","overlay-opacity":"","overlay-gradient":""},"tablet":{"background-color":"var(--ast-global-color-5)","background-image":"","background-repeat":"repeat","background-position":"center center","background-size":"auto","background-attachment":"scroll","background-type":"","background-media":"","overlay-type":"","overlay-color":"","overlay-opacity":"","overlay-gradient":""},"mobile":{"background-color":"var(--ast-global-color-5)","background-image":"","background-repeat":"repeat","background-position":"center center","background-size":"auto","background-attachment":"scroll","background-type":"","background-media":"","overlay-type":"","overlay-color":"","overlay-opacity":"","overlay-gradient":""}}},"product_brand":[],"product_cat":[99,40,112],"product_tag":[],"class_list":{"0":"post-5634","1":"product","2":"type-product","3":"status-publish","4":"has-post-thumbnail","6":"product_cat-gorras","7":"product_cat-iguanasmoke","8":"product_cat-merch","9":"desktop-align-center","10":"tablet-align-left","11":"mobile-align-left","13":"first","14":"instock","15":"taxable","16":"shipping-taxable","17":"purchasable","18":"product-type-simple"},"acf":[],"yoast_head":"<!-- This site is optimized with the Yoast SEO plugin v27.4 - https:\/\/yoast.com\/product\/yoast-seo-wordpress\/ -->\n<title>Gorra Baseball Negra Iguana Japan - THE LYF LABS<\/title>\n<meta name=\"description\" content=\"Consigue tu Gorra Baseball Negra Japan en THE LYF LABS. Fabricada con los mejores matierales. Especial para mayoristas y distribuidores\" \/>\n<meta name=\"robots\" content=\"index, follow, max-snippet:-1, max-image-preview:large, max-video-preview:-1\" \/>\n<link rel=\"canonical\" href=\"https:\/\/thelyflabs.com\/pt\/product\/gorra-baseball-negra-iguana-japan\/\" \/>\n<meta property=\"og:locale\" content=\"pt_PT\" \/>\n<meta property=\"og:type\" content=\"article\" \/>\n<meta property=\"og:title\" content=\"Gorra Baseball Negra Iguana Japan - THE LYF LABS\" \/>\n<meta property=\"og:description\" content=\"Consigue tu Gorra Baseball Negra Japan en THE LYF LABS. Fabricada con los mejores matierales. Especial para mayoristas y distribuidores\" \/>\n<meta property=\"og:url\" content=\"https:\/\/thelyflabs.com\/pt\/product\/gorra-baseball-negra-iguana-japan\/\" \/>\n<meta property=\"og:site_name\" content=\"THE LYF LABS\" \/>\n<meta property=\"article:modified_time\" content=\"2024-04-02T17:57:06+00:00\" \/>\n<meta property=\"og:image\" content=\"https:\/\/thelyflabs.com\/wp-content\/uploads\/2024\/02\/Gorro-negro-baseball-front-webp.webp\" \/>\n\t<meta property=\"og:image:width\" content=\"500\" \/>\n\t<meta property=\"og:image:height\" content=\"500\" \/>\n\t<meta property=\"og:image:type\" content=\"image\/webp\" \/>\n<meta name=\"twitter:card\" content=\"summary_large_image\" \/>\n<meta name=\"twitter:label1\" content=\"Tempo estimado de leitura\" \/>\n\t<meta name=\"twitter:data1\" content=\"2 minutos\" \/>\n<script type=\"application\/ld+json\" class=\"yoast-schema-graph\">{\"@context\":\"https:\\\/\\\/schema.org\",\"@graph\":[{\"@type\":\"WebPage\",\"@id\":\"https:\\\/\\\/thelyflabs.com\\\/product\\\/gorra-baseball-negra-iguana-japan\",\"url\":\"https:\\\/\\\/thelyflabs.com\\\/product\\\/gorra-baseball-negra-iguana-japan\",\"name\":\"Gorra Baseball Negra Iguana Japan - THE LYF LABS\",\"isPartOf\":{\"@id\":\"https:\\\/\\\/thelyflabs.com\\\/#website\"},\"primaryImageOfPage\":{\"@id\":\"https:\\\/\\\/thelyflabs.com\\\/product\\\/gorra-baseball-negra-iguana-japan#primaryimage\"},\"image\":{\"@id\":\"https:\\\/\\\/thelyflabs.com\\\/product\\\/gorra-baseball-negra-iguana-japan#primaryimage\"},\"thumbnailUrl\":\"https:\\\/\\\/thelyflabs.com\\\/wp-content\\\/uploads\\\/2024\\\/02\\\/Gorro-negro-baseball-front-webp.webp\",\"datePublished\":\"2024-02-21T15:06:42+00:00\",\"dateModified\":\"2024-04-02T17:57:06+00:00\",\"description\":\"Consigue tu Gorra Baseball Negra Japan en THE LYF LABS. Fabricada con los mejores matierales. Especial para mayoristas y distribuidores\",\"breadcrumb\":{\"@id\":\"https:\\\/\\\/thelyflabs.com\\\/product\\\/gorra-baseball-negra-iguana-japan#breadcrumb\"},\"inLanguage\":\"pt-PT\",\"potentialAction\":[{\"@type\":\"ReadAction\",\"target\":[\"https:\\\/\\\/thelyflabs.com\\\/product\\\/gorra-baseball-negra-iguana-japan\"]}]},{\"@type\":\"ImageObject\",\"inLanguage\":\"pt-PT\",\"@id\":\"https:\\\/\\\/thelyflabs.com\\\/product\\\/gorra-baseball-negra-iguana-japan#primaryimage\",\"url\":\"https:\\\/\\\/thelyflabs.com\\\/wp-content\\\/uploads\\\/2024\\\/02\\\/Gorro-negro-baseball-front-webp.webp\",\"contentUrl\":\"https:\\\/\\\/thelyflabs.com\\\/wp-content\\\/uploads\\\/2024\\\/02\\\/Gorro-negro-baseball-front-webp.webp\",\"width\":500,\"height\":500,\"caption\":\"gorro negro baseball japon mayorista\"},{\"@type\":\"BreadcrumbList\",\"@id\":\"https:\\\/\\\/thelyflabs.com\\\/product\\\/gorra-baseball-negra-iguana-japan#breadcrumb\",\"itemListElement\":[{\"@type\":\"ListItem\",\"position\":1,\"name\":\"Portada\",\"item\":\"https:\\\/\\\/thelyflabs.com\\\/\"},{\"@type\":\"ListItem\",\"position\":2,\"name\":\"Tienda\",\"item\":\"https:\\\/\\\/thelyflabs.com\\\/tienda\"},{\"@type\":\"ListItem\",\"position\":3,\"name\":\"Gorra Baseball Negra Iguana Japan\"}]},{\"@type\":\"WebSite\",\"@id\":\"https:\\\/\\\/thelyflabs.com\\\/#website\",\"url\":\"https:\\\/\\\/thelyflabs.com\\\/\",\"name\":\"The LYF Labs\",\"description\":\"CBD al por mayor\",\"publisher\":{\"@id\":\"https:\\\/\\\/thelyflabs.com\\\/#organization\"},\"potentialAction\":[{\"@type\":\"SearchAction\",\"target\":{\"@type\":\"EntryPoint\",\"urlTemplate\":\"https:\\\/\\\/thelyflabs.com\\\/?s={search_term_string}\"},\"query-input\":{\"@type\":\"PropertyValueSpecification\",\"valueRequired\":true,\"valueName\":\"search_term_string\"}}],\"inLanguage\":\"pt-PT\"},{\"@type\":\"Organization\",\"@id\":\"https:\\\/\\\/thelyflabs.com\\\/#organization\",\"name\":\"The LYF Labs\",\"url\":\"https:\\\/\\\/thelyflabs.com\\\/\",\"logo\":{\"@type\":\"ImageObject\",\"inLanguage\":\"pt-PT\",\"@id\":\"https:\\\/\\\/thelyflabs.com\\\/#\\\/schema\\\/logo\\\/image\\\/\",\"url\":\"https:\\\/\\\/thelyflabs.com\\\/wp-content\\\/uploads\\\/2023\\\/01\\\/cropped-LogoTheLYFLabs.png\",\"contentUrl\":\"https:\\\/\\\/thelyflabs.com\\\/wp-content\\\/uploads\\\/2023\\\/01\\\/cropped-LogoTheLYFLabs.png\",\"width\":600,\"height\":180,\"caption\":\"The LYF Labs\"},\"image\":{\"@id\":\"https:\\\/\\\/thelyflabs.com\\\/#\\\/schema\\\/logo\\\/image\\\/\"}}]}<\/script>\n<!-- \/ Yoast SEO plugin. -->","yoast_head_json":{"title":"Bon\u00e9 de beisebol japon\u00eas Black Iguana - THE LYF LABS","description":"Compre seu bon\u00e9 de beisebol preto japon\u00eas na THE LYF LABS. Feito com os melhores materiais. Especialmente projetado para atacadistas e distribuidores.","robots":{"index":"index","follow":"follow","max-snippet":"max-snippet:-1","max-image-preview":"max-image-preview:large","max-video-preview":"max-video-preview:-1"},"canonical":"https:\/\/thelyflabs.com\/pt\/product\/gorra-baseball-negra-iguana-japan\/","og_locale":"pt_PT","og_type":"article","og_title":"Gorra Baseball Negra Iguana Japan - THE LYF LABS","og_description":"Consigue tu Gorra Baseball Negra Japan en THE LYF LABS. Fabricada con los mejores matierales. Especial para mayoristas y distribuidores","og_url":"https:\/\/thelyflabs.com\/pt\/product\/gorra-baseball-negra-iguana-japan\/","og_site_name":"THE LYF LABS","article_modified_time":"2024-04-02T17:57:06+00:00","og_image":[{"width":500,"height":500,"url":"https:\/\/thelyflabs.com\/wp-content\/uploads\/2024\/02\/Gorro-negro-baseball-front-webp.webp","type":"image\/webp"}],"twitter_card":"summary_large_image","twitter_misc":{"Tempo estimado de leitura":"2 minutos"},"schema":{"@context":"https:\/\/schema.org","@graph":[{"@type":"WebPage","@id":"https:\/\/thelyflabs.com\/product\/gorra-baseball-negra-iguana-japan","url":"https:\/\/thelyflabs.com\/product\/gorra-baseball-negra-iguana-japan","name":"Bon\u00e9 de beisebol japon\u00eas Black Iguana - THE LYF LABS","isPartOf":{"@id":"https:\/\/thelyflabs.com\/#website"},"primaryImageOfPage":{"@id":"https:\/\/thelyflabs.com\/product\/gorra-baseball-negra-iguana-japan#primaryimage"},"image":{"@id":"https:\/\/thelyflabs.com\/product\/gorra-baseball-negra-iguana-japan#primaryimage"},"thumbnailUrl":"https:\/\/thelyflabs.com\/wp-content\/uploads\/2024\/02\/Gorro-negro-baseball-front-webp.webp","datePublished":"2024-02-21T15:06:42+00:00","dateModified":"2024-04-02T17:57:06+00:00","description":"Compre seu bon\u00e9 de beisebol preto japon\u00eas na THE LYF LABS. Feito com os melhores materiais. Especialmente projetado para atacadistas e distribuidores.","breadcrumb":{"@id":"https:\/\/thelyflabs.com\/product\/gorra-baseball-negra-iguana-japan#breadcrumb"},"inLanguage":"pt-PT","potentialAction":[{"@type":"ReadAction","target":["https:\/\/thelyflabs.com\/product\/gorra-baseball-negra-iguana-japan"]}]},{"@type":"ImageObject","inLanguage":"pt-PT","@id":"https:\/\/thelyflabs.com\/product\/gorra-baseball-negra-iguana-japan#primaryimage","url":"https:\/\/thelyflabs.com\/wp-content\/uploads\/2024\/02\/Gorro-negro-baseball-front-webp.webp","contentUrl":"https:\/\/thelyflabs.com\/wp-content\/uploads\/2024\/02\/Gorro-negro-baseball-front-webp.webp","width":500,"height":500,"caption":"gorro negro baseball japon mayorista"},{"@type":"BreadcrumbList","@id":"https:\/\/thelyflabs.com\/product\/gorra-baseball-negra-iguana-japan#breadcrumb","itemListElement":[{"@type":"ListItem","position":1,"name":"Portada","item":"https:\/\/thelyflabs.com\/"},{"@type":"ListItem","position":2,"name":"Tienda","item":"https:\/\/thelyflabs.com\/tienda"},{"@type":"ListItem","position":3,"name":"Gorra Baseball Negra Iguana Japan"}]},{"@type":"WebSite","@id":"https:\/\/thelyflabs.com\/#website","url":"https:\/\/thelyflabs.com\/","name":"Os Laborat\u00f3rios LYF","description":"CBD atacado","publisher":{"@id":"https:\/\/thelyflabs.com\/#organization"},"potentialAction":[{"@type":"SearchAction","target":{"@type":"EntryPoint","urlTemplate":"https:\/\/thelyflabs.com\/?s={search_term_string}"},"query-input":{"@type":"PropertyValueSpecification","valueRequired":true,"valueName":"search_term_string"}}],"inLanguage":"pt-PT"},{"@type":"Organization","@id":"https:\/\/thelyflabs.com\/#organization","name":"Os Laborat\u00f3rios LYF","url":"https:\/\/thelyflabs.com\/","logo":{"@type":"ImageObject","inLanguage":"pt-PT","@id":"https:\/\/thelyflabs.com\/#\/schema\/logo\/image\/","url":"https:\/\/thelyflabs.com\/wp-content\/uploads\/2023\/01\/cropped-LogoTheLYFLabs.png","contentUrl":"https:\/\/thelyflabs.com\/wp-content\/uploads\/2023\/01\/cropped-LogoTheLYFLabs.png","width":600,"height":180,"caption":"The LYF Labs"},"image":{"@id":"https:\/\/thelyflabs.com\/#\/schema\/logo\/image\/"}}]}},"_links":{"self":[{"href":"https:\/\/thelyflabs.com\/pt\/wp-json\/wp\/v2\/product\/5634","targetHints":{"allow":["GET"]}}],"collection":[{"href":"https:\/\/thelyflabs.com\/pt\/wp-json\/wp\/v2\/product"}],"about":[{"href":"https:\/\/thelyflabs.com\/pt\/wp-json\/wp\/v2\/types\/product"}],"replies":[{"embeddable":true,"href":"https:\/\/thelyflabs.com\/pt\/wp-json\/wp\/v2\/comments?post=5634"}],"wp:featuredmedia":[{"embeddable":true,"href":"https:\/\/thelyflabs.com\/pt\/wp-json\/wp\/v2\/media\/5637"}],"wp:attachment":[{"href":"https:\/\/thelyflabs.com\/pt\/wp-json\/wp\/v2\/media?parent=5634"}],"wp:term":[{"taxonomy":"product_brand","embeddable":true,"href":"https:\/\/thelyflabs.com\/pt\/wp-json\/wp\/v2\/product_brand?post=5634"},{"taxonomy":"product_cat","embeddable":true,"href":"https:\/\/thelyflabs.com\/pt\/wp-json\/wp\/v2\/product_cat?post=5634"},{"taxonomy":"product_tag","embeddable":true,"href":"https:\/\/thelyflabs.com\/pt\/wp-json\/wp\/v2\/product_tag?post=5634"}],"curies":[{"name":"wp","href":"https:\/\/api.w.org\/{rel}","templated":true}]}}