{"id":6249,"date":"2024-04-08T20:07:18","date_gmt":"2024-04-08T19:07:18","guid":{"rendered":"https:\/\/thelyflabs.com\/?post_type=product&#038;p=6249"},"modified":"2025-07-18T20:35:29","modified_gmt":"2025-07-18T18:35:29","slug":"flores-de-cbd-ready-to-roll-gelato-30gr","status":"publish","type":"product","link":"https:\/\/thelyflabs.com\/pt\/product\/flores-de-cbd-ready-to-roll-gelato-30gr","title":{"rendered":"Flores CBD prontas para enrolar Gelato 30gr"},"content":{"rendered":"<h1><b>Caracter\u00edsticas das flores CBD prontas para enrolar gelato<\/b><\/h1>\n<p><span style=\"font-weight: 400;\">As flores Ready To Roll Gelato CBD s\u00e3o uma boa op\u00e7\u00e3o para quem tem interesse em adquirir flores CBD. Estas flores oferecem uma experi\u00eancia \u00fanica para quem pretende comprar bot\u00f5es online.<\/span><\/p>\n<h3><b>Apar\u00eancia<\/b><\/h3>\n<p><span style=\"font-weight: 400;\">Conforto \u00e9 fundamental. Ao comprar flores de CBD em forma de flor desfiada, voc\u00ea economiza tempo e esfor\u00e7o, permitindo que voc\u00ea aproveite sua experi\u00eancia com CBD mais rapidamente. As nossas flores CBD mant\u00eam a sua frescura e aroma, garantindo uma boa experi\u00eancia.<\/span><\/p>\n<h3><b>Aroma<\/b><\/h3>\n<p><span style=\"font-weight: 400;\">Um dos aspectos mais importantes desta flor CBD \u00e9 o seu aroma. As flores CBD Ready To Roll Gelato apresentam um perfil olfativo complexo e profundamente atraente, combinando notas doces com um toque distinto de \u00f3leo diesel. Possui nuances c\u00edtricas e terrosas que equilibram as notas \u00e1cidas com sutis toques de do\u00e7ura.<\/span><\/p>\n<h3><b>Origem<\/b><\/h3>\n<p><span style=\"font-weight: 400;\">As flores CBD Ready To Roll Gelato est\u00e3o enraizadas em uma gen\u00e9tica cuidadosamente selecionada. Esta variedade \u00e9 o resultado de um cruzamento meticuloso que visa valorizar o melhor do CBD. A sua origem cuidadosamente cultivada garante uma experi\u00eancia consistente e de alta qualidade, por isso \u00e9 ideal para quem procura onde comprar cannabis de confian\u00e7a.<\/span><\/p>\n<h3><b>Avalia\u00e7\u00e3o geral<\/b><\/h3>\n<p><span style=\"font-weight: 400;\">As flores CBD Ready To Roll Gelato representam o melhor do mundo CBD. Seu aspecto imponente, aroma adocicado e origem de primeira linha fazem dele a escolha perfeita para quem procura bot\u00f5es que ofere\u00e7am uma experi\u00eancia superior. que \u00e9 uma op\u00e7\u00e3o ideal se voc\u00ea deseja comprar bot\u00f5es online ou encontrar canabidiol perto de voc\u00ea.<\/span><\/p>\n<h2><b>Compre flores e bot\u00f5es CBD <\/b><b>na Iguana Fuma\u00e7a<\/b><\/h2>\n<p><span style=\"font-weight: 400;\">Os agricultores colhem flores Iguana Smoke CBD organicamente, sem usar pesticidas ou OGM, garantindo produtos de alta qualidade e livres de produtos qu\u00edmicos. A utiliza\u00e7\u00e3o de m\u00e9todos de agricultura biol\u00f3gica promove a sustentabilidade e a responsabilidade ambiental, tornando o produto atrativo para consumidores ambientalmente conscientes.<\/span><\/p>\n<p><span style=\"font-weight: 400;\">A Uni\u00e3o Europeia aprova as plantas de Cannabis Sativa das quais s\u00e3o colhidas as flores de Iguana Smoke, tornando-as legais 100%. Estas flores cont\u00eam menos de 0,2 % THC, portanto n\u00e3o t\u00eam efeitos psicoativos. Isto torna-os uma op\u00e7\u00e3o perfeita para quem quer desfrutar dos benef\u00edcios do CBD sem experimentar os efeitos psicoativos do THC.<\/span><\/p>\n<p><span style=\"font-weight: 400;\">Se voc\u00ea gosta desta flor, voc\u00ea pode gostar do <a href=\"https:\/\/iguanasmoke.com\/producto\/sour-diesel-cbd\/\"><span style=\"text-decoration: underline;\"><strong>Diesel Azedo<\/strong><\/span><\/a>, o <a href=\"https:\/\/iguanasmoke.com\/producto\/gorilla-glue-flores-de-cbd\/\"><span style=\"text-decoration: underline;\"><strong>Cola Gorila<\/strong><\/span><\/a> aceno <a href=\"https:\/\/iguanasmoke.com\/producto\/shelby-cbd\/\"><strong>Shelby<\/strong><\/a>.<\/span><\/p>\n<p><span style=\"font-weight: 400;\">Voc\u00ea tamb\u00e9m pode explorar outros produtos, confira nosso <a href=\"https:\/\/iguanasmoke.com\/categoria\/pre-rolls\/\"><span style=\"text-decoration: underline;\"><strong>an\u00fancios precedentes<\/strong><\/span><\/a> ou o nosso <a href=\"https:\/\/thelyflabs.com\/pt\/product-category\/stv-sativanol\/\"><span style=\"text-decoration: underline;\"><strong>Produtos Sativanol<\/strong><\/span><\/a>.<\/span><\/p>\n<h3>Fuma\u00e7a Iguana \u00e9 qualidade<\/h3>\n<p><span style=\"font-weight: 400;\">Iguana Smoke \u00e9 sin\u00f4nimo de qualidade; uma marca atraente que se conecta com as novas gera\u00e7\u00f5es de consumidores de CBD que procuram um produto seguro, confi\u00e1vel e acess\u00edvel, que tenha todas as caracter\u00edsticas para se posicionar com sucesso no florescente mercado de CBD. Se voc\u00ea tiver alguma d\u00favida, entre em contato conosco e teremos prazer em ajud\u00e1-lo.<\/span><\/p>\n<p>&nbsp;<\/p>\n<p>&nbsp;<\/p>\n<h2><span style=\"color: #ffffff;\">comprar flores cbd, comprar flores cbd online, flores cbd no atacado, bot\u00f5es cbd, bot\u00f5es cbd online, comprar flores cbd, comprar flores cbd online, comprar maconha online.<\/span><\/h2>","protected":false},"excerpt":{"rendered":"<p><strong>flores reais<\/strong> de CBD Gelato picado para facilidade de uso.<\/p>\n<p>Importante, <strong><em>N\u00e3o \u00e9 corte ou triagem!<\/em><\/strong><\/p>\n<p><span style=\"font-weight: 400;\">As flores Ready To Roll Gelato CBD CBD s\u00e3o uma variedade de destaque no espa\u00e7o legal da maconha. Alguns usu\u00e1rios podem notar notas de frutas vermelhas, frutas c\u00edtricas ou at\u00e9 menta<\/span><\/p>\n<ul>\n<li>CBD: 15%\/THC: &lt; 0,2%<\/li>\n<li>Formato pronto para rolar<\/li>\n<li>Bolsa transport\u00e1vel antiodor<\/li>\n<li>Suave de usar<\/li>\n<li>Sativa dominante<\/li>\n<li>Aroma forte com tons doces<\/li>\n<\/ul>\n<p>100% legal na Europa<\/p>\n<p>An\u00e1lise de qualidade: clique <a href=\"https:\/\/iguanasmoke.com\/wp-content\/uploads\/2018\/02\/Flor-Sour-Tsunami.pdf\" target=\"_blank\" rel=\"noopener\">aqui<\/a><\/p>","protected":false},"featured_media":13072,"comment_status":"open","ping_status":"closed","template":"","meta":{"_acf_changed":false,"site-sidebar-layout":"default","site-content-layout":"default","ast-site-content-layout":"default","site-content-style":"default","site-sidebar-style":"default","ast-global-header-display":"","ast-banner-title-visibility":"","ast-main-header-display":"","ast-hfb-above-header-display":"","ast-hfb-below-header-display":"","ast-hfb-mobile-header-display":"","site-post-title":"","ast-breadcrumbs-content":"","ast-featured-img":"","footer-sml-layout":"","theme-transparent-header-meta":"default","adv-header-id-meta":"","stick-header-meta":"","header-above-stick-meta":"","header-main-stick-meta":"","header-below-stick-meta":"","astra-migrate-meta-layouts":"set","ast-page-background-enabled":"default","ast-page-background-meta":{"desktop":{"background-color":"var(--ast-global-color-4)","background-image":"","background-repeat":"repeat","background-position":"center center","background-size":"auto","background-attachment":"scroll","background-type":"","background-media":"","overlay-type":"","overlay-color":"","overlay-opacity":"","overlay-gradient":""},"tablet":{"background-color":"","background-image":"","background-repeat":"repeat","background-position":"center center","background-size":"auto","background-attachment":"scroll","background-type":"","background-media":"","overlay-type":"","overlay-color":"","overlay-opacity":"","overlay-gradient":""},"mobile":{"background-color":"","background-image":"","background-repeat":"repeat","background-position":"center center","background-size":"auto","background-attachment":"scroll","background-type":"","background-media":"","overlay-type":"","overlay-color":"","overlay-opacity":"","overlay-gradient":""}},"ast-content-background-meta":{"desktop":{"background-color":"var(--ast-global-color-5)","background-image":"","background-repeat":"repeat","background-position":"center center","background-size":"auto","background-attachment":"scroll","background-type":"","background-media":"","overlay-type":"","overlay-color":"","overlay-opacity":"","overlay-gradient":""},"tablet":{"background-color":"var(--ast-global-color-5)","background-image":"","background-repeat":"repeat","background-position":"center center","background-size":"auto","background-attachment":"scroll","background-type":"","background-media":"","overlay-type":"","overlay-color":"","overlay-opacity":"","overlay-gradient":""},"mobile":{"background-color":"var(--ast-global-color-5)","background-image":"","background-repeat":"repeat","background-position":"center center","background-size":"auto","background-attachment":"scroll","background-type":"","background-media":"","overlay-type":"","overlay-color":"","overlay-opacity":"","overlay-gradient":""}}},"product_brand":[],"product_cat":[24,108,116],"product_tag":[],"class_list":{"0":"post-6249","1":"product","2":"type-product","3":"status-publish","4":"has-post-thumbnail","6":"product_cat-flores-de-cbd","7":"product_cat-novedades","8":"product_cat-ready-to-roll","9":"desktop-align-center","10":"tablet-align-left","11":"mobile-align-left","13":"first","14":"instock","15":"taxable","16":"shipping-taxable","17":"purchasable","18":"product-type-simple"},"acf":[],"yoast_head":"<!-- This site is optimized with the Yoast SEO plugin v27.3 - https:\/\/yoast.com\/product\/yoast-seo-wordpress\/ -->\n<title>Flores de CBD Ready To Roll Sour Tsunami - THE LYF LABS - Compra CBD online<\/title>\n<meta name=\"description\" content=\"Flores de CBD picadas Ready to Roll en un formato listo para usar. Compra cogollos de marihuana legal. Env\u00edo gratuito en Espa\u00f1a y Portugal a partir de 100\u20ac.\" \/>\n<meta name=\"robots\" content=\"index, follow, max-snippet:-1, max-image-preview:large, max-video-preview:-1\" \/>\n<link rel=\"canonical\" href=\"https:\/\/thelyflabs.com\/pt\/product\/flores-de-cbd-ready-to-roll-gelato-30gr\/\" \/>\n<meta property=\"og:locale\" content=\"pt_PT\" \/>\n<meta property=\"og:type\" content=\"article\" \/>\n<meta property=\"og:title\" content=\"Flores de CBD Ready To Roll Sour Tsunami - THE LYF LABS - Compra CBD online\" \/>\n<meta property=\"og:description\" content=\"Flores de CBD picadas Ready to Roll en un formato listo para usar. Compra cogollos de marihuana legal. Env\u00edo gratuito en Espa\u00f1a y Portugal a partir de 100\u20ac.\" \/>\n<meta property=\"og:url\" content=\"https:\/\/thelyflabs.com\/pt\/product\/flores-de-cbd-ready-to-roll-gelato-30gr\/\" \/>\n<meta property=\"og:site_name\" content=\"THE LYF LABS\" \/>\n<meta property=\"article:modified_time\" content=\"2025-07-18T18:35:29+00:00\" \/>\n<meta property=\"og:image\" content=\"https:\/\/thelyflabs.com\/wp-content\/uploads\/2024\/04\/parte-atras-con-monton-scaled.webp\" \/>\n\t<meta property=\"og:image:width\" content=\"2560\" \/>\n\t<meta property=\"og:image:height\" content=\"2560\" \/>\n\t<meta property=\"og:image:type\" content=\"image\/webp\" \/>\n<meta name=\"twitter:card\" content=\"summary_large_image\" \/>\n<meta name=\"twitter:label1\" content=\"Tempo estimado de leitura\" \/>\n\t<meta name=\"twitter:data1\" content=\"4 minutos\" \/>\n<script type=\"application\/ld+json\" class=\"yoast-schema-graph\">{\"@context\":\"https:\\\/\\\/schema.org\",\"@graph\":[{\"@type\":\"WebPage\",\"@id\":\"https:\\\/\\\/thelyflabs.com\\\/product\\\/flores-de-cbd-ready-to-roll-gelato-30gr\",\"url\":\"https:\\\/\\\/thelyflabs.com\\\/product\\\/flores-de-cbd-ready-to-roll-gelato-30gr\",\"name\":\"Flores de CBD Ready To Roll Sour Tsunami - THE LYF LABS - Compra CBD online\",\"isPartOf\":{\"@id\":\"https:\\\/\\\/thelyflabs.com\\\/#website\"},\"primaryImageOfPage\":{\"@id\":\"https:\\\/\\\/thelyflabs.com\\\/product\\\/flores-de-cbd-ready-to-roll-gelato-30gr#primaryimage\"},\"image\":{\"@id\":\"https:\\\/\\\/thelyflabs.com\\\/product\\\/flores-de-cbd-ready-to-roll-gelato-30gr#primaryimage\"},\"thumbnailUrl\":\"https:\\\/\\\/thelyflabs.com\\\/wp-content\\\/uploads\\\/2024\\\/04\\\/parte-atras-con-monton-scaled.webp\",\"datePublished\":\"2024-04-08T19:07:18+00:00\",\"dateModified\":\"2025-07-18T18:35:29+00:00\",\"description\":\"Flores de CBD picadas Ready to Roll en un formato listo para usar. Compra cogollos de marihuana legal. Env\u00edo gratuito en Espa\u00f1a y Portugal a partir de 100\u20ac.\",\"breadcrumb\":{\"@id\":\"https:\\\/\\\/thelyflabs.com\\\/product\\\/flores-de-cbd-ready-to-roll-gelato-30gr#breadcrumb\"},\"inLanguage\":\"pt-PT\",\"potentialAction\":[{\"@type\":\"ReadAction\",\"target\":[\"https:\\\/\\\/thelyflabs.com\\\/product\\\/flores-de-cbd-ready-to-roll-gelato-30gr\"]}]},{\"@type\":\"ImageObject\",\"inLanguage\":\"pt-PT\",\"@id\":\"https:\\\/\\\/thelyflabs.com\\\/product\\\/flores-de-cbd-ready-to-roll-gelato-30gr#primaryimage\",\"url\":\"https:\\\/\\\/thelyflabs.com\\\/wp-content\\\/uploads\\\/2024\\\/04\\\/parte-atras-con-monton-scaled.webp\",\"contentUrl\":\"https:\\\/\\\/thelyflabs.com\\\/wp-content\\\/uploads\\\/2024\\\/04\\\/parte-atras-con-monton-scaled.webp\",\"width\":2560,\"height\":2560,\"caption\":\"trim cbd\"},{\"@type\":\"BreadcrumbList\",\"@id\":\"https:\\\/\\\/thelyflabs.com\\\/product\\\/flores-de-cbd-ready-to-roll-gelato-30gr#breadcrumb\",\"itemListElement\":[{\"@type\":\"ListItem\",\"position\":1,\"name\":\"Portada\",\"item\":\"https:\\\/\\\/thelyflabs.com\\\/\"},{\"@type\":\"ListItem\",\"position\":2,\"name\":\"Tienda\",\"item\":\"https:\\\/\\\/thelyflabs.com\\\/tienda\"},{\"@type\":\"ListItem\",\"position\":3,\"name\":\"Flores de CBD Ready to Roll Gelato 30gr\"}]},{\"@type\":\"WebSite\",\"@id\":\"https:\\\/\\\/thelyflabs.com\\\/#website\",\"url\":\"https:\\\/\\\/thelyflabs.com\\\/\",\"name\":\"The LYF Labs\",\"description\":\"CBD al por mayor\",\"publisher\":{\"@id\":\"https:\\\/\\\/thelyflabs.com\\\/#organization\"},\"potentialAction\":[{\"@type\":\"SearchAction\",\"target\":{\"@type\":\"EntryPoint\",\"urlTemplate\":\"https:\\\/\\\/thelyflabs.com\\\/?s={search_term_string}\"},\"query-input\":{\"@type\":\"PropertyValueSpecification\",\"valueRequired\":true,\"valueName\":\"search_term_string\"}}],\"inLanguage\":\"pt-PT\"},{\"@type\":\"Organization\",\"@id\":\"https:\\\/\\\/thelyflabs.com\\\/#organization\",\"name\":\"The LYF Labs\",\"url\":\"https:\\\/\\\/thelyflabs.com\\\/\",\"logo\":{\"@type\":\"ImageObject\",\"inLanguage\":\"pt-PT\",\"@id\":\"https:\\\/\\\/thelyflabs.com\\\/#\\\/schema\\\/logo\\\/image\\\/\",\"url\":\"https:\\\/\\\/thelyflabs.com\\\/wp-content\\\/uploads\\\/2023\\\/01\\\/cropped-LogoTheLYFLabs.png\",\"contentUrl\":\"https:\\\/\\\/thelyflabs.com\\\/wp-content\\\/uploads\\\/2023\\\/01\\\/cropped-LogoTheLYFLabs.png\",\"width\":600,\"height\":180,\"caption\":\"The LYF Labs\"},\"image\":{\"@id\":\"https:\\\/\\\/thelyflabs.com\\\/#\\\/schema\\\/logo\\\/image\\\/\"}}]}<\/script>\n<!-- \/ Yoast SEO plugin. -->","yoast_head_json":{"title":"Flores de CBD prontas para o tsunami azedo - THE LYF LABS - Compre CBD online","description":"Flores de CBD picadas prontas para uso. Compre brotos de maconha legalizados. Frete gr\u00e1tis na Espanha e Portugal para pedidos acima de \u20ac 100.","robots":{"index":"index","follow":"follow","max-snippet":"max-snippet:-1","max-image-preview":"max-image-preview:large","max-video-preview":"max-video-preview:-1"},"canonical":"https:\/\/thelyflabs.com\/pt\/product\/flores-de-cbd-ready-to-roll-gelato-30gr\/","og_locale":"pt_PT","og_type":"article","og_title":"Flores de CBD Ready To Roll Sour Tsunami - THE LYF LABS - Compra CBD online","og_description":"Flores de CBD picadas Ready to Roll en un formato listo para usar. Compra cogollos de marihuana legal. Env\u00edo gratuito en Espa\u00f1a y Portugal a partir de 100\u20ac.","og_url":"https:\/\/thelyflabs.com\/pt\/product\/flores-de-cbd-ready-to-roll-gelato-30gr\/","og_site_name":"THE LYF LABS","article_modified_time":"2025-07-18T18:35:29+00:00","og_image":[{"width":2560,"height":2560,"url":"https:\/\/thelyflabs.com\/wp-content\/uploads\/2024\/04\/parte-atras-con-monton-scaled.webp","type":"image\/webp"}],"twitter_card":"summary_large_image","twitter_misc":{"Tempo estimado de leitura":"4 minutos"},"schema":{"@context":"https:\/\/schema.org","@graph":[{"@type":"WebPage","@id":"https:\/\/thelyflabs.com\/product\/flores-de-cbd-ready-to-roll-gelato-30gr","url":"https:\/\/thelyflabs.com\/product\/flores-de-cbd-ready-to-roll-gelato-30gr","name":"Flores de CBD prontas para o tsunami azedo - THE LYF LABS - Compre CBD online","isPartOf":{"@id":"https:\/\/thelyflabs.com\/#website"},"primaryImageOfPage":{"@id":"https:\/\/thelyflabs.com\/product\/flores-de-cbd-ready-to-roll-gelato-30gr#primaryimage"},"image":{"@id":"https:\/\/thelyflabs.com\/product\/flores-de-cbd-ready-to-roll-gelato-30gr#primaryimage"},"thumbnailUrl":"https:\/\/thelyflabs.com\/wp-content\/uploads\/2024\/04\/parte-atras-con-monton-scaled.webp","datePublished":"2024-04-08T19:07:18+00:00","dateModified":"2025-07-18T18:35:29+00:00","description":"Flores de CBD picadas prontas para uso. Compre brotos de maconha legalizados. Frete gr\u00e1tis na Espanha e Portugal para pedidos acima de \u20ac 100.","breadcrumb":{"@id":"https:\/\/thelyflabs.com\/product\/flores-de-cbd-ready-to-roll-gelato-30gr#breadcrumb"},"inLanguage":"pt-PT","potentialAction":[{"@type":"ReadAction","target":["https:\/\/thelyflabs.com\/product\/flores-de-cbd-ready-to-roll-gelato-30gr"]}]},{"@type":"ImageObject","inLanguage":"pt-PT","@id":"https:\/\/thelyflabs.com\/product\/flores-de-cbd-ready-to-roll-gelato-30gr#primaryimage","url":"https:\/\/thelyflabs.com\/wp-content\/uploads\/2024\/04\/parte-atras-con-monton-scaled.webp","contentUrl":"https:\/\/thelyflabs.com\/wp-content\/uploads\/2024\/04\/parte-atras-con-monton-scaled.webp","width":2560,"height":2560,"caption":"trim cbd"},{"@type":"BreadcrumbList","@id":"https:\/\/thelyflabs.com\/product\/flores-de-cbd-ready-to-roll-gelato-30gr#breadcrumb","itemListElement":[{"@type":"ListItem","position":1,"name":"Portada","item":"https:\/\/thelyflabs.com\/"},{"@type":"ListItem","position":2,"name":"Tienda","item":"https:\/\/thelyflabs.com\/tienda"},{"@type":"ListItem","position":3,"name":"Flores de CBD Ready to Roll Gelato 30gr"}]},{"@type":"WebSite","@id":"https:\/\/thelyflabs.com\/#website","url":"https:\/\/thelyflabs.com\/","name":"Os Laborat\u00f3rios LYF","description":"CBD atacado","publisher":{"@id":"https:\/\/thelyflabs.com\/#organization"},"potentialAction":[{"@type":"SearchAction","target":{"@type":"EntryPoint","urlTemplate":"https:\/\/thelyflabs.com\/?s={search_term_string}"},"query-input":{"@type":"PropertyValueSpecification","valueRequired":true,"valueName":"search_term_string"}}],"inLanguage":"pt-PT"},{"@type":"Organization","@id":"https:\/\/thelyflabs.com\/#organization","name":"Os Laborat\u00f3rios LYF","url":"https:\/\/thelyflabs.com\/","logo":{"@type":"ImageObject","inLanguage":"pt-PT","@id":"https:\/\/thelyflabs.com\/#\/schema\/logo\/image\/","url":"https:\/\/thelyflabs.com\/wp-content\/uploads\/2023\/01\/cropped-LogoTheLYFLabs.png","contentUrl":"https:\/\/thelyflabs.com\/wp-content\/uploads\/2023\/01\/cropped-LogoTheLYFLabs.png","width":600,"height":180,"caption":"The LYF Labs"},"image":{"@id":"https:\/\/thelyflabs.com\/#\/schema\/logo\/image\/"}}]}},"_links":{"self":[{"href":"https:\/\/thelyflabs.com\/pt\/wp-json\/wp\/v2\/product\/6249","targetHints":{"allow":["GET"]}}],"collection":[{"href":"https:\/\/thelyflabs.com\/pt\/wp-json\/wp\/v2\/product"}],"about":[{"href":"https:\/\/thelyflabs.com\/pt\/wp-json\/wp\/v2\/types\/product"}],"replies":[{"embeddable":true,"href":"https:\/\/thelyflabs.com\/pt\/wp-json\/wp\/v2\/comments?post=6249"}],"wp:featuredmedia":[{"embeddable":true,"href":"https:\/\/thelyflabs.com\/pt\/wp-json\/wp\/v2\/media\/13072"}],"wp:attachment":[{"href":"https:\/\/thelyflabs.com\/pt\/wp-json\/wp\/v2\/media?parent=6249"}],"wp:term":[{"taxonomy":"product_brand","embeddable":true,"href":"https:\/\/thelyflabs.com\/pt\/wp-json\/wp\/v2\/product_brand?post=6249"},{"taxonomy":"product_cat","embeddable":true,"href":"https:\/\/thelyflabs.com\/pt\/wp-json\/wp\/v2\/product_cat?post=6249"},{"taxonomy":"product_tag","embeddable":true,"href":"https:\/\/thelyflabs.com\/pt\/wp-json\/wp\/v2\/product_tag?post=6249"}],"curies":[{"name":"wp","href":"https:\/\/api.w.org\/{rel}","templated":true}]}}