{"id":7513,"date":"2024-07-10T21:07:10","date_gmt":"2024-07-10T19:07:10","guid":{"rendered":"https:\/\/thelyflabs.com\/?post_type=product&#038;p=7513"},"modified":"2025-12-16T13:46:33","modified_gmt":"2025-12-16T12:46:33","slug":"vaper-cbd-iguana-pod-pocket-grape-3ml","status":"publish","type":"product","link":"https:\/\/thelyflabs.com\/pt\/product\/vaper-cbd-iguana-pod-pocket-grape-3ml","title":{"rendered":"Vaper CBD \u2013 Iguana Pod Pocket Uva 3ml"},"content":{"rendered":"<h2>Iguana Pod Pocket Uva 3ml<\/h2>\n<p>Nosso Iguana Pod Pocket Grape combina eleg\u00e2ncia com portabilidade. Seu design ergon\u00f4mico e acabamento premium fazem dele uma declara\u00e7\u00e3o de estilo ao mesmo tempo que cabe perfeitamente no seu bolso ou bolsa, acompanhando voc\u00ea em todas as suas aventuras.<\/p>\n<p>O sabor vape Grape CBD oferece uma experi\u00eancia rica e suculenta, evocando o sabor doce e frutado das uvas maduras. Este perfil de sabor \u00e9 caracterizado por notas intensas e naturais de uva, com um equil\u00edbrio perfeito entre do\u00e7ura e frescor.<\/p>\n<p>Seu design atraente e tamanho compacto fazem dele um acess\u00f3rio ideal para levar sempre com voc\u00ea.<\/p>\n<p>Iguana Smoke torna cada vez mais f\u00e1cil aproveitar os benef\u00edcios do CBD com produtos n\u00e3o psicoativos com 0% THC.<\/p>\n<p>Basta escolher o seu sabor preferido, abri-lo e come\u00e7ar a usar.<\/p>","protected":false},"excerpt":{"rendered":"<h2>Iguana Pod Pocket Uva 3ml<\/h2>\n<p>Caracteristicas:<\/p>\n<ul>\n<li>Dimens\u00f5es: 35 x 6,5 x 65,5 mm<\/li>\n<li>Bateria: 550mAh<\/li>\n<li>Capacidade: 3ml<\/li>\n<li>Sopros: at\u00e9 900<\/li>\n<li>CDB: 225mg\/3ml<\/li>\n<li>Taxa de CBD: 750mg\/10ml<\/li>\n<li>THC: 0%<\/li>\n<li>Nicotina: 0%<\/li>\n<\/ul>\n<p>An\u00e1lise de qualidade: clique <a href=\"https:\/\/iguanasmoke.com\/wp-content\/uploads\/2018\/02\/Analitica-E-Liquid-Iguana-Smoke-Junio-2022.pdf\" target=\"_blank\" rel=\"noopener\">aqui<\/a><\/p>","protected":false},"featured_media":7522,"comment_status":"open","ping_status":"closed","template":"","meta":{"_acf_changed":false,"site-sidebar-layout":"default","site-content-layout":"default","ast-site-content-layout":"default","site-content-style":"default","site-sidebar-style":"default","ast-global-header-display":"","ast-banner-title-visibility":"","ast-main-header-display":"","ast-hfb-above-header-display":"","ast-hfb-below-header-display":"","ast-hfb-mobile-header-display":"","site-post-title":"","ast-breadcrumbs-content":"","ast-featured-img":"","footer-sml-layout":"","theme-transparent-header-meta":"default","adv-header-id-meta":"","stick-header-meta":"","header-above-stick-meta":"","header-main-stick-meta":"","header-below-stick-meta":"","astra-migrate-meta-layouts":"set","ast-page-background-enabled":"default","ast-page-background-meta":{"desktop":{"background-color":"var(--ast-global-color-4)","background-image":"","background-repeat":"repeat","background-position":"center center","background-size":"auto","background-attachment":"scroll","background-type":"","background-media":"","overlay-type":"","overlay-color":"","overlay-opacity":"","overlay-gradient":""},"tablet":{"background-color":"","background-image":"","background-repeat":"repeat","background-position":"center center","background-size":"auto","background-attachment":"scroll","background-type":"","background-media":"","overlay-type":"","overlay-color":"","overlay-opacity":"","overlay-gradient":""},"mobile":{"background-color":"","background-image":"","background-repeat":"repeat","background-position":"center center","background-size":"auto","background-attachment":"scroll","background-type":"","background-media":"","overlay-type":"","overlay-color":"","overlay-opacity":"","overlay-gradient":""}},"ast-content-background-meta":{"desktop":{"background-color":"var(--ast-global-color-5)","background-image":"","background-repeat":"repeat","background-position":"center center","background-size":"auto","background-attachment":"scroll","background-type":"","background-media":"","overlay-type":"","overlay-color":"","overlay-opacity":"","overlay-gradient":""},"tablet":{"background-color":"var(--ast-global-color-5)","background-image":"","background-repeat":"repeat","background-position":"center center","background-size":"auto","background-attachment":"scroll","background-type":"","background-media":"","overlay-type":"","overlay-color":"","overlay-opacity":"","overlay-gradient":""},"mobile":{"background-color":"var(--ast-global-color-5)","background-image":"","background-repeat":"repeat","background-position":"center center","background-size":"auto","background-attachment":"scroll","background-type":"","background-media":"","overlay-type":"","overlay-color":"","overlay-opacity":"","overlay-gradient":""}}},"product_brand":[],"product_cat":[120,121,77],"product_tag":[],"class_list":{"0":"post-7513","1":"product","2":"type-product","3":"status-publish","4":"has-post-thumbnail","6":"product_cat-cbd-isolate","7":"product_cat-pod-cbd-vaper-cbd","8":"product_cat-vape-pocket-cbd","9":"desktop-align-center","10":"tablet-align-left","11":"mobile-align-left","13":"first","14":"instock","15":"taxable","16":"shipping-taxable","17":"purchasable","18":"product-type-simple"},"acf":[],"yoast_head":"<!-- This site is optimized with the Yoast SEO plugin v27.3 - https:\/\/yoast.com\/product\/yoast-seo-wordpress\/ -->\n<title>Vaper CBD - Iguana Pod Pocket Grape 3ml - THE LYF LABS<\/title>\n<meta name=\"description\" content=\"Consigue tu Iguana Pod Pocket Grape en Iguana Smoke. El Iguana Pod tiene 900 caladas y una tasa de 225mg\/3ml de CBD. No contiene THC ni nicotina.\" \/>\n<meta name=\"robots\" content=\"index, follow, max-snippet:-1, max-image-preview:large, max-video-preview:-1\" \/>\n<link rel=\"canonical\" href=\"https:\/\/thelyflabs.com\/pt\/product\/vaper-cbd-iguana-pod-pocket-grape-3ml\/\" \/>\n<meta property=\"og:locale\" content=\"pt_PT\" \/>\n<meta property=\"og:type\" content=\"article\" \/>\n<meta property=\"og:title\" content=\"Vaper CBD - Iguana Pod Pocket Grape 3ml - THE LYF LABS\" \/>\n<meta property=\"og:description\" content=\"Consigue tu Iguana Pod Pocket Grape en Iguana Smoke. El Iguana Pod tiene 900 caladas y una tasa de 225mg\/3ml de CBD. No contiene THC ni nicotina.\" \/>\n<meta property=\"og:url\" content=\"https:\/\/thelyflabs.com\/pt\/product\/vaper-cbd-iguana-pod-pocket-grape-3ml\/\" \/>\n<meta property=\"og:site_name\" content=\"THE LYF LABS\" \/>\n<meta property=\"article:modified_time\" content=\"2025-12-16T12:46:33+00:00\" \/>\n<meta property=\"og:image\" content=\"https:\/\/thelyflabs.com\/wp-content\/uploads\/2024\/07\/caja-y-vape-uva-webp.webp\" \/>\n\t<meta property=\"og:image:width\" content=\"500\" \/>\n\t<meta property=\"og:image:height\" content=\"500\" \/>\n\t<meta property=\"og:image:type\" content=\"image\/webp\" \/>\n<meta name=\"twitter:card\" content=\"summary_large_image\" \/>\n<meta name=\"twitter:label1\" content=\"Tempo estimado de leitura\" \/>\n\t<meta name=\"twitter:data1\" content=\"2 minutos\" \/>\n<script type=\"application\/ld+json\" class=\"yoast-schema-graph\">{\"@context\":\"https:\\\/\\\/schema.org\",\"@graph\":[{\"@type\":\"WebPage\",\"@id\":\"https:\\\/\\\/thelyflabs.com\\\/product\\\/vaper-cbd-iguana-pod-pocket-grape-3ml\",\"url\":\"https:\\\/\\\/thelyflabs.com\\\/product\\\/vaper-cbd-iguana-pod-pocket-grape-3ml\",\"name\":\"Vaper CBD - Iguana Pod Pocket Grape 3ml - THE LYF LABS\",\"isPartOf\":{\"@id\":\"https:\\\/\\\/thelyflabs.com\\\/#website\"},\"primaryImageOfPage\":{\"@id\":\"https:\\\/\\\/thelyflabs.com\\\/product\\\/vaper-cbd-iguana-pod-pocket-grape-3ml#primaryimage\"},\"image\":{\"@id\":\"https:\\\/\\\/thelyflabs.com\\\/product\\\/vaper-cbd-iguana-pod-pocket-grape-3ml#primaryimage\"},\"thumbnailUrl\":\"https:\\\/\\\/thelyflabs.com\\\/wp-content\\\/uploads\\\/2024\\\/07\\\/caja-y-vape-uva-webp.webp\",\"datePublished\":\"2024-07-10T19:07:10+00:00\",\"dateModified\":\"2025-12-16T12:46:33+00:00\",\"description\":\"Consigue tu Iguana Pod Pocket Grape en Iguana Smoke. El Iguana Pod tiene 900 caladas y una tasa de 225mg\\\/3ml de CBD. No contiene THC ni nicotina.\",\"breadcrumb\":{\"@id\":\"https:\\\/\\\/thelyflabs.com\\\/product\\\/vaper-cbd-iguana-pod-pocket-grape-3ml#breadcrumb\"},\"inLanguage\":\"pt-PT\",\"potentialAction\":[{\"@type\":\"ReadAction\",\"target\":[\"https:\\\/\\\/thelyflabs.com\\\/product\\\/vaper-cbd-iguana-pod-pocket-grape-3ml\"]}]},{\"@type\":\"ImageObject\",\"inLanguage\":\"pt-PT\",\"@id\":\"https:\\\/\\\/thelyflabs.com\\\/product\\\/vaper-cbd-iguana-pod-pocket-grape-3ml#primaryimage\",\"url\":\"https:\\\/\\\/thelyflabs.com\\\/wp-content\\\/uploads\\\/2024\\\/07\\\/caja-y-vape-uva-webp.webp\",\"contentUrl\":\"https:\\\/\\\/thelyflabs.com\\\/wp-content\\\/uploads\\\/2024\\\/07\\\/caja-y-vape-uva-webp.webp\",\"width\":500,\"height\":500},{\"@type\":\"BreadcrumbList\",\"@id\":\"https:\\\/\\\/thelyflabs.com\\\/product\\\/vaper-cbd-iguana-pod-pocket-grape-3ml#breadcrumb\",\"itemListElement\":[{\"@type\":\"ListItem\",\"position\":1,\"name\":\"Portada\",\"item\":\"https:\\\/\\\/thelyflabs.com\\\/\"},{\"@type\":\"ListItem\",\"position\":2,\"name\":\"Tienda\",\"item\":\"https:\\\/\\\/thelyflabs.com\\\/tienda\"},{\"@type\":\"ListItem\",\"position\":3,\"name\":\"Vaper CBD &#8211; Iguana Pod Pocket Grape 3ml\"}]},{\"@type\":\"WebSite\",\"@id\":\"https:\\\/\\\/thelyflabs.com\\\/#website\",\"url\":\"https:\\\/\\\/thelyflabs.com\\\/\",\"name\":\"The LYF Labs\",\"description\":\"CBD al por mayor\",\"publisher\":{\"@id\":\"https:\\\/\\\/thelyflabs.com\\\/#organization\"},\"potentialAction\":[{\"@type\":\"SearchAction\",\"target\":{\"@type\":\"EntryPoint\",\"urlTemplate\":\"https:\\\/\\\/thelyflabs.com\\\/?s={search_term_string}\"},\"query-input\":{\"@type\":\"PropertyValueSpecification\",\"valueRequired\":true,\"valueName\":\"search_term_string\"}}],\"inLanguage\":\"pt-PT\"},{\"@type\":\"Organization\",\"@id\":\"https:\\\/\\\/thelyflabs.com\\\/#organization\",\"name\":\"The LYF Labs\",\"url\":\"https:\\\/\\\/thelyflabs.com\\\/\",\"logo\":{\"@type\":\"ImageObject\",\"inLanguage\":\"pt-PT\",\"@id\":\"https:\\\/\\\/thelyflabs.com\\\/#\\\/schema\\\/logo\\\/image\\\/\",\"url\":\"https:\\\/\\\/thelyflabs.com\\\/wp-content\\\/uploads\\\/2023\\\/01\\\/cropped-LogoTheLYFLabs.png\",\"contentUrl\":\"https:\\\/\\\/thelyflabs.com\\\/wp-content\\\/uploads\\\/2023\\\/01\\\/cropped-LogoTheLYFLabs.png\",\"width\":600,\"height\":180,\"caption\":\"The LYF Labs\"},\"image\":{\"@id\":\"https:\\\/\\\/thelyflabs.com\\\/#\\\/schema\\\/logo\\\/image\\\/\"}}]}<\/script>\n<!-- \/ Yoast SEO plugin. -->","yoast_head_json":{"title":"Vaper CBD - Iguana Pod Pocket Grape 3ml - THE LYF LABS","description":"Compre seu Iguana Pod Pocket Grape da Iguana Smoke. O Iguana Pod tem 900 tragadas e 225 mg\/3 ml de CBD. N\u00e3o cont\u00e9m THC nem nicotina.","robots":{"index":"index","follow":"follow","max-snippet":"max-snippet:-1","max-image-preview":"max-image-preview:large","max-video-preview":"max-video-preview:-1"},"canonical":"https:\/\/thelyflabs.com\/pt\/product\/vaper-cbd-iguana-pod-pocket-grape-3ml\/","og_locale":"pt_PT","og_type":"article","og_title":"Vaper CBD - Iguana Pod Pocket Grape 3ml - THE LYF LABS","og_description":"Consigue tu Iguana Pod Pocket Grape en Iguana Smoke. El Iguana Pod tiene 900 caladas y una tasa de 225mg\/3ml de CBD. No contiene THC ni nicotina.","og_url":"https:\/\/thelyflabs.com\/pt\/product\/vaper-cbd-iguana-pod-pocket-grape-3ml\/","og_site_name":"THE LYF LABS","article_modified_time":"2025-12-16T12:46:33+00:00","og_image":[{"width":500,"height":500,"url":"https:\/\/thelyflabs.com\/wp-content\/uploads\/2024\/07\/caja-y-vape-uva-webp.webp","type":"image\/webp"}],"twitter_card":"summary_large_image","twitter_misc":{"Tempo estimado de leitura":"2 minutos"},"schema":{"@context":"https:\/\/schema.org","@graph":[{"@type":"WebPage","@id":"https:\/\/thelyflabs.com\/product\/vaper-cbd-iguana-pod-pocket-grape-3ml","url":"https:\/\/thelyflabs.com\/product\/vaper-cbd-iguana-pod-pocket-grape-3ml","name":"Vaper CBD - Iguana Pod Pocket Grape 3ml - THE LYF LABS","isPartOf":{"@id":"https:\/\/thelyflabs.com\/#website"},"primaryImageOfPage":{"@id":"https:\/\/thelyflabs.com\/product\/vaper-cbd-iguana-pod-pocket-grape-3ml#primaryimage"},"image":{"@id":"https:\/\/thelyflabs.com\/product\/vaper-cbd-iguana-pod-pocket-grape-3ml#primaryimage"},"thumbnailUrl":"https:\/\/thelyflabs.com\/wp-content\/uploads\/2024\/07\/caja-y-vape-uva-webp.webp","datePublished":"2024-07-10T19:07:10+00:00","dateModified":"2025-12-16T12:46:33+00:00","description":"Compre seu Iguana Pod Pocket Grape da Iguana Smoke. O Iguana Pod tem 900 tragadas e 225 mg\/3 ml de CBD. N\u00e3o cont\u00e9m THC nem nicotina.","breadcrumb":{"@id":"https:\/\/thelyflabs.com\/product\/vaper-cbd-iguana-pod-pocket-grape-3ml#breadcrumb"},"inLanguage":"pt-PT","potentialAction":[{"@type":"ReadAction","target":["https:\/\/thelyflabs.com\/product\/vaper-cbd-iguana-pod-pocket-grape-3ml"]}]},{"@type":"ImageObject","inLanguage":"pt-PT","@id":"https:\/\/thelyflabs.com\/product\/vaper-cbd-iguana-pod-pocket-grape-3ml#primaryimage","url":"https:\/\/thelyflabs.com\/wp-content\/uploads\/2024\/07\/caja-y-vape-uva-webp.webp","contentUrl":"https:\/\/thelyflabs.com\/wp-content\/uploads\/2024\/07\/caja-y-vape-uva-webp.webp","width":500,"height":500},{"@type":"BreadcrumbList","@id":"https:\/\/thelyflabs.com\/product\/vaper-cbd-iguana-pod-pocket-grape-3ml#breadcrumb","itemListElement":[{"@type":"ListItem","position":1,"name":"Portada","item":"https:\/\/thelyflabs.com\/"},{"@type":"ListItem","position":2,"name":"Tienda","item":"https:\/\/thelyflabs.com\/tienda"},{"@type":"ListItem","position":3,"name":"Vaper CBD &#8211; Iguana Pod Pocket Grape 3ml"}]},{"@type":"WebSite","@id":"https:\/\/thelyflabs.com\/#website","url":"https:\/\/thelyflabs.com\/","name":"Os Laborat\u00f3rios LYF","description":"CBD atacado","publisher":{"@id":"https:\/\/thelyflabs.com\/#organization"},"potentialAction":[{"@type":"SearchAction","target":{"@type":"EntryPoint","urlTemplate":"https:\/\/thelyflabs.com\/?s={search_term_string}"},"query-input":{"@type":"PropertyValueSpecification","valueRequired":true,"valueName":"search_term_string"}}],"inLanguage":"pt-PT"},{"@type":"Organization","@id":"https:\/\/thelyflabs.com\/#organization","name":"Os Laborat\u00f3rios LYF","url":"https:\/\/thelyflabs.com\/","logo":{"@type":"ImageObject","inLanguage":"pt-PT","@id":"https:\/\/thelyflabs.com\/#\/schema\/logo\/image\/","url":"https:\/\/thelyflabs.com\/wp-content\/uploads\/2023\/01\/cropped-LogoTheLYFLabs.png","contentUrl":"https:\/\/thelyflabs.com\/wp-content\/uploads\/2023\/01\/cropped-LogoTheLYFLabs.png","width":600,"height":180,"caption":"The LYF Labs"},"image":{"@id":"https:\/\/thelyflabs.com\/#\/schema\/logo\/image\/"}}]}},"_links":{"self":[{"href":"https:\/\/thelyflabs.com\/pt\/wp-json\/wp\/v2\/product\/7513","targetHints":{"allow":["GET"]}}],"collection":[{"href":"https:\/\/thelyflabs.com\/pt\/wp-json\/wp\/v2\/product"}],"about":[{"href":"https:\/\/thelyflabs.com\/pt\/wp-json\/wp\/v2\/types\/product"}],"replies":[{"embeddable":true,"href":"https:\/\/thelyflabs.com\/pt\/wp-json\/wp\/v2\/comments?post=7513"}],"wp:featuredmedia":[{"embeddable":true,"href":"https:\/\/thelyflabs.com\/pt\/wp-json\/wp\/v2\/media\/7522"}],"wp:attachment":[{"href":"https:\/\/thelyflabs.com\/pt\/wp-json\/wp\/v2\/media?parent=7513"}],"wp:term":[{"taxonomy":"product_brand","embeddable":true,"href":"https:\/\/thelyflabs.com\/pt\/wp-json\/wp\/v2\/product_brand?post=7513"},{"taxonomy":"product_cat","embeddable":true,"href":"https:\/\/thelyflabs.com\/pt\/wp-json\/wp\/v2\/product_cat?post=7513"},{"taxonomy":"product_tag","embeddable":true,"href":"https:\/\/thelyflabs.com\/pt\/wp-json\/wp\/v2\/product_tag?post=7513"}],"curies":[{"name":"wp","href":"https:\/\/api.w.org\/{rel}","templated":true}]}}