{"id":7681,"date":"2024-07-22T22:50:47","date_gmt":"2024-07-22T20:50:47","guid":{"rendered":"https:\/\/thelyflabs.com\/?post_type=product&#038;p=7681"},"modified":"2026-04-21T14:35:49","modified_gmt":"2026-04-21T12:35:49","slug":"pack-vaper-pocket-cbd-x-30-unidades","status":"publish","type":"product","link":"https:\/\/thelyflabs.com\/pt\/product\/pack-vaper-pocket-cbd-x-30-unidades","title":{"rendered":"Pacote Vaper Pocket CBD x 30 Unidades"},"content":{"rendered":"<h1><strong>Pacote de 30 CBD Pocket Vapers \u2013 THE LYF LABS<\/strong><\/h1>\n<p>Explora la experiencia \u00fanica de los vapeadores de CBD de THE LYF LABS con nuestro exclusivo<strong> pack 30 Vaper CBD Pocket<\/strong>, dise\u00f1ado para ofrecerte una variedad de sabores deliciosos en un formato compacto y port\u00e1til. Este pack te permite elegir 6 sabores diferentes entre nuestras exquisitas opciones, brind\u00e1ndote una experiencia de vapeo refrescante y placentera.<\/p>\n<p>&nbsp;<\/p>\n<h2><strong>Sabores Disponibles en tu pack 30 Vaper CBD Pocket:<\/strong><\/h2>\n<ol>\n<li><strong>Mel\u00e3o Menta<\/strong>: Uma combina\u00e7\u00e3o revitalizante de mel\u00e3o doce com um toque de menta fresca, perfeita para um vapor refrescante.<\/li>\n<li><strong>Uva<\/strong>: O sabor suculento e vibrante das uvas rec\u00e9m colhidas, ideal para um momento de prazer frutado.<\/li>\n<li><strong>Melancia<\/strong>: Aproveite o sabor do ver\u00e3o da melancia em cada folhada, doce e refrescante.<\/li>\n<li><strong>Sorvete<\/strong>: A suavidade cremosa do gelato italiano com um toque de do\u00e7ura, uma del\u00edcia para os sentidos.<\/li>\n<li><strong>Bagas Vermelhas<\/strong>: Uma mistura explosiva de frutas vermelhas que ir\u00e1 surpreender pela sua intensidade e sabor aut\u00eantico.<\/li>\n<li><strong>manga<\/strong>: O sabor tropical e suculento da manga madura, que a cada tragada ir\u00e1 transport\u00e1-lo para uma praia paradis\u00edaca.<\/li>\n<li><strong>Gelo de frutas vermelhas<\/strong>: Uma refrescante mistura de frutos silvestres com um toque de frescura gelada, ideal para qualquer hora do dia.<\/li>\n<li><strong>Cola Gorila<\/strong>: Um sabor \u00fanico e terroso com notas de pinho, perfeito para quem procura algo diferente e sofisticado.<\/li>\n<\/ol>\n<p>&nbsp;<\/p>\n<h2><strong>Caracter\u00edsticas del pack 30 Vaper CBD Pocket<\/strong>:<\/h2>\n<ul>\n<li>Cada vape cont\u00e9m 3ml de l\u00edquido CBD.<\/li>\n<li>Tamanho de bolso para levar para qualquer lugar.<\/li>\n<li>F\u00e1cil de usar e descart\u00e1vel.<\/li>\n<li>Qualidade premium do THE LYF LABS.<\/li>\n<\/ul>\n<p>Escolha seus sabores favoritos e desfrute de uma experi\u00eancia de vaporiza\u00e7\u00e3o personalizada com nosso pacote de 30 vaporizadores CBD. Adquira o seu e descubra o prazer do CBD em cada tragada!<\/p>\n<p>&nbsp;<\/p>\n<h2><strong>Por que escolher os Laborat\u00f3rios LYF?<\/strong><\/h2>\n<p>O LYF Labs \u00e9 uma marca renomada na ind\u00fastria de CBD. Cada produto \u00e9 apoiado por anos de pesquisa e desenvolvimento e passa por rigorosos testes de qualidade para garantir a satisfa\u00e7\u00e3o do cliente. Ao escolher o The LYF Labs, voc\u00ea est\u00e1 escolhendo qualidade, confiabilidade e efic\u00e1cia.<\/p>\n<p>No te pierdas la oportunidad de experimentar la armon\u00eda que el CBD puede traer a tu vida. Adem\u00e1s, con el <strong> pack 30 Vaper CBD Pocket<\/strong>, puedes llevar la relajaci\u00f3n contigo donde quiera que vayas. As\u00ed que, \u00a1ord\u00e9nalo hoy y descubre por qu\u00e9 tantas personas eligen The LYF Labs para su bienestar!<\/p>\n<p>&nbsp;<\/p>\n<h6>\u2139\ufe0f<strong> Informa\u00e7\u00f5es legais<\/strong><\/h6>\n<p><em><span style=\"font-weight: 400\">*Producto destinado a coleccionismo o aromaterapia, conforme a la legislaci\u00f3n espa\u00f1ola vigente. <\/span><\/em><\/p>\n<p><em><span style=\"font-weight: 400\">**Derivados del c\u00e1\u00f1amo industrial certificado. Contiene menos del 0,3 THC y no incluye cannabinoides ilegales como HHC, HHC-P, THCP, THCP-O, H4CBD ni sustancias recogidas en el Anexo I del Real Decreto 2829\/1977, as\u00ed como tampoco contiene sustancias fiscalizadas por convenios internacionales.<\/span><\/em><\/p>","protected":false},"excerpt":{"rendered":"<p>Economia de 20% no seu pacote Iguana Smoke CBD Vape!<\/p>\n<p>Elige tus<strong> vaper pod pockets<\/strong> de entre estos sabores (en total 6 sabores)<\/p>\n<ul>\n<li><strong>Melon Mint, <\/strong><strong>Grape, <\/strong><strong>Watermelon, <\/strong><strong>Gelato, <\/strong><strong>Red Berries, <\/strong><strong>Mango, <\/strong><strong>Berry Ice y <\/strong><strong>Gorilla Glue.<\/strong><\/li>\n<\/ul>\n<ul>\n<li><span style=\"font-weight: 400\">Dimens\u00f5es: <strong>65,5 x 35 x 12 mm<\/strong> (alto x ancho x profundo) <\/span><\/li>\n<li><span style=\"font-weight: 400\">Bater\u00eda: <strong>550 mAh <\/strong><\/span><\/li>\n<li><span style=\"font-weight: 400\">Habilidade: <strong>3ml <\/strong><\/span><\/li>\n<li><span style=\"font-weight: 400\">Sopros: <strong>hasta 900 <\/strong><\/span><\/li>\n<li><span style=\"font-weight: 400\">CDB: <strong>225\/3ml<\/strong><\/span><\/li>\n<li>CBD tasa: <strong>750mg\/10ml<\/strong><\/li>\n<li><span style=\"font-weight: 400\">THC: <strong>0% <\/strong><\/span><\/li>\n<li><span style=\"font-weight: 400\">Nicotina: <strong>0%\u00a0<\/strong>\u00a0<\/span><\/li>\n<\/ul>\n<p><span style=\"font-weight: 400\">Adem\u00e1s, si quieres puedes consultar<strong> <a href=\"https:\/\/iguanasmoke.com\/analiticas\/\">An\u00e1lise laboratorial.<\/a><\/strong><\/span><\/p>","protected":false},"featured_media":7678,"comment_status":"open","ping_status":"closed","template":"","meta":{"_acf_changed":false,"site-sidebar-layout":"default","site-content-layout":"","ast-site-content-layout":"default","site-content-style":"default","site-sidebar-style":"default","ast-global-header-display":"","ast-banner-title-visibility":"","ast-main-header-display":"","ast-hfb-above-header-display":"","ast-hfb-below-header-display":"","ast-hfb-mobile-header-display":"","site-post-title":"","ast-breadcrumbs-content":"","ast-featured-img":"","footer-sml-layout":"","theme-transparent-header-meta":"default","adv-header-id-meta":"","stick-header-meta":"","header-above-stick-meta":"","header-main-stick-meta":"","header-below-stick-meta":"","astra-migrate-meta-layouts":"set","ast-page-background-enabled":"default","ast-page-background-meta":{"desktop":{"background-color":"var(--ast-global-color-4)","background-image":"","background-repeat":"repeat","background-position":"center center","background-size":"auto","background-attachment":"scroll","background-type":"","background-media":"","overlay-type":"","overlay-color":"","overlay-opacity":"","overlay-gradient":""},"tablet":{"background-color":"","background-image":"","background-repeat":"repeat","background-position":"center center","background-size":"auto","background-attachment":"scroll","background-type":"","background-media":"","overlay-type":"","overlay-color":"","overlay-opacity":"","overlay-gradient":""},"mobile":{"background-color":"","background-image":"","background-repeat":"repeat","background-position":"center center","background-size":"auto","background-attachment":"scroll","background-type":"","background-media":"","overlay-type":"","overlay-color":"","overlay-opacity":"","overlay-gradient":""}},"ast-content-background-meta":{"desktop":{"background-color":"var(--ast-global-color-5)","background-image":"","background-repeat":"repeat","background-position":"center center","background-size":"auto","background-attachment":"scroll","background-type":"","background-media":"","overlay-type":"","overlay-color":"","overlay-opacity":"","overlay-gradient":""},"tablet":{"background-color":"var(--ast-global-color-5)","background-image":"","background-repeat":"repeat","background-position":"center center","background-size":"auto","background-attachment":"scroll","background-type":"","background-media":"","overlay-type":"","overlay-color":"","overlay-opacity":"","overlay-gradient":""},"mobile":{"background-color":"var(--ast-global-color-5)","background-image":"","background-repeat":"repeat","background-position":"center center","background-size":"auto","background-attachment":"scroll","background-type":"","background-media":"","overlay-type":"","overlay-color":"","overlay-opacity":"","overlay-gradient":""}}},"product_brand":[],"product_cat":[80,120,40,108,102,23,76,77,82],"product_tag":[],"class_list":{"0":"post-7681","1":"product","2":"type-product","3":"status-publish","4":"has-post-thumbnail","6":"product_cat-broad-spectrum-cbd","7":"product_cat-cbd-isolate","8":"product_cat-iguanasmoke","9":"product_cat-novedades","10":"product_cat-packs-y-ofertas","11":"product_cat-pod-cbd","12":"product_cat-vaper-cbd","13":"product_cat-vape-pocket-cbd","14":"product_cat-vape-cbd-pocket-iguana-smoke","15":"desktop-align-center","16":"tablet-align-left","17":"mobile-align-left","19":"first","20":"instock","21":"sale","22":"taxable","23":"shipping-taxable","24":"purchasable","25":"product-type-composite"},"acf":[],"yoast_head":"<!-- This site is optimized with the Yoast SEO plugin v27.4 - https:\/\/yoast.com\/product\/yoast-seo-wordpress\/ -->\n<title>Pack 30 Vaper CBD Pocket - THE LYF LABS<\/title>\n<meta name=\"description\" content=\"Disfruta ahora de tus pockets cbd favoritos con este pack 30 Vaper CBD Pocket, donde podr\u00e1s elegir hasta 6 sabores con 900 caladas, sin THC ni nicotina.\" \/>\n<meta name=\"robots\" content=\"index, follow, max-snippet:-1, max-image-preview:large, max-video-preview:-1\" \/>\n<link rel=\"canonical\" href=\"https:\/\/thelyflabs.com\/pt\/product\/pack-vaper-pocket-cbd-x-30-unidades\/\" \/>\n<meta property=\"og:locale\" content=\"pt_PT\" \/>\n<meta property=\"og:type\" content=\"article\" \/>\n<meta property=\"og:title\" content=\"Pack 30 Vaper CBD Pocket - THE LYF LABS\" \/>\n<meta property=\"og:description\" content=\"Disfruta ahora de tus pockets cbd favoritos con este pack 30 Vaper CBD Pocket, donde podr\u00e1s elegir hasta 6 sabores con 900 caladas, sin THC ni nicotina.\" \/>\n<meta property=\"og:url\" content=\"https:\/\/thelyflabs.com\/pt\/product\/pack-vaper-pocket-cbd-x-30-unidades\/\" \/>\n<meta property=\"og:site_name\" content=\"THE LYF LABS\" \/>\n<meta property=\"article:modified_time\" content=\"2026-04-21T12:35:49+00:00\" \/>\n<meta property=\"og:image\" content=\"https:\/\/thelyflabs.com\/wp-content\/uploads\/2024\/07\/Pack-CBD-Pocket-30u.webp\" \/>\n\t<meta property=\"og:image:width\" content=\"1000\" \/>\n\t<meta property=\"og:image:height\" content=\"1000\" \/>\n\t<meta property=\"og:image:type\" content=\"image\/webp\" \/>\n<meta name=\"twitter:card\" content=\"summary_large_image\" \/>\n<meta name=\"twitter:label1\" content=\"Tempo estimado de leitura\" \/>\n\t<meta name=\"twitter:data1\" content=\"3 minutos\" \/>\n<script type=\"application\/ld+json\" class=\"yoast-schema-graph\">{\"@context\":\"https:\\\/\\\/schema.org\",\"@graph\":[{\"@type\":\"WebPage\",\"@id\":\"https:\\\/\\\/thelyflabs.com\\\/product\\\/pack-vaper-pocket-cbd-x-30-unidades\",\"url\":\"https:\\\/\\\/thelyflabs.com\\\/product\\\/pack-vaper-pocket-cbd-x-30-unidades\",\"name\":\"Pack 30 Vaper CBD Pocket - THE LYF LABS\",\"isPartOf\":{\"@id\":\"https:\\\/\\\/thelyflabs.com\\\/#website\"},\"primaryImageOfPage\":{\"@id\":\"https:\\\/\\\/thelyflabs.com\\\/product\\\/pack-vaper-pocket-cbd-x-30-unidades#primaryimage\"},\"image\":{\"@id\":\"https:\\\/\\\/thelyflabs.com\\\/product\\\/pack-vaper-pocket-cbd-x-30-unidades#primaryimage\"},\"thumbnailUrl\":\"https:\\\/\\\/thelyflabs.com\\\/wp-content\\\/uploads\\\/2024\\\/07\\\/Pack-CBD-Pocket-30u.webp\",\"datePublished\":\"2024-07-22T20:50:47+00:00\",\"dateModified\":\"2026-04-21T12:35:49+00:00\",\"description\":\"Disfruta ahora de tus pockets cbd favoritos con este pack 30 Vaper CBD Pocket, donde podr\u00e1s elegir hasta 6 sabores con 900 caladas, sin THC ni nicotina.\",\"breadcrumb\":{\"@id\":\"https:\\\/\\\/thelyflabs.com\\\/product\\\/pack-vaper-pocket-cbd-x-30-unidades#breadcrumb\"},\"inLanguage\":\"pt-PT\",\"potentialAction\":[{\"@type\":\"ReadAction\",\"target\":[\"https:\\\/\\\/thelyflabs.com\\\/product\\\/pack-vaper-pocket-cbd-x-30-unidades\"]}]},{\"@type\":\"ImageObject\",\"inLanguage\":\"pt-PT\",\"@id\":\"https:\\\/\\\/thelyflabs.com\\\/product\\\/pack-vaper-pocket-cbd-x-30-unidades#primaryimage\",\"url\":\"https:\\\/\\\/thelyflabs.com\\\/wp-content\\\/uploads\\\/2024\\\/07\\\/Pack-CBD-Pocket-30u.webp\",\"contentUrl\":\"https:\\\/\\\/thelyflabs.com\\\/wp-content\\\/uploads\\\/2024\\\/07\\\/Pack-CBD-Pocket-30u.webp\",\"width\":1000,\"height\":1000,\"caption\":\"pack 30 Vaper CBD Pocket\"},{\"@type\":\"BreadcrumbList\",\"@id\":\"https:\\\/\\\/thelyflabs.com\\\/product\\\/pack-vaper-pocket-cbd-x-30-unidades#breadcrumb\",\"itemListElement\":[{\"@type\":\"ListItem\",\"position\":1,\"name\":\"Portada\",\"item\":\"https:\\\/\\\/thelyflabs.com\\\/\"},{\"@type\":\"ListItem\",\"position\":2,\"name\":\"Tienda\",\"item\":\"https:\\\/\\\/thelyflabs.com\\\/tienda\"},{\"@type\":\"ListItem\",\"position\":3,\"name\":\"Pack Vaper Pocket CBD x 30 Unidades\"}]},{\"@type\":\"WebSite\",\"@id\":\"https:\\\/\\\/thelyflabs.com\\\/#website\",\"url\":\"https:\\\/\\\/thelyflabs.com\\\/\",\"name\":\"The LYF Labs\",\"description\":\"CBD al por mayor\",\"publisher\":{\"@id\":\"https:\\\/\\\/thelyflabs.com\\\/#organization\"},\"potentialAction\":[{\"@type\":\"SearchAction\",\"target\":{\"@type\":\"EntryPoint\",\"urlTemplate\":\"https:\\\/\\\/thelyflabs.com\\\/?s={search_term_string}\"},\"query-input\":{\"@type\":\"PropertyValueSpecification\",\"valueRequired\":true,\"valueName\":\"search_term_string\"}}],\"inLanguage\":\"pt-PT\"},{\"@type\":\"Organization\",\"@id\":\"https:\\\/\\\/thelyflabs.com\\\/#organization\",\"name\":\"The LYF Labs\",\"url\":\"https:\\\/\\\/thelyflabs.com\\\/\",\"logo\":{\"@type\":\"ImageObject\",\"inLanguage\":\"pt-PT\",\"@id\":\"https:\\\/\\\/thelyflabs.com\\\/#\\\/schema\\\/logo\\\/image\\\/\",\"url\":\"https:\\\/\\\/thelyflabs.com\\\/wp-content\\\/uploads\\\/2023\\\/01\\\/cropped-LogoTheLYFLabs.png\",\"contentUrl\":\"https:\\\/\\\/thelyflabs.com\\\/wp-content\\\/uploads\\\/2023\\\/01\\\/cropped-LogoTheLYFLabs.png\",\"width\":600,\"height\":180,\"caption\":\"The LYF Labs\"},\"image\":{\"@id\":\"https:\\\/\\\/thelyflabs.com\\\/#\\\/schema\\\/logo\\\/image\\\/\"}}]}<\/script>\n<!-- \/ Yoast SEO plugin. -->","yoast_head_json":{"title":"Pack 30 Vaper CBD Pocket - THE LYF LABS","description":"Disfruta ahora de tus pockets cbd favoritos con este pack 30 Vaper CBD Pocket, donde podr\u00e1s elegir hasta 6 sabores con 900 caladas, sin THC ni nicotina.","robots":{"index":"index","follow":"follow","max-snippet":"max-snippet:-1","max-image-preview":"max-image-preview:large","max-video-preview":"max-video-preview:-1"},"canonical":"https:\/\/thelyflabs.com\/pt\/product\/pack-vaper-pocket-cbd-x-30-unidades\/","og_locale":"pt_PT","og_type":"article","og_title":"Pack 30 Vaper CBD Pocket - THE LYF LABS","og_description":"Disfruta ahora de tus pockets cbd favoritos con este pack 30 Vaper CBD Pocket, donde podr\u00e1s elegir hasta 6 sabores con 900 caladas, sin THC ni nicotina.","og_url":"https:\/\/thelyflabs.com\/pt\/product\/pack-vaper-pocket-cbd-x-30-unidades\/","og_site_name":"THE LYF LABS","article_modified_time":"2026-04-21T12:35:49+00:00","og_image":[{"width":1000,"height":1000,"url":"https:\/\/thelyflabs.com\/wp-content\/uploads\/2024\/07\/Pack-CBD-Pocket-30u.webp","type":"image\/webp"}],"twitter_card":"summary_large_image","twitter_misc":{"Tempo estimado de leitura":"3 minutos"},"schema":{"@context":"https:\/\/schema.org","@graph":[{"@type":"WebPage","@id":"https:\/\/thelyflabs.com\/product\/pack-vaper-pocket-cbd-x-30-unidades","url":"https:\/\/thelyflabs.com\/product\/pack-vaper-pocket-cbd-x-30-unidades","name":"Pack 30 Vaper CBD Pocket - THE LYF LABS","isPartOf":{"@id":"https:\/\/thelyflabs.com\/#website"},"primaryImageOfPage":{"@id":"https:\/\/thelyflabs.com\/product\/pack-vaper-pocket-cbd-x-30-unidades#primaryimage"},"image":{"@id":"https:\/\/thelyflabs.com\/product\/pack-vaper-pocket-cbd-x-30-unidades#primaryimage"},"thumbnailUrl":"https:\/\/thelyflabs.com\/wp-content\/uploads\/2024\/07\/Pack-CBD-Pocket-30u.webp","datePublished":"2024-07-22T20:50:47+00:00","dateModified":"2026-04-21T12:35:49+00:00","description":"Disfruta ahora de tus pockets cbd favoritos con este pack 30 Vaper CBD Pocket, donde podr\u00e1s elegir hasta 6 sabores con 900 caladas, sin THC ni nicotina.","breadcrumb":{"@id":"https:\/\/thelyflabs.com\/product\/pack-vaper-pocket-cbd-x-30-unidades#breadcrumb"},"inLanguage":"pt-PT","potentialAction":[{"@type":"ReadAction","target":["https:\/\/thelyflabs.com\/product\/pack-vaper-pocket-cbd-x-30-unidades"]}]},{"@type":"ImageObject","inLanguage":"pt-PT","@id":"https:\/\/thelyflabs.com\/product\/pack-vaper-pocket-cbd-x-30-unidades#primaryimage","url":"https:\/\/thelyflabs.com\/wp-content\/uploads\/2024\/07\/Pack-CBD-Pocket-30u.webp","contentUrl":"https:\/\/thelyflabs.com\/wp-content\/uploads\/2024\/07\/Pack-CBD-Pocket-30u.webp","width":1000,"height":1000,"caption":"pack 30 Vaper CBD Pocket"},{"@type":"BreadcrumbList","@id":"https:\/\/thelyflabs.com\/product\/pack-vaper-pocket-cbd-x-30-unidades#breadcrumb","itemListElement":[{"@type":"ListItem","position":1,"name":"Portada","item":"https:\/\/thelyflabs.com\/"},{"@type":"ListItem","position":2,"name":"Tienda","item":"https:\/\/thelyflabs.com\/tienda"},{"@type":"ListItem","position":3,"name":"Pack Vaper Pocket CBD x 30 Unidades"}]},{"@type":"WebSite","@id":"https:\/\/thelyflabs.com\/#website","url":"https:\/\/thelyflabs.com\/","name":"Os Laborat\u00f3rios LYF","description":"CBD atacado","publisher":{"@id":"https:\/\/thelyflabs.com\/#organization"},"potentialAction":[{"@type":"SearchAction","target":{"@type":"EntryPoint","urlTemplate":"https:\/\/thelyflabs.com\/?s={search_term_string}"},"query-input":{"@type":"PropertyValueSpecification","valueRequired":true,"valueName":"search_term_string"}}],"inLanguage":"pt-PT"},{"@type":"Organization","@id":"https:\/\/thelyflabs.com\/#organization","name":"Os Laborat\u00f3rios LYF","url":"https:\/\/thelyflabs.com\/","logo":{"@type":"ImageObject","inLanguage":"pt-PT","@id":"https:\/\/thelyflabs.com\/#\/schema\/logo\/image\/","url":"https:\/\/thelyflabs.com\/wp-content\/uploads\/2023\/01\/cropped-LogoTheLYFLabs.png","contentUrl":"https:\/\/thelyflabs.com\/wp-content\/uploads\/2023\/01\/cropped-LogoTheLYFLabs.png","width":600,"height":180,"caption":"The LYF Labs"},"image":{"@id":"https:\/\/thelyflabs.com\/#\/schema\/logo\/image\/"}}]}},"_links":{"self":[{"href":"https:\/\/thelyflabs.com\/pt\/wp-json\/wp\/v2\/product\/7681","targetHints":{"allow":["GET"]}}],"collection":[{"href":"https:\/\/thelyflabs.com\/pt\/wp-json\/wp\/v2\/product"}],"about":[{"href":"https:\/\/thelyflabs.com\/pt\/wp-json\/wp\/v2\/types\/product"}],"replies":[{"embeddable":true,"href":"https:\/\/thelyflabs.com\/pt\/wp-json\/wp\/v2\/comments?post=7681"}],"wp:featuredmedia":[{"embeddable":true,"href":"https:\/\/thelyflabs.com\/pt\/wp-json\/wp\/v2\/media\/7678"}],"wp:attachment":[{"href":"https:\/\/thelyflabs.com\/pt\/wp-json\/wp\/v2\/media?parent=7681"}],"wp:term":[{"taxonomy":"product_brand","embeddable":true,"href":"https:\/\/thelyflabs.com\/pt\/wp-json\/wp\/v2\/product_brand?post=7681"},{"taxonomy":"product_cat","embeddable":true,"href":"https:\/\/thelyflabs.com\/pt\/wp-json\/wp\/v2\/product_cat?post=7681"},{"taxonomy":"product_tag","embeddable":true,"href":"https:\/\/thelyflabs.com\/pt\/wp-json\/wp\/v2\/product_tag?post=7681"}],"curies":[{"name":"wp","href":"https:\/\/api.w.org\/{rel}","templated":true}]}}