{"id":790,"date":"2023-02-10T13:57:28","date_gmt":"2023-02-10T13:57:28","guid":{"rendered":"https:\/\/thelyflabs.com\/?post_type=product&#038;p=790"},"modified":"2023-06-22T06:40:55","modified_gmt":"2023-06-22T06:40:55","slug":"aceite-de-cbd-isolate-30ml-5-cbd","status":"publish","type":"product","link":"https:\/\/thelyflabs.com\/pt\/product\/aceite-de-cbd-isolate-30ml-5-cbd","title":{"rendered":"\u00d3leo Isolado CBD 30ml 5% CBD"},"content":{"rendered":"<p><span style=\"font-weight: 400;\">Nossos \u00f3leos LYF CBD Isolate n\u00e3o cont\u00eam THC, desenvolvido para aquelas pessoas que n\u00e3o desejam consumir o componente psicoativo da planta.\u00a0<\/span><\/p>\n<p><span style=\"font-weight: 400;\">No The LYF Labs cultivamos as nossas pr\u00f3prias plantas de c\u00e2nhamo org\u00e2nico de forma sustent\u00e1vel e sem quaisquer aditivos qu\u00edmicos ou OGM.\u00a0<\/span><\/p>\n<p><span style=\"font-weight: 400;\">As suas propriedades medicinais tornam-no numa alternativa perfeita aos analg\u00e9sicos farmac\u00eauticos, pois ajuda a combater a dor cr\u00f3nica e a ansiedade, regula o sono, tem propriedades antioxidantes e pode ajudar a reduzir a press\u00e3o arterial, entre muitos outros benef\u00edcios para o nosso corpo. Seu uso t\u00f3pico \u00e9 recomendado para tratar doen\u00e7as de pele como erup\u00e7\u00f5es cut\u00e2neas, acne, psor\u00edase, escoria\u00e7\u00f5es, dermatite at\u00f3pica, doen\u00e7as inflamat\u00f3rias e outros tipos de problemas de pele. Se quiser saber mais sobre os benef\u00edcios do CBD, convidamo-lo a visitar o nosso Blog.<\/span><\/p>","protected":false},"excerpt":{"rendered":"<p><b>\u00d3LEO ISOLADO LYF CBD 5% 15ml<\/b><\/p>\n<ul>\n<li style=\"font-weight: 400;\" aria-level=\"1\"><span style=\"font-weight: 400;\">\u00d3leo CBD Puro Premium 5% 15 ml<\/span><\/li>\n<li style=\"font-weight: 400;\" aria-level=\"1\"><span style=\"font-weight: 400;\">Cont\u00e9m 750mg de extrato de CBD dilu\u00eddo em \u00f3leo de semente de c\u00e2nhamo org\u00e2nico<\/span><\/li>\n<li style=\"font-weight: 400;\" aria-level=\"1\"><span style=\"font-weight: 400;\">Ingredientes naturais 100%, veganos, n\u00e3o transg\u00eanicos e ecologicamente corretos<\/span><\/li>\n<li style=\"font-weight: 400;\" aria-level=\"1\"><span style=\"font-weight: 400;\">Feito na Espanha<\/span><\/li>\n<li style=\"font-weight: 400;\" aria-level=\"1\"><span style=\"font-weight: 400;\">N\u00e3o cont\u00e9m THC<\/span><\/li>\n<\/ul>\n<p><span style=\"font-weight: 400;\">Nosso \u00f3leo isolado LYF CBD em 5% foi projetado para aquelas pessoas que desejam entrar no mundo do CBD com um produto de alta qualidade, eficaz, confi\u00e1vel, seguro, 100% legal e livre de THC.<\/span><\/p>\n<p><span style=\"font-weight: 400;\">Os \u00f3leos LYF CBD s\u00e3o extra\u00eddos e filtrados nos nossos laborat\u00f3rios sob rigorosos controlos de qualidade, o que garante que mant\u00eam todas as propriedades ben\u00e9ficas da planta. Nosso objetivo \u00e9 alcan\u00e7ar a m\u00e1xima pureza em nossos produtos; respeitando o meio ambiente e proporcionando a mais alta qualidade aos nossos clientes.\u00a0<\/span><\/p>","protected":false},"featured_media":794,"comment_status":"open","ping_status":"closed","template":"","meta":{"_acf_changed":false,"site-sidebar-layout":"default","site-content-layout":"default","ast-site-content-layout":"default","site-content-style":"default","site-sidebar-style":"default","ast-global-header-display":"","ast-banner-title-visibility":"","ast-main-header-display":"","ast-hfb-above-header-display":"","ast-hfb-below-header-display":"","ast-hfb-mobile-header-display":"","site-post-title":"","ast-breadcrumbs-content":"","ast-featured-img":"","footer-sml-layout":"","theme-transparent-header-meta":"default","adv-header-id-meta":"","stick-header-meta":"","header-above-stick-meta":"","header-main-stick-meta":"","header-below-stick-meta":"","astra-migrate-meta-layouts":"default","ast-page-background-enabled":"default","ast-page-background-meta":{"desktop":{"background-color":"var(--ast-global-color-4)","background-image":"","background-repeat":"repeat","background-position":"center center","background-size":"auto","background-attachment":"scroll","background-type":"","background-media":"","overlay-type":"","overlay-color":"","overlay-opacity":"","overlay-gradient":""},"tablet":{"background-color":"","background-image":"","background-repeat":"repeat","background-position":"center center","background-size":"auto","background-attachment":"scroll","background-type":"","background-media":"","overlay-type":"","overlay-color":"","overlay-opacity":"","overlay-gradient":""},"mobile":{"background-color":"","background-image":"","background-repeat":"repeat","background-position":"center center","background-size":"auto","background-attachment":"scroll","background-type":"","background-media":"","overlay-type":"","overlay-color":"","overlay-opacity":"","overlay-gradient":""}},"ast-content-background-meta":{"desktop":{"background-color":"var(--ast-global-color-5)","background-image":"","background-repeat":"repeat","background-position":"center center","background-size":"auto","background-attachment":"scroll","background-type":"","background-media":"","overlay-type":"","overlay-color":"","overlay-opacity":"","overlay-gradient":""},"tablet":{"background-color":"var(--ast-global-color-5)","background-image":"","background-repeat":"repeat","background-position":"center center","background-size":"auto","background-attachment":"scroll","background-type":"","background-media":"","overlay-type":"","overlay-color":"","overlay-opacity":"","overlay-gradient":""},"mobile":{"background-color":"var(--ast-global-color-5)","background-image":"","background-repeat":"repeat","background-position":"center center","background-size":"auto","background-attachment":"scroll","background-type":"","background-media":"","overlay-type":"","overlay-color":"","overlay-opacity":"","overlay-gradient":""}}},"product_brand":[],"product_cat":[25,44],"product_tag":[],"class_list":{"0":"post-790","1":"product","2":"type-product","3":"status-publish","4":"has-post-thumbnail","6":"product_cat-aceite-de-cbd","7":"product_cat-lyf","8":"desktop-align-center","9":"tablet-align-left","10":"mobile-align-left","12":"first","13":"instock","14":"taxable","15":"shipping-taxable","16":"purchasable","17":"product-type-simple"},"acf":[],"yoast_head":"<!-- This site is optimized with the Yoast SEO plugin v27.4 - https:\/\/yoast.com\/product\/yoast-seo-wordpress\/ -->\n<title>Aceite de CBD Isolate 30ml 5% CBD - THE LYF LABS<\/title>\n<meta name=\"robots\" content=\"index, follow, max-snippet:-1, max-image-preview:large, max-video-preview:-1\" \/>\n<link rel=\"canonical\" href=\"https:\/\/thelyflabs.com\/pt\/product\/aceite-de-cbd-isolate-30ml-5-cbd\/\" \/>\n<meta property=\"og:locale\" content=\"pt_PT\" \/>\n<meta property=\"og:type\" content=\"article\" \/>\n<meta property=\"og:title\" content=\"Aceite de CBD Isolate 30ml 5% CBD - THE LYF LABS\" \/>\n<meta property=\"og:description\" content=\"ACEITE LYF CBD ISOLATE 5% 15ml   Aceite puro de CBD premium al 5% de 15 ml  Contiene 750mg de extracto de CBD diluido en aceite de semillas de c\u00e1\u00f1amo ecol\u00f3gico  Ingredientes 100% naturales, vegano, sin GMO y respetuoso con el medio ambiente  Fabricado en Espa\u00f1a  No contiene THC  Nuestro aceite LYF CDB Isolate al 5% est\u00e1 pensado para aquellas personas que quieren introducirse en el mundo del CBD con un producto de primera calidad, eficaz, confiable, seguro, 100% legal y libre de THC.  Los aceites LYF de CBD son extra\u00eddos y filtrados en nuestros laboratorios bajo estrictos controles de calidad, lo que garantiza que mantienen todas las propiedades beneficiosas de la planta. Nuestro objetivo es conseguir la m\u00e1xima pureza en nuestros productos; respetando el medio ambiente y proporcionando la mayor calidad a nuestros clientes.\u00a0\" \/>\n<meta property=\"og:url\" content=\"https:\/\/thelyflabs.com\/pt\/product\/aceite-de-cbd-isolate-30ml-5-cbd\/\" \/>\n<meta property=\"og:site_name\" content=\"THE LYF LABS\" \/>\n<meta property=\"article:modified_time\" content=\"2023-06-22T06:40:55+00:00\" \/>\n<meta property=\"og:image\" content=\"https:\/\/thelyflabs.com\/wp-content\/uploads\/2023\/02\/30ml-5\ufffd-iso-gotero.jpg\" \/>\n\t<meta property=\"og:image:width\" content=\"1500\" \/>\n\t<meta property=\"og:image:height\" content=\"1500\" \/>\n\t<meta property=\"og:image:type\" content=\"image\/jpeg\" \/>\n<meta name=\"twitter:card\" content=\"summary_large_image\" \/>\n<meta name=\"twitter:label1\" content=\"Tempo estimado de leitura\" \/>\n\t<meta name=\"twitter:data1\" content=\"1 minuto\" \/>\n<script type=\"application\/ld+json\" class=\"yoast-schema-graph\">{\"@context\":\"https:\\\/\\\/schema.org\",\"@graph\":[{\"@type\":\"WebPage\",\"@id\":\"https:\\\/\\\/thelyflabs.com\\\/product\\\/aceite-de-cbd-isolate-30ml-5-cbd\",\"url\":\"https:\\\/\\\/thelyflabs.com\\\/product\\\/aceite-de-cbd-isolate-30ml-5-cbd\",\"name\":\"Aceite de CBD Isolate 30ml 5% CBD - THE LYF LABS\",\"isPartOf\":{\"@id\":\"https:\\\/\\\/thelyflabs.com\\\/#website\"},\"primaryImageOfPage\":{\"@id\":\"https:\\\/\\\/thelyflabs.com\\\/product\\\/aceite-de-cbd-isolate-30ml-5-cbd#primaryimage\"},\"image\":{\"@id\":\"https:\\\/\\\/thelyflabs.com\\\/product\\\/aceite-de-cbd-isolate-30ml-5-cbd#primaryimage\"},\"thumbnailUrl\":\"https:\\\/\\\/thelyflabs.com\\\/wp-content\\\/uploads\\\/2023\\\/02\\\/30ml-5\ufffd-iso-gotero.jpg\",\"datePublished\":\"2023-02-10T13:57:28+00:00\",\"dateModified\":\"2023-06-22T06:40:55+00:00\",\"breadcrumb\":{\"@id\":\"https:\\\/\\\/thelyflabs.com\\\/product\\\/aceite-de-cbd-isolate-30ml-5-cbd#breadcrumb\"},\"inLanguage\":\"pt-PT\",\"potentialAction\":[{\"@type\":\"ReadAction\",\"target\":[\"https:\\\/\\\/thelyflabs.com\\\/product\\\/aceite-de-cbd-isolate-30ml-5-cbd\"]}]},{\"@type\":\"ImageObject\",\"inLanguage\":\"pt-PT\",\"@id\":\"https:\\\/\\\/thelyflabs.com\\\/product\\\/aceite-de-cbd-isolate-30ml-5-cbd#primaryimage\",\"url\":\"https:\\\/\\\/thelyflabs.com\\\/wp-content\\\/uploads\\\/2023\\\/02\\\/30ml-5\ufffd-iso-gotero.jpg\",\"contentUrl\":\"https:\\\/\\\/thelyflabs.com\\\/wp-content\\\/uploads\\\/2023\\\/02\\\/30ml-5\ufffd-iso-gotero.jpg\",\"width\":1500,\"height\":1500},{\"@type\":\"BreadcrumbList\",\"@id\":\"https:\\\/\\\/thelyflabs.com\\\/product\\\/aceite-de-cbd-isolate-30ml-5-cbd#breadcrumb\",\"itemListElement\":[{\"@type\":\"ListItem\",\"position\":1,\"name\":\"Portada\",\"item\":\"https:\\\/\\\/thelyflabs.com\\\/\"},{\"@type\":\"ListItem\",\"position\":2,\"name\":\"Tienda\",\"item\":\"https:\\\/\\\/thelyflabs.com\\\/tienda\"},{\"@type\":\"ListItem\",\"position\":3,\"name\":\"Aceite de CBD Isolate 30ml 5% CBD\"}]},{\"@type\":\"WebSite\",\"@id\":\"https:\\\/\\\/thelyflabs.com\\\/#website\",\"url\":\"https:\\\/\\\/thelyflabs.com\\\/\",\"name\":\"The LYF Labs\",\"description\":\"CBD al por mayor\",\"publisher\":{\"@id\":\"https:\\\/\\\/thelyflabs.com\\\/#organization\"},\"potentialAction\":[{\"@type\":\"SearchAction\",\"target\":{\"@type\":\"EntryPoint\",\"urlTemplate\":\"https:\\\/\\\/thelyflabs.com\\\/?s={search_term_string}\"},\"query-input\":{\"@type\":\"PropertyValueSpecification\",\"valueRequired\":true,\"valueName\":\"search_term_string\"}}],\"inLanguage\":\"pt-PT\"},{\"@type\":\"Organization\",\"@id\":\"https:\\\/\\\/thelyflabs.com\\\/#organization\",\"name\":\"The LYF Labs\",\"url\":\"https:\\\/\\\/thelyflabs.com\\\/\",\"logo\":{\"@type\":\"ImageObject\",\"inLanguage\":\"pt-PT\",\"@id\":\"https:\\\/\\\/thelyflabs.com\\\/#\\\/schema\\\/logo\\\/image\\\/\",\"url\":\"https:\\\/\\\/thelyflabs.com\\\/wp-content\\\/uploads\\\/2023\\\/01\\\/cropped-LogoTheLYFLabs.png\",\"contentUrl\":\"https:\\\/\\\/thelyflabs.com\\\/wp-content\\\/uploads\\\/2023\\\/01\\\/cropped-LogoTheLYFLabs.png\",\"width\":600,\"height\":180,\"caption\":\"The LYF Labs\"},\"image\":{\"@id\":\"https:\\\/\\\/thelyflabs.com\\\/#\\\/schema\\\/logo\\\/image\\\/\"}}]}<\/script>\n<!-- \/ Yoast SEO plugin. -->","yoast_head_json":{"title":"\u00d3leo de CBD Isolado 30ml 5% CBD - THE LYF LABS","robots":{"index":"index","follow":"follow","max-snippet":"max-snippet:-1","max-image-preview":"max-image-preview:large","max-video-preview":"max-video-preview:-1"},"canonical":"https:\/\/thelyflabs.com\/pt\/product\/aceite-de-cbd-isolate-30ml-5-cbd\/","og_locale":"pt_PT","og_type":"article","og_title":"Aceite de CBD Isolate 30ml 5% CBD - THE LYF LABS","og_description":"ACEITE LYF CBD ISOLATE 5% 15ml   Aceite puro de CBD premium al 5% de 15 ml  Contiene 750mg de extracto de CBD diluido en aceite de semillas de c\u00e1\u00f1amo ecol\u00f3gico  Ingredientes 100% naturales, vegano, sin GMO y respetuoso con el medio ambiente  Fabricado en Espa\u00f1a  No contiene THC  Nuestro aceite LYF CDB Isolate al 5% est\u00e1 pensado para aquellas personas que quieren introducirse en el mundo del CBD con un producto de primera calidad, eficaz, confiable, seguro, 100% legal y libre de THC.  Los aceites LYF de CBD son extra\u00eddos y filtrados en nuestros laboratorios bajo estrictos controles de calidad, lo que garantiza que mantienen todas las propiedades beneficiosas de la planta. Nuestro objetivo es conseguir la m\u00e1xima pureza en nuestros productos; respetando el medio ambiente y proporcionando la mayor calidad a nuestros clientes.\u00a0","og_url":"https:\/\/thelyflabs.com\/pt\/product\/aceite-de-cbd-isolate-30ml-5-cbd\/","og_site_name":"THE LYF LABS","article_modified_time":"2023-06-22T06:40:55+00:00","og_image":[{"width":1500,"height":1500,"url":"https:\/\/thelyflabs.com\/wp-content\/uploads\/2023\/02\/30ml-5\ufffd-iso-gotero.jpg","type":"image\/jpeg"}],"twitter_card":"summary_large_image","twitter_misc":{"Tempo estimado de leitura":"1 minuto"},"schema":{"@context":"https:\/\/schema.org","@graph":[{"@type":"WebPage","@id":"https:\/\/thelyflabs.com\/product\/aceite-de-cbd-isolate-30ml-5-cbd","url":"https:\/\/thelyflabs.com\/product\/aceite-de-cbd-isolate-30ml-5-cbd","name":"\u00d3leo de CBD Isolado 30ml 5% CBD - THE LYF LABS","isPartOf":{"@id":"https:\/\/thelyflabs.com\/#website"},"primaryImageOfPage":{"@id":"https:\/\/thelyflabs.com\/product\/aceite-de-cbd-isolate-30ml-5-cbd#primaryimage"},"image":{"@id":"https:\/\/thelyflabs.com\/product\/aceite-de-cbd-isolate-30ml-5-cbd#primaryimage"},"thumbnailUrl":"https:\/\/thelyflabs.com\/wp-content\/uploads\/2023\/02\/30ml-5\ufffd-iso-gotero.jpg","datePublished":"2023-02-10T13:57:28+00:00","dateModified":"2023-06-22T06:40:55+00:00","breadcrumb":{"@id":"https:\/\/thelyflabs.com\/product\/aceite-de-cbd-isolate-30ml-5-cbd#breadcrumb"},"inLanguage":"pt-PT","potentialAction":[{"@type":"ReadAction","target":["https:\/\/thelyflabs.com\/product\/aceite-de-cbd-isolate-30ml-5-cbd"]}]},{"@type":"ImageObject","inLanguage":"pt-PT","@id":"https:\/\/thelyflabs.com\/product\/aceite-de-cbd-isolate-30ml-5-cbd#primaryimage","url":"https:\/\/thelyflabs.com\/wp-content\/uploads\/2023\/02\/30ml-5\ufffd-iso-gotero.jpg","contentUrl":"https:\/\/thelyflabs.com\/wp-content\/uploads\/2023\/02\/30ml-5\ufffd-iso-gotero.jpg","width":1500,"height":1500},{"@type":"BreadcrumbList","@id":"https:\/\/thelyflabs.com\/product\/aceite-de-cbd-isolate-30ml-5-cbd#breadcrumb","itemListElement":[{"@type":"ListItem","position":1,"name":"Portada","item":"https:\/\/thelyflabs.com\/"},{"@type":"ListItem","position":2,"name":"Tienda","item":"https:\/\/thelyflabs.com\/tienda"},{"@type":"ListItem","position":3,"name":"Aceite de CBD Isolate 30ml 5% CBD"}]},{"@type":"WebSite","@id":"https:\/\/thelyflabs.com\/#website","url":"https:\/\/thelyflabs.com\/","name":"Os Laborat\u00f3rios LYF","description":"CBD atacado","publisher":{"@id":"https:\/\/thelyflabs.com\/#organization"},"potentialAction":[{"@type":"SearchAction","target":{"@type":"EntryPoint","urlTemplate":"https:\/\/thelyflabs.com\/?s={search_term_string}"},"query-input":{"@type":"PropertyValueSpecification","valueRequired":true,"valueName":"search_term_string"}}],"inLanguage":"pt-PT"},{"@type":"Organization","@id":"https:\/\/thelyflabs.com\/#organization","name":"Os Laborat\u00f3rios LYF","url":"https:\/\/thelyflabs.com\/","logo":{"@type":"ImageObject","inLanguage":"pt-PT","@id":"https:\/\/thelyflabs.com\/#\/schema\/logo\/image\/","url":"https:\/\/thelyflabs.com\/wp-content\/uploads\/2023\/01\/cropped-LogoTheLYFLabs.png","contentUrl":"https:\/\/thelyflabs.com\/wp-content\/uploads\/2023\/01\/cropped-LogoTheLYFLabs.png","width":600,"height":180,"caption":"The LYF Labs"},"image":{"@id":"https:\/\/thelyflabs.com\/#\/schema\/logo\/image\/"}}]}},"_links":{"self":[{"href":"https:\/\/thelyflabs.com\/pt\/wp-json\/wp\/v2\/product\/790","targetHints":{"allow":["GET"]}}],"collection":[{"href":"https:\/\/thelyflabs.com\/pt\/wp-json\/wp\/v2\/product"}],"about":[{"href":"https:\/\/thelyflabs.com\/pt\/wp-json\/wp\/v2\/types\/product"}],"replies":[{"embeddable":true,"href":"https:\/\/thelyflabs.com\/pt\/wp-json\/wp\/v2\/comments?post=790"}],"wp:featuredmedia":[{"embeddable":true,"href":"https:\/\/thelyflabs.com\/pt\/wp-json\/wp\/v2\/media\/794"}],"wp:attachment":[{"href":"https:\/\/thelyflabs.com\/pt\/wp-json\/wp\/v2\/media?parent=790"}],"wp:term":[{"taxonomy":"product_brand","embeddable":true,"href":"https:\/\/thelyflabs.com\/pt\/wp-json\/wp\/v2\/product_brand?post=790"},{"taxonomy":"product_cat","embeddable":true,"href":"https:\/\/thelyflabs.com\/pt\/wp-json\/wp\/v2\/product_cat?post=790"},{"taxonomy":"product_tag","embeddable":true,"href":"https:\/\/thelyflabs.com\/pt\/wp-json\/wp\/v2\/product_tag?post=790"}],"curies":[{"name":"wp","href":"https:\/\/api.w.org\/{rel}","templated":true}]}}