{"id":8759,"date":"2024-10-13T18:43:23","date_gmt":"2024-10-13T16:43:23","guid":{"rendered":"https:\/\/thelyflabs.com\/?post_type=product&#038;p=8759"},"modified":"2024-10-13T20:16:19","modified_gmt":"2024-10-13T18:16:19","slug":"vaper-bando-boyz-by-kidd-keo-limited-edition","status":"publish","type":"product","link":"https:\/\/thelyflabs.com\/pt\/product\/vaper-bando-boyz-by-kidd-keo-limited-edition","title":{"rendered":"Vape Bando Boyz de Kidd Keo Edi\u00e7\u00e3o Limitada"},"content":{"rendered":"<h2>Bando Boyz Vape por Kidd Keo Edi\u00e7\u00e3o Limitada<\/h2>\n<p>Descubra o vape descart\u00e1vel mais exclusivo do momento, inspirado na inovadora cole\u00e7\u00e3o Bando Boyz do renomado rapper espanhol Kidd Keo.<\/p>\n<p>O que torna este vaper t\u00e3o especial? Seu impressionante tanque de 10 ml oferece at\u00e9 3.000 golpes poderosos, garantindo que voc\u00ea nunca perca o sabor e os efeitos extraordin\u00e1rios. Com 600 mg de CBD, este vaporizador descart\u00e1vel destaca-se no mercado atual pela sua qualidade e pot\u00eancia, captando a aten\u00e7\u00e3o do pr\u00f3prio Kidd Keo, que dedicou o seu talento e vis\u00e3o para criar este dispositivo excecional sob a sua prestigiada marca.<\/p>\n<p>Com um design atraente e tamanho compacto, este vape \u00e9 f\u00e1cil de transportar para todo o lado, tornando-se num acess\u00f3rio indispens\u00e1vel que sem d\u00favida atrair\u00e1 a aten\u00e7\u00e3o dos seus amigos. Voc\u00ea n\u00e3o s\u00f3 desfrutar\u00e1 dos benef\u00edcios do CBD, mas tamb\u00e9m causar\u00e1 inveja a todos ao carreg\u00e1-lo com a marca do trapeiro mais influente da Espanha.<\/p>\n<p>N\u00e3o perca a chance de experimentar o verdadeiro estilo e qualidade. Obtenha seu vape Bando Boyz by Kidd Keo hoje e junte-se \u00e0 revolu\u00e7\u00e3o do CBD!<\/p>\n<p>Iguana Smoke torna cada vez mais f\u00e1cil aproveitar os benef\u00edcios do CBD com produtos seguros e n\u00e3o psicoativos com nicotina 0% THC 0%.<\/p>","protected":false},"excerpt":{"rendered":"<h2>Vape Bando Boyz por Kidd Keo<\/h2>\n<p>Caracteristicas:<\/p>\n<ul>\n<li>Dimens\u00f5es: 82 x 49 x 22 mm<\/li>\n<li>Bateria: 500mAh<\/li>\n<li>Capacidade: 10ml<\/li>\n<li>Sopros: at\u00e9 3000<\/li>\n<li>CDB: 600mg\/10ml<\/li>\n<li>THC: 0%<\/li>\n<li>Nicotina: 0%<\/li>\n<\/ul>\n<p>Inclui adesivo hologr\u00e1fico Bando Boyz<\/p>\n<p>An\u00e1lise de qualidade: clique <a href=\"https:\/\/iguanasmoke.com\/wp-content\/uploads\/2018\/02\/Analitica-E-Liquid-Iguana-Smoke-Junio-2022.pdf\" target=\"_blank\" rel=\"noopener\">aqui<\/a><\/p>","protected":false},"featured_media":8762,"comment_status":"open","ping_status":"closed","template":"","meta":{"_acf_changed":false,"site-sidebar-layout":"default","site-content-layout":"default","ast-site-content-layout":"default","site-content-style":"default","site-sidebar-style":"default","ast-global-header-display":"","ast-banner-title-visibility":"","ast-main-header-display":"","ast-hfb-above-header-display":"","ast-hfb-below-header-display":"","ast-hfb-mobile-header-display":"","site-post-title":"","ast-breadcrumbs-content":"","ast-featured-img":"","footer-sml-layout":"","theme-transparent-header-meta":"default","adv-header-id-meta":"","stick-header-meta":"","header-above-stick-meta":"","header-main-stick-meta":"","header-below-stick-meta":"","astra-migrate-meta-layouts":"set","ast-page-background-enabled":"default","ast-page-background-meta":{"desktop":{"background-color":"var(--ast-global-color-4)","background-image":"","background-repeat":"repeat","background-position":"center center","background-size":"auto","background-attachment":"scroll","background-type":"","background-media":"","overlay-type":"","overlay-color":"","overlay-opacity":"","overlay-gradient":""},"tablet":{"background-color":"","background-image":"","background-repeat":"repeat","background-position":"center center","background-size":"auto","background-attachment":"scroll","background-type":"","background-media":"","overlay-type":"","overlay-color":"","overlay-opacity":"","overlay-gradient":""},"mobile":{"background-color":"","background-image":"","background-repeat":"repeat","background-position":"center center","background-size":"auto","background-attachment":"scroll","background-type":"","background-media":"","overlay-type":"","overlay-color":"","overlay-opacity":"","overlay-gradient":""}},"ast-content-background-meta":{"desktop":{"background-color":"var(--ast-global-color-5)","background-image":"","background-repeat":"repeat","background-position":"center center","background-size":"auto","background-attachment":"scroll","background-type":"","background-media":"","overlay-type":"","overlay-color":"","overlay-opacity":"","overlay-gradient":""},"tablet":{"background-color":"var(--ast-global-color-5)","background-image":"","background-repeat":"repeat","background-position":"center center","background-size":"auto","background-attachment":"scroll","background-type":"","background-media":"","overlay-type":"","overlay-color":"","overlay-opacity":"","overlay-gradient":""},"mobile":{"background-color":"var(--ast-global-color-5)","background-image":"","background-repeat":"repeat","background-position":"center center","background-size":"auto","background-attachment":"scroll","background-type":"","background-media":"","overlay-type":"","overlay-color":"","overlay-opacity":"","overlay-gradient":""}}},"product_brand":[],"product_cat":[40,23],"product_tag":[],"class_list":{"0":"post-8759","1":"product","2":"type-product","3":"status-publish","4":"has-post-thumbnail","6":"product_cat-iguanasmoke","7":"product_cat-pod-cbd","8":"desktop-align-center","9":"tablet-align-left","10":"mobile-align-left","12":"first","13":"instock","14":"taxable","15":"shipping-taxable","16":"product-type-simple"},"acf":[],"yoast_head":"<!-- This site is optimized with the Yoast SEO plugin v27.5 - https:\/\/yoast.com\/product\/yoast-seo-wordpress\/ -->\n<title>Vape Bando Boyz by Kidd Keo Limited Edition - THE LYF LABS<\/title>\n<meta name=\"description\" content=\"Vape Bando Boyz by Kidd Keo por mayor. Consigue aqu\u00ed tu Pod de CBD a precio mayorista en nuestra tienda exclusiva para profesionales.\" \/>\n<meta name=\"robots\" content=\"index, follow, max-snippet:-1, max-image-preview:large, max-video-preview:-1\" \/>\n<link rel=\"canonical\" href=\"https:\/\/thelyflabs.com\/pt\/product\/vaper-bando-boyz-by-kidd-keo-limited-edition\/\" \/>\n<meta property=\"og:locale\" content=\"pt_PT\" \/>\n<meta property=\"og:type\" content=\"article\" \/>\n<meta property=\"og:title\" content=\"Vape Bando Boyz by Kidd Keo Limited Edition - THE LYF LABS\" \/>\n<meta property=\"og:description\" content=\"Vape Bando Boyz by Kidd Keo por mayor. Consigue aqu\u00ed tu Pod de CBD a precio mayorista en nuestra tienda exclusiva para profesionales.\" \/>\n<meta property=\"og:url\" content=\"https:\/\/thelyflabs.com\/pt\/product\/vaper-bando-boyz-by-kidd-keo-limited-edition\/\" \/>\n<meta property=\"og:site_name\" content=\"THE LYF LABS\" \/>\n<meta property=\"article:modified_time\" content=\"2024-10-13T18:16:19+00:00\" \/>\n<meta property=\"og:image\" content=\"https:\/\/thelyflabs.com\/wp-content\/uploads\/2024\/10\/Mockup-bando-der.webp\" \/>\n\t<meta property=\"og:image:width\" content=\"826\" \/>\n\t<meta property=\"og:image:height\" content=\"736\" \/>\n\t<meta property=\"og:image:type\" content=\"image\/webp\" \/>\n<meta name=\"twitter:card\" content=\"summary_large_image\" \/>\n<meta name=\"twitter:label1\" content=\"Tempo estimado de leitura\" \/>\n\t<meta name=\"twitter:data1\" content=\"2 minutos\" \/>\n<script type=\"application\/ld+json\" class=\"yoast-schema-graph\">{\"@context\":\"https:\\\/\\\/schema.org\",\"@graph\":[{\"@type\":\"WebPage\",\"@id\":\"https:\\\/\\\/thelyflabs.com\\\/product\\\/vaper-bando-boyz-by-kidd-keo-limited-edition\",\"url\":\"https:\\\/\\\/thelyflabs.com\\\/product\\\/vaper-bando-boyz-by-kidd-keo-limited-edition\",\"name\":\"Vape Bando Boyz by Kidd Keo Limited Edition - THE LYF LABS\",\"isPartOf\":{\"@id\":\"https:\\\/\\\/thelyflabs.com\\\/#website\"},\"primaryImageOfPage\":{\"@id\":\"https:\\\/\\\/thelyflabs.com\\\/product\\\/vaper-bando-boyz-by-kidd-keo-limited-edition#primaryimage\"},\"image\":{\"@id\":\"https:\\\/\\\/thelyflabs.com\\\/product\\\/vaper-bando-boyz-by-kidd-keo-limited-edition#primaryimage\"},\"thumbnailUrl\":\"https:\\\/\\\/thelyflabs.com\\\/wp-content\\\/uploads\\\/2024\\\/10\\\/Mockup-bando-der.webp\",\"datePublished\":\"2024-10-13T16:43:23+00:00\",\"dateModified\":\"2024-10-13T18:16:19+00:00\",\"description\":\"Vape Bando Boyz by Kidd Keo por mayor. Consigue aqu\u00ed tu Pod de CBD a precio mayorista en nuestra tienda exclusiva para profesionales.\",\"breadcrumb\":{\"@id\":\"https:\\\/\\\/thelyflabs.com\\\/product\\\/vaper-bando-boyz-by-kidd-keo-limited-edition#breadcrumb\"},\"inLanguage\":\"pt-PT\",\"potentialAction\":[{\"@type\":\"ReadAction\",\"target\":[\"https:\\\/\\\/thelyflabs.com\\\/product\\\/vaper-bando-boyz-by-kidd-keo-limited-edition\"]}]},{\"@type\":\"ImageObject\",\"inLanguage\":\"pt-PT\",\"@id\":\"https:\\\/\\\/thelyflabs.com\\\/product\\\/vaper-bando-boyz-by-kidd-keo-limited-edition#primaryimage\",\"url\":\"https:\\\/\\\/thelyflabs.com\\\/wp-content\\\/uploads\\\/2024\\\/10\\\/Mockup-bando-der.webp\",\"contentUrl\":\"https:\\\/\\\/thelyflabs.com\\\/wp-content\\\/uploads\\\/2024\\\/10\\\/Mockup-bando-der.webp\",\"width\":826,\"height\":736,\"caption\":\"vaper cbd barato\"},{\"@type\":\"BreadcrumbList\",\"@id\":\"https:\\\/\\\/thelyflabs.com\\\/product\\\/vaper-bando-boyz-by-kidd-keo-limited-edition#breadcrumb\",\"itemListElement\":[{\"@type\":\"ListItem\",\"position\":1,\"name\":\"Portada\",\"item\":\"https:\\\/\\\/thelyflabs.com\\\/\"},{\"@type\":\"ListItem\",\"position\":2,\"name\":\"Tienda\",\"item\":\"https:\\\/\\\/thelyflabs.com\\\/tienda\"},{\"@type\":\"ListItem\",\"position\":3,\"name\":\"Vape Bando Boyz by Kidd Keo Limited Edition\"}]},{\"@type\":\"WebSite\",\"@id\":\"https:\\\/\\\/thelyflabs.com\\\/#website\",\"url\":\"https:\\\/\\\/thelyflabs.com\\\/\",\"name\":\"The LYF Labs\",\"description\":\"CBD al por mayor\",\"publisher\":{\"@id\":\"https:\\\/\\\/thelyflabs.com\\\/#organization\"},\"potentialAction\":[{\"@type\":\"SearchAction\",\"target\":{\"@type\":\"EntryPoint\",\"urlTemplate\":\"https:\\\/\\\/thelyflabs.com\\\/?s={search_term_string}\"},\"query-input\":{\"@type\":\"PropertyValueSpecification\",\"valueRequired\":true,\"valueName\":\"search_term_string\"}}],\"inLanguage\":\"pt-PT\"},{\"@type\":\"Organization\",\"@id\":\"https:\\\/\\\/thelyflabs.com\\\/#organization\",\"name\":\"The LYF Labs\",\"url\":\"https:\\\/\\\/thelyflabs.com\\\/\",\"logo\":{\"@type\":\"ImageObject\",\"inLanguage\":\"pt-PT\",\"@id\":\"https:\\\/\\\/thelyflabs.com\\\/#\\\/schema\\\/logo\\\/image\\\/\",\"url\":\"https:\\\/\\\/thelyflabs.com\\\/wp-content\\\/uploads\\\/2023\\\/01\\\/cropped-LogoTheLYFLabs.png\",\"contentUrl\":\"https:\\\/\\\/thelyflabs.com\\\/wp-content\\\/uploads\\\/2023\\\/01\\\/cropped-LogoTheLYFLabs.png\",\"width\":600,\"height\":180,\"caption\":\"The LYF Labs\"},\"image\":{\"@id\":\"https:\\\/\\\/thelyflabs.com\\\/#\\\/schema\\\/logo\\\/image\\\/\"}}]}<\/script>\n<!-- \/ Yoast SEO plugin. -->","yoast_head_json":{"title":"Vape Bando Boyz by Kidd Keo Limited Edition - THE LYF LABS","description":"Vape Bando Boyz by Kidd Keo por mayor. Consigue aqu\u00ed tu Pod de CBD a precio mayorista en nuestra tienda exclusiva para profesionales.","robots":{"index":"index","follow":"follow","max-snippet":"max-snippet:-1","max-image-preview":"max-image-preview:large","max-video-preview":"max-video-preview:-1"},"canonical":"https:\/\/thelyflabs.com\/pt\/product\/vaper-bando-boyz-by-kidd-keo-limited-edition\/","og_locale":"pt_PT","og_type":"article","og_title":"Vape Bando Boyz by Kidd Keo Limited Edition - THE LYF LABS","og_description":"Vape Bando Boyz by Kidd Keo por mayor. Consigue aqu\u00ed tu Pod de CBD a precio mayorista en nuestra tienda exclusiva para profesionales.","og_url":"https:\/\/thelyflabs.com\/pt\/product\/vaper-bando-boyz-by-kidd-keo-limited-edition\/","og_site_name":"THE LYF LABS","article_modified_time":"2024-10-13T18:16:19+00:00","og_image":[{"width":826,"height":736,"url":"https:\/\/thelyflabs.com\/wp-content\/uploads\/2024\/10\/Mockup-bando-der.webp","type":"image\/webp"}],"twitter_card":"summary_large_image","twitter_misc":{"Tempo estimado de leitura":"2 minutos"},"schema":{"@context":"https:\/\/schema.org","@graph":[{"@type":"WebPage","@id":"https:\/\/thelyflabs.com\/product\/vaper-bando-boyz-by-kidd-keo-limited-edition","url":"https:\/\/thelyflabs.com\/product\/vaper-bando-boyz-by-kidd-keo-limited-edition","name":"Vape Bando Boyz by Kidd Keo Limited Edition - THE LYF LABS","isPartOf":{"@id":"https:\/\/thelyflabs.com\/#website"},"primaryImageOfPage":{"@id":"https:\/\/thelyflabs.com\/product\/vaper-bando-boyz-by-kidd-keo-limited-edition#primaryimage"},"image":{"@id":"https:\/\/thelyflabs.com\/product\/vaper-bando-boyz-by-kidd-keo-limited-edition#primaryimage"},"thumbnailUrl":"https:\/\/thelyflabs.com\/wp-content\/uploads\/2024\/10\/Mockup-bando-der.webp","datePublished":"2024-10-13T16:43:23+00:00","dateModified":"2024-10-13T18:16:19+00:00","description":"Vape Bando Boyz by Kidd Keo por mayor. Consigue aqu\u00ed tu Pod de CBD a precio mayorista en nuestra tienda exclusiva para profesionales.","breadcrumb":{"@id":"https:\/\/thelyflabs.com\/product\/vaper-bando-boyz-by-kidd-keo-limited-edition#breadcrumb"},"inLanguage":"pt-PT","potentialAction":[{"@type":"ReadAction","target":["https:\/\/thelyflabs.com\/product\/vaper-bando-boyz-by-kidd-keo-limited-edition"]}]},{"@type":"ImageObject","inLanguage":"pt-PT","@id":"https:\/\/thelyflabs.com\/product\/vaper-bando-boyz-by-kidd-keo-limited-edition#primaryimage","url":"https:\/\/thelyflabs.com\/wp-content\/uploads\/2024\/10\/Mockup-bando-der.webp","contentUrl":"https:\/\/thelyflabs.com\/wp-content\/uploads\/2024\/10\/Mockup-bando-der.webp","width":826,"height":736,"caption":"vaper cbd barato"},{"@type":"BreadcrumbList","@id":"https:\/\/thelyflabs.com\/product\/vaper-bando-boyz-by-kidd-keo-limited-edition#breadcrumb","itemListElement":[{"@type":"ListItem","position":1,"name":"Portada","item":"https:\/\/thelyflabs.com\/"},{"@type":"ListItem","position":2,"name":"Tienda","item":"https:\/\/thelyflabs.com\/tienda"},{"@type":"ListItem","position":3,"name":"Vape Bando Boyz by Kidd Keo Limited Edition"}]},{"@type":"WebSite","@id":"https:\/\/thelyflabs.com\/#website","url":"https:\/\/thelyflabs.com\/","name":"Os Laborat\u00f3rios LYF","description":"CBD atacado","publisher":{"@id":"https:\/\/thelyflabs.com\/#organization"},"potentialAction":[{"@type":"SearchAction","target":{"@type":"EntryPoint","urlTemplate":"https:\/\/thelyflabs.com\/?s={search_term_string}"},"query-input":{"@type":"PropertyValueSpecification","valueRequired":true,"valueName":"search_term_string"}}],"inLanguage":"pt-PT"},{"@type":"Organization","@id":"https:\/\/thelyflabs.com\/#organization","name":"Os Laborat\u00f3rios LYF","url":"https:\/\/thelyflabs.com\/","logo":{"@type":"ImageObject","inLanguage":"pt-PT","@id":"https:\/\/thelyflabs.com\/#\/schema\/logo\/image\/","url":"https:\/\/thelyflabs.com\/wp-content\/uploads\/2023\/01\/cropped-LogoTheLYFLabs.png","contentUrl":"https:\/\/thelyflabs.com\/wp-content\/uploads\/2023\/01\/cropped-LogoTheLYFLabs.png","width":600,"height":180,"caption":"The LYF Labs"},"image":{"@id":"https:\/\/thelyflabs.com\/#\/schema\/logo\/image\/"}}]}},"_links":{"self":[{"href":"https:\/\/thelyflabs.com\/pt\/wp-json\/wp\/v2\/product\/8759","targetHints":{"allow":["GET"]}}],"collection":[{"href":"https:\/\/thelyflabs.com\/pt\/wp-json\/wp\/v2\/product"}],"about":[{"href":"https:\/\/thelyflabs.com\/pt\/wp-json\/wp\/v2\/types\/product"}],"replies":[{"embeddable":true,"href":"https:\/\/thelyflabs.com\/pt\/wp-json\/wp\/v2\/comments?post=8759"}],"wp:featuredmedia":[{"embeddable":true,"href":"https:\/\/thelyflabs.com\/pt\/wp-json\/wp\/v2\/media\/8762"}],"wp:attachment":[{"href":"https:\/\/thelyflabs.com\/pt\/wp-json\/wp\/v2\/media?parent=8759"}],"wp:term":[{"taxonomy":"product_brand","embeddable":true,"href":"https:\/\/thelyflabs.com\/pt\/wp-json\/wp\/v2\/product_brand?post=8759"},{"taxonomy":"product_cat","embeddable":true,"href":"https:\/\/thelyflabs.com\/pt\/wp-json\/wp\/v2\/product_cat?post=8759"},{"taxonomy":"product_tag","embeddable":true,"href":"https:\/\/thelyflabs.com\/pt\/wp-json\/wp\/v2\/product_tag?post=8759"}],"curies":[{"name":"wp","href":"https:\/\/api.w.org\/{rel}","templated":true}]}}