{"id":8824,"date":"2024-11-07T12:42:33","date_gmt":"2024-11-07T11:42:33","guid":{"rendered":"https:\/\/thelyflabs.com\/?post_type=product&#038;p=8824"},"modified":"2025-09-15T17:24:10","modified_gmt":"2025-09-15T15:24:10","slug":"extracto-organico-de-chaga","status":"publish","type":"product","link":"https:\/\/thelyflabs.com\/pt\/product\/extracto-organico-de-chaga","title":{"rendered":"Extrato de Chaga Org\u00e2nico"},"content":{"rendered":"<h3>Extrato de Chaga Org\u00e2nico: Suplemento Alimentar Puro e Concentrado<\/h3>\n<p>Ele <strong>extrato de chaga<\/strong> Org\u00e2nico \u00e9 um suplemento nutricional puro, concentrado e sem \u00e1lcool. Este poderoso extrato duplo 15:1 oferece uma alta concentra\u00e7\u00e3o de nutrientes essenciais. Cada frasco cont\u00e9m o equivalente a 120 g de chaga crua, seca e org\u00e2nica certificada, fornecendo 33 doses di\u00e1rias.<\/p>\n<h4>Caracter\u00edsticas do Extrato L\u00edquido de Chaga<\/h4>\n<ul>\n<li>Extra\u00eddo atrav\u00e9s de um processo duplo (\u00e1gua quente e \u00e1lcool) de <strong>chaga org\u00e2nica<\/strong> colhido de forma sustent\u00e1vel.<\/li>\n<li>Cont\u00e9m compostos sol\u00faveis em \u00e1gua e gordura, maximizando sua biodisponibilidade.<\/li>\n<li>Elaborado com mais de 20% de 1,3\/1,6 beta-glucanos, conhecidos por suas propriedades imunomoduladoras.<\/li>\n<li>Sabor puro de cogumelo, sem aditivos ou sabores artificiais.<\/li>\n<li>Sem adi\u00e7\u00e3o de amido, gr\u00e3os ou enchimentos.<\/li>\n<li>Org\u00e2nico certificado pela Uni\u00e3o Europeia (UE).<\/li>\n<li>Sem gl\u00faten, n\u00e3o geneticamente modificado (n\u00e3o OGM) e adequado para veganos.<\/li>\n<li>Qualidade premium, testada em laborat\u00f3rios terceirizados credenciados.<\/li>\n<li>Sem mic\u00e9lio, utilizando apenas corpos de frutifica\u00e7\u00e3o org\u00e2nicos.<\/li>\n<li>Engarrafado em vidro biopot\u00f4nico Miron para melhor conserva\u00e7\u00e3o.<\/li>\n<li>Prazo de validade de 12 meses a partir da data de fabrica\u00e7\u00e3o.<\/li>\n<\/ul>\n<h3>Benef\u00edcios do Extrato de Chaga<\/h3>\n<p>Ele <strong>Chaga (Inonotus obliquus)<\/strong> \u00c9 um cogumelo medicinal que cresce principalmente em b\u00e9tulas e tem sido usado h\u00e1 s\u00e9culos na medicina tradicional na R\u00fassia e na \u00c1sia. Suas propriedades o tornaram um \u201csuperalimento\u201d com in\u00fameros benef\u00edcios \u00e0 sa\u00fade. Apresentamos aqui os principais:<\/p>\n<ol>\n<li><strong>Poderoso antioxidante<\/strong><br \/>\nEle <strong>extrato de chaga<\/strong> \u00c9 um dos cogumelos com maior concentra\u00e7\u00e3o de antioxidantes, combatendo os radicais livres que danificam as c\u00e9lulas e ajudando a retardar o envelhecimento e a proteger contra o stress oxidativo.<\/li>\n<li><strong>Fortalecendo o sistema imunol\u00f3gico<\/strong><br \/>\nRico em beta-glucanos, o chaga modula o sistema imunol\u00f3gico, melhorando a capacidade do organismo de se defender contra infec\u00e7\u00f5es e doen\u00e7as, ao mesmo tempo que previne rea\u00e7\u00f5es imunol\u00f3gicas excessivas.<\/li>\n<li><strong>Propriedades anti-inflamat\u00f3rias<\/strong><br \/>\nOs compostos ativos do chaga podem reduzir a inflama\u00e7\u00e3o, tornando-o \u00fatil para pessoas com doen\u00e7as inflamat\u00f3rias cr\u00f4nicas, como artrite ou doen\u00e7as autoimunes.<\/li>\n<li><strong>Controle de a\u00e7\u00facar no sangue<\/strong><br \/>\nAlguns estudos sugerem que o <strong>extrato de chaga<\/strong> Ajuda a reduzir os n\u00edveis de a\u00e7\u00facar no sangue, o que \u00e9 ben\u00e9fico para pessoas com diabetes ou que desejam manter n\u00edveis saud\u00e1veis de glicose.<\/li>\n<li><strong>Apoio \u00e0 sa\u00fade digestiva<\/strong><br \/>\nChaga contribui para manter uma boa sa\u00fade digestiva, aliviando problemas como \u00falceras g\u00e1stricas e inflama\u00e7\u00f5es intestinais e protegendo o revestimento do est\u00f4mago.<\/li>\n<li><strong>Propriedades anticancer\u00edgenas<\/strong><br \/>\nEstudos preliminares demonstraram que o chaga pode inibir o crescimento de c\u00e9lulas cancer\u00edgenas e promover a apoptose (morte celular) em c\u00e9lulas malignas. No entanto, mais pesquisas s\u00e3o necess\u00e1rias em humanos.<\/li>\n<li><strong>Melhora a sa\u00fade cardiovascular<\/strong><br \/>\nOs antioxidantes e compostos de betulina do chaga podem ajudar a reduzir o colesterol LDL e regular a press\u00e3o arterial, promovendo a sa\u00fade do cora\u00e7\u00e3o.<\/li>\n<li><strong>Propriedades antivirais e antibacterianas<\/strong><br \/>\nEle <strong>extrato de chaga<\/strong> Foi demonstrado que possui propriedades antivirais e antibacterianas, ajudando o corpo a combater infec\u00e7\u00f5es como gripe e herpes.<\/li>\n<li><strong>Desintoxica\u00e7\u00e3o corporal<\/strong><br \/>\nRico em nutrientes, o chaga auxilia na elimina\u00e7\u00e3o de toxinas e promove a fun\u00e7\u00e3o hep\u00e1tica saud\u00e1vel.<\/li>\n<li><strong>Melhora a sa\u00fade da pele<\/strong><br \/>\nGra\u00e7as aos seus elevados n\u00edveis de melanina e antioxidantes, o chaga ajuda a melhorar o aspecto da pele, combatendo os sinais de envelhecimento e protegendo dos danos solares.<\/li>\n<\/ol>\n<h3>Por que escolher o extrato org\u00e2nico de Chaga?<\/h3>\n<p>Para aproveitar ao m\u00e1ximo os benef\u00edcios <strong>extrato de chaga<\/strong>, \u00e9 fundamental escolher um produto de alta qualidade, com certifica\u00e7\u00e3o org\u00e2nica e duplo processo de extra\u00e7\u00e3o (\u00e1gua e \u00e1lcool) para garantir a m\u00e1xima concentra\u00e7\u00e3o de seus compostos bioativos.<\/p>","protected":false},"excerpt":{"rendered":"<h4>Caracter\u00edsticas do Extrato Org\u00e2nico de Chaga<\/h4>\n<ul>\n<li>Frasco conta-gotas de vidro violeta de alta qualidade de 50ml.<\/li>\n<li>F\u00e1cil de usar: Adicione dois conta-gotas a um copo de \u00e1gua ou diretamente sob a l\u00edngua.<\/li>\n<li>Processo de dupla extra\u00e7\u00e3o com \u00e1gua quente e \u00e1lcool <strong>chaga selvagem<\/strong> org\u00e2nico.<\/li>\n<li>Cont\u00e9m aproximadamente 25% de \u00e1lcool.<\/li>\n<li>Alta concentra\u00e7\u00e3o de compostos sol\u00faveis em \u00e1gua e gordura.<\/li>\n<li>Feito com mais de 20% de beta-glucanos 1.3\/1.6.<\/li>\n<li>Sem adi\u00e7\u00e3o de amido, gr\u00e3os ou outros enchimentos.<\/li>\n<li>Certifica\u00e7\u00e3o org\u00e2nica da UE.<\/li>\n<li>Sem gl\u00faten, n\u00e3o geneticamente modificado (n\u00e3o OGM), adequado para veganos.<\/li>\n<li>Qualidade superior, testada em laborat\u00f3rios credenciados por terceiros.<\/li>\n<li>Engarrafado em vidro biopot\u00f4nico Miron para maior prote\u00e7\u00e3o.<\/li>\n<li>Prazo de validade de 18 meses a partir da data de fabrica\u00e7\u00e3o.<\/li>\n<\/ul>","protected":false},"featured_media":8826,"comment_status":"open","ping_status":"closed","template":"","meta":{"_acf_changed":false,"site-sidebar-layout":"default","site-content-layout":"","ast-site-content-layout":"default","site-content-style":"default","site-sidebar-style":"default","ast-global-header-display":"","ast-banner-title-visibility":"","ast-main-header-display":"","ast-hfb-above-header-display":"","ast-hfb-below-header-display":"","ast-hfb-mobile-header-display":"","site-post-title":"","ast-breadcrumbs-content":"","ast-featured-img":"","footer-sml-layout":"","theme-transparent-header-meta":"default","adv-header-id-meta":"","stick-header-meta":"","header-above-stick-meta":"","header-main-stick-meta":"","header-below-stick-meta":"","astra-migrate-meta-layouts":"set","ast-page-background-enabled":"default","ast-page-background-meta":{"desktop":{"background-color":"var(--ast-global-color-4)","background-image":"","background-repeat":"repeat","background-position":"center center","background-size":"auto","background-attachment":"scroll","background-type":"","background-media":"","overlay-type":"","overlay-color":"","overlay-opacity":"","overlay-gradient":""},"tablet":{"background-color":"","background-image":"","background-repeat":"repeat","background-position":"center center","background-size":"auto","background-attachment":"scroll","background-type":"","background-media":"","overlay-type":"","overlay-color":"","overlay-opacity":"","overlay-gradient":""},"mobile":{"background-color":"","background-image":"","background-repeat":"repeat","background-position":"center center","background-size":"auto","background-attachment":"scroll","background-type":"","background-media":"","overlay-type":"","overlay-color":"","overlay-opacity":"","overlay-gradient":""}},"ast-content-background-meta":{"desktop":{"background-color":"var(--ast-global-color-5)","background-image":"","background-repeat":"repeat","background-position":"center center","background-size":"auto","background-attachment":"scroll","background-type":"","background-media":"","overlay-type":"","overlay-color":"","overlay-opacity":"","overlay-gradient":""},"tablet":{"background-color":"var(--ast-global-color-5)","background-image":"","background-repeat":"repeat","background-position":"center center","background-size":"auto","background-attachment":"scroll","background-type":"","background-media":"","overlay-type":"","overlay-color":"","overlay-opacity":"","overlay-gradient":""},"mobile":{"background-color":"var(--ast-global-color-5)","background-image":"","background-repeat":"repeat","background-position":"center center","background-size":"auto","background-attachment":"scroll","background-type":"","background-media":"","overlay-type":"","overlay-color":"","overlay-opacity":"","overlay-gradient":""}}},"product_brand":[],"product_cat":[127],"product_tag":[],"class_list":{"0":"post-8824","1":"product","2":"type-product","3":"status-publish","4":"has-post-thumbnail","6":"product_cat-setas-funcionales","7":"desktop-align-center","8":"tablet-align-left","9":"mobile-align-left","11":"first","12":"outofstock","13":"taxable","14":"shipping-taxable","15":"purchasable","16":"product-type-simple"},"acf":[],"yoast_head":"<!-- This site is optimized with the Yoast SEO plugin v27.3 - https:\/\/yoast.com\/product\/yoast-seo-wordpress\/ -->\n<title>Extracto Org\u00e1nico de Chaga - THE LYF LABS<\/title>\n<meta name=\"description\" content=\"Compra extracto de chaga org\u00e1nico de alta calidad en The LYF Labs. Potente suplemento antioxidante Ideal para reforzar el sistema inmunol\u00f3gico y mejorar tu salud.\" \/>\n<meta name=\"robots\" content=\"index, follow, max-snippet:-1, max-image-preview:large, max-video-preview:-1\" \/>\n<link rel=\"canonical\" href=\"https:\/\/thelyflabs.com\/pt\/product\/extracto-organico-de-chaga\/\" \/>\n<meta property=\"og:locale\" content=\"pt_PT\" \/>\n<meta property=\"og:type\" content=\"article\" \/>\n<meta property=\"og:title\" content=\"Extracto Org\u00e1nico de Chaga - THE LYF LABS\" \/>\n<meta property=\"og:description\" content=\"Compra extracto de chaga org\u00e1nico de alta calidad en The LYF Labs. Potente suplemento antioxidante Ideal para reforzar el sistema inmunol\u00f3gico y mejorar tu salud.\" \/>\n<meta property=\"og:url\" content=\"https:\/\/thelyflabs.com\/pt\/product\/extracto-organico-de-chaga\/\" \/>\n<meta property=\"og:site_name\" content=\"THE LYF LABS\" \/>\n<meta property=\"article:modified_time\" content=\"2025-09-15T15:24:10+00:00\" \/>\n<meta property=\"og:image\" content=\"https:\/\/thelyflabs.com\/wp-content\/uploads\/2024\/10\/1-1.webp\" \/>\n\t<meta property=\"og:image:width\" content=\"1409\" \/>\n\t<meta property=\"og:image:height\" content=\"2000\" \/>\n\t<meta property=\"og:image:type\" content=\"image\/webp\" \/>\n<meta name=\"twitter:card\" content=\"summary_large_image\" \/>\n<meta name=\"twitter:label1\" content=\"Tempo estimado de leitura\" \/>\n\t<meta name=\"twitter:data1\" content=\"4 minutos\" \/>\n<script type=\"application\/ld+json\" class=\"yoast-schema-graph\">{\"@context\":\"https:\\\/\\\/schema.org\",\"@graph\":[{\"@type\":\"WebPage\",\"@id\":\"https:\\\/\\\/thelyflabs.com\\\/product\\\/extracto-organico-de-chaga\",\"url\":\"https:\\\/\\\/thelyflabs.com\\\/product\\\/extracto-organico-de-chaga\",\"name\":\"Extracto Org\u00e1nico de Chaga - THE LYF LABS\",\"isPartOf\":{\"@id\":\"https:\\\/\\\/thelyflabs.com\\\/#website\"},\"primaryImageOfPage\":{\"@id\":\"https:\\\/\\\/thelyflabs.com\\\/product\\\/extracto-organico-de-chaga#primaryimage\"},\"image\":{\"@id\":\"https:\\\/\\\/thelyflabs.com\\\/product\\\/extracto-organico-de-chaga#primaryimage\"},\"thumbnailUrl\":\"https:\\\/\\\/thelyflabs.com\\\/wp-content\\\/uploads\\\/2024\\\/10\\\/1-1.webp\",\"datePublished\":\"2024-11-07T11:42:33+00:00\",\"dateModified\":\"2025-09-15T15:24:10+00:00\",\"description\":\"Compra extracto de chaga org\u00e1nico de alta calidad en The LYF Labs. Potente suplemento antioxidante Ideal para reforzar el sistema inmunol\u00f3gico y mejorar tu salud.\",\"breadcrumb\":{\"@id\":\"https:\\\/\\\/thelyflabs.com\\\/product\\\/extracto-organico-de-chaga#breadcrumb\"},\"inLanguage\":\"pt-PT\",\"potentialAction\":[{\"@type\":\"ReadAction\",\"target\":[\"https:\\\/\\\/thelyflabs.com\\\/product\\\/extracto-organico-de-chaga\"]}]},{\"@type\":\"ImageObject\",\"inLanguage\":\"pt-PT\",\"@id\":\"https:\\\/\\\/thelyflabs.com\\\/product\\\/extracto-organico-de-chaga#primaryimage\",\"url\":\"https:\\\/\\\/thelyflabs.com\\\/wp-content\\\/uploads\\\/2024\\\/10\\\/1-1.webp\",\"contentUrl\":\"https:\\\/\\\/thelyflabs.com\\\/wp-content\\\/uploads\\\/2024\\\/10\\\/1-1.webp\",\"width\":1409,\"height\":2000},{\"@type\":\"BreadcrumbList\",\"@id\":\"https:\\\/\\\/thelyflabs.com\\\/product\\\/extracto-organico-de-chaga#breadcrumb\",\"itemListElement\":[{\"@type\":\"ListItem\",\"position\":1,\"name\":\"Portada\",\"item\":\"https:\\\/\\\/thelyflabs.com\\\/\"},{\"@type\":\"ListItem\",\"position\":2,\"name\":\"Tienda\",\"item\":\"https:\\\/\\\/thelyflabs.com\\\/tienda\"},{\"@type\":\"ListItem\",\"position\":3,\"name\":\"Extracto Org\u00e1nico de Chaga\"}]},{\"@type\":\"WebSite\",\"@id\":\"https:\\\/\\\/thelyflabs.com\\\/#website\",\"url\":\"https:\\\/\\\/thelyflabs.com\\\/\",\"name\":\"The LYF Labs\",\"description\":\"CBD al por mayor\",\"publisher\":{\"@id\":\"https:\\\/\\\/thelyflabs.com\\\/#organization\"},\"potentialAction\":[{\"@type\":\"SearchAction\",\"target\":{\"@type\":\"EntryPoint\",\"urlTemplate\":\"https:\\\/\\\/thelyflabs.com\\\/?s={search_term_string}\"},\"query-input\":{\"@type\":\"PropertyValueSpecification\",\"valueRequired\":true,\"valueName\":\"search_term_string\"}}],\"inLanguage\":\"pt-PT\"},{\"@type\":\"Organization\",\"@id\":\"https:\\\/\\\/thelyflabs.com\\\/#organization\",\"name\":\"The LYF Labs\",\"url\":\"https:\\\/\\\/thelyflabs.com\\\/\",\"logo\":{\"@type\":\"ImageObject\",\"inLanguage\":\"pt-PT\",\"@id\":\"https:\\\/\\\/thelyflabs.com\\\/#\\\/schema\\\/logo\\\/image\\\/\",\"url\":\"https:\\\/\\\/thelyflabs.com\\\/wp-content\\\/uploads\\\/2023\\\/01\\\/cropped-LogoTheLYFLabs.png\",\"contentUrl\":\"https:\\\/\\\/thelyflabs.com\\\/wp-content\\\/uploads\\\/2023\\\/01\\\/cropped-LogoTheLYFLabs.png\",\"width\":600,\"height\":180,\"caption\":\"The LYF Labs\"},\"image\":{\"@id\":\"https:\\\/\\\/thelyflabs.com\\\/#\\\/schema\\\/logo\\\/image\\\/\"}}]}<\/script>\n<!-- \/ Yoast SEO plugin. -->","yoast_head_json":{"title":"Extracto Org\u00e1nico de Chaga - THE LYF LABS","description":"Compra extracto de chaga org\u00e1nico de alta calidad en The LYF Labs. Potente suplemento antioxidante Ideal para reforzar el sistema inmunol\u00f3gico y mejorar tu salud.","robots":{"index":"index","follow":"follow","max-snippet":"max-snippet:-1","max-image-preview":"max-image-preview:large","max-video-preview":"max-video-preview:-1"},"canonical":"https:\/\/thelyflabs.com\/pt\/product\/extracto-organico-de-chaga\/","og_locale":"pt_PT","og_type":"article","og_title":"Extracto Org\u00e1nico de Chaga - THE LYF LABS","og_description":"Compra extracto de chaga org\u00e1nico de alta calidad en The LYF Labs. Potente suplemento antioxidante Ideal para reforzar el sistema inmunol\u00f3gico y mejorar tu salud.","og_url":"https:\/\/thelyflabs.com\/pt\/product\/extracto-organico-de-chaga\/","og_site_name":"THE LYF LABS","article_modified_time":"2025-09-15T15:24:10+00:00","og_image":[{"width":1409,"height":2000,"url":"https:\/\/thelyflabs.com\/wp-content\/uploads\/2024\/10\/1-1.webp","type":"image\/webp"}],"twitter_card":"summary_large_image","twitter_misc":{"Tempo estimado de leitura":"4 minutos"},"schema":{"@context":"https:\/\/schema.org","@graph":[{"@type":"WebPage","@id":"https:\/\/thelyflabs.com\/product\/extracto-organico-de-chaga","url":"https:\/\/thelyflabs.com\/product\/extracto-organico-de-chaga","name":"Extracto Org\u00e1nico de Chaga - THE LYF LABS","isPartOf":{"@id":"https:\/\/thelyflabs.com\/#website"},"primaryImageOfPage":{"@id":"https:\/\/thelyflabs.com\/product\/extracto-organico-de-chaga#primaryimage"},"image":{"@id":"https:\/\/thelyflabs.com\/product\/extracto-organico-de-chaga#primaryimage"},"thumbnailUrl":"https:\/\/thelyflabs.com\/wp-content\/uploads\/2024\/10\/1-1.webp","datePublished":"2024-11-07T11:42:33+00:00","dateModified":"2025-09-15T15:24:10+00:00","description":"Compra extracto de chaga org\u00e1nico de alta calidad en The LYF Labs. Potente suplemento antioxidante Ideal para reforzar el sistema inmunol\u00f3gico y mejorar tu salud.","breadcrumb":{"@id":"https:\/\/thelyflabs.com\/product\/extracto-organico-de-chaga#breadcrumb"},"inLanguage":"pt-PT","potentialAction":[{"@type":"ReadAction","target":["https:\/\/thelyflabs.com\/product\/extracto-organico-de-chaga"]}]},{"@type":"ImageObject","inLanguage":"pt-PT","@id":"https:\/\/thelyflabs.com\/product\/extracto-organico-de-chaga#primaryimage","url":"https:\/\/thelyflabs.com\/wp-content\/uploads\/2024\/10\/1-1.webp","contentUrl":"https:\/\/thelyflabs.com\/wp-content\/uploads\/2024\/10\/1-1.webp","width":1409,"height":2000},{"@type":"BreadcrumbList","@id":"https:\/\/thelyflabs.com\/product\/extracto-organico-de-chaga#breadcrumb","itemListElement":[{"@type":"ListItem","position":1,"name":"Portada","item":"https:\/\/thelyflabs.com\/"},{"@type":"ListItem","position":2,"name":"Tienda","item":"https:\/\/thelyflabs.com\/tienda"},{"@type":"ListItem","position":3,"name":"Extracto Org\u00e1nico de Chaga"}]},{"@type":"WebSite","@id":"https:\/\/thelyflabs.com\/#website","url":"https:\/\/thelyflabs.com\/","name":"Os Laborat\u00f3rios LYF","description":"CBD atacado","publisher":{"@id":"https:\/\/thelyflabs.com\/#organization"},"potentialAction":[{"@type":"SearchAction","target":{"@type":"EntryPoint","urlTemplate":"https:\/\/thelyflabs.com\/?s={search_term_string}"},"query-input":{"@type":"PropertyValueSpecification","valueRequired":true,"valueName":"search_term_string"}}],"inLanguage":"pt-PT"},{"@type":"Organization","@id":"https:\/\/thelyflabs.com\/#organization","name":"Os Laborat\u00f3rios LYF","url":"https:\/\/thelyflabs.com\/","logo":{"@type":"ImageObject","inLanguage":"pt-PT","@id":"https:\/\/thelyflabs.com\/#\/schema\/logo\/image\/","url":"https:\/\/thelyflabs.com\/wp-content\/uploads\/2023\/01\/cropped-LogoTheLYFLabs.png","contentUrl":"https:\/\/thelyflabs.com\/wp-content\/uploads\/2023\/01\/cropped-LogoTheLYFLabs.png","width":600,"height":180,"caption":"The LYF Labs"},"image":{"@id":"https:\/\/thelyflabs.com\/#\/schema\/logo\/image\/"}}]}},"_links":{"self":[{"href":"https:\/\/thelyflabs.com\/pt\/wp-json\/wp\/v2\/product\/8824","targetHints":{"allow":["GET"]}}],"collection":[{"href":"https:\/\/thelyflabs.com\/pt\/wp-json\/wp\/v2\/product"}],"about":[{"href":"https:\/\/thelyflabs.com\/pt\/wp-json\/wp\/v2\/types\/product"}],"replies":[{"embeddable":true,"href":"https:\/\/thelyflabs.com\/pt\/wp-json\/wp\/v2\/comments?post=8824"}],"wp:featuredmedia":[{"embeddable":true,"href":"https:\/\/thelyflabs.com\/pt\/wp-json\/wp\/v2\/media\/8826"}],"wp:attachment":[{"href":"https:\/\/thelyflabs.com\/pt\/wp-json\/wp\/v2\/media?parent=8824"}],"wp:term":[{"taxonomy":"product_brand","embeddable":true,"href":"https:\/\/thelyflabs.com\/pt\/wp-json\/wp\/v2\/product_brand?post=8824"},{"taxonomy":"product_cat","embeddable":true,"href":"https:\/\/thelyflabs.com\/pt\/wp-json\/wp\/v2\/product_cat?post=8824"},{"taxonomy":"product_tag","embeddable":true,"href":"https:\/\/thelyflabs.com\/pt\/wp-json\/wp\/v2\/product_tag?post=8824"}],"curies":[{"name":"wp","href":"https:\/\/api.w.org\/{rel}","templated":true}]}}