{"id":8830,"date":"2024-11-07T12:42:09","date_gmt":"2024-11-07T11:42:09","guid":{"rendered":"https:\/\/thelyflabs.com\/?post_type=product&#038;p=8830"},"modified":"2025-09-15T17:24:31","modified_gmt":"2025-09-15T15:24:31","slug":"extracto-organico-de-melena-de-leon","status":"publish","type":"product","link":"https:\/\/thelyflabs.com\/pt\/product\/extracto-organico-de-melena-de-leon","title":{"rendered":"Extrato de Juba de Le\u00e3o Org\u00e2nico"},"content":{"rendered":"<h3>Extrato de Juba de Le\u00e3o Org\u00e2nico<\/h3>\n<p>Nosso <strong>extrato de juba de le\u00e3o org\u00e2nico<\/strong> \u00c9 um suplemento alimentar concentrado, elaborado com dupla extra\u00e7\u00e3o (\u00e1gua quente e \u00e1lcool) para maximizar seus benef\u00edcios. Fabricado na UE com os mais altos padr\u00f5es de qualidade.<\/p>\n<h3>Benef\u00edcios do Extrato de Juba de Le\u00e3o<\/h3>\n<p>O <strong>Juba de Le\u00e3o<\/strong> (Hericium erinaceus) \u00e9 um cogumelo conhecido pelos seus m\u00faltiplos benef\u00edcios para a sa\u00fade, apoiados pela medicina tradicional oriental. Extratos duplos, como este, s\u00e3o especialmente eficazes na extra\u00e7\u00e3o de todos os compostos ativos do cogumelo.<\/p>\n<h4>Principais benef\u00edcios:<\/h4>\n<ul>\n<li><strong>Fun\u00e7\u00e3o cognitiva melhorada<\/strong>: Juba de Le\u00e3o estimula a produ\u00e7\u00e3o do Fator de Crescimento Nervoso (NGF), auxiliando na regenera\u00e7\u00e3o neuronal, melhorando a mem\u00f3ria, concentra\u00e7\u00e3o e clareza mental.<\/li>\n<li><strong>Suporte para o sistema nervoso<\/strong>: Ajuda a reparar nervos danificados, sendo \u00fatil para melhorar a sa\u00fade neurol\u00f3gica e promover a recupera\u00e7\u00e3o de les\u00f5es.<\/li>\n<li><strong>Redu\u00e7\u00e3o da ansiedade e depress\u00e3o<\/strong>: Estudos sugerem que Juba de Le\u00e3o pode reduzir sintomas de ansiedade e depress\u00e3o, agindo no sistema nervoso central.<\/li>\n<li><strong>Propriedades anti-inflamat\u00f3rias e antioxidantes<\/strong>: Seu conte\u00fado em compostos antioxidantes e antiinflamat\u00f3rios protege as c\u00e9lulas dos danos causados pelo estresse oxidativo.<\/li>\n<li><strong>Melhor sa\u00fade digestiva<\/strong>: Este cogumelo \u00e9 tradicionalmente utilizado para aliviar problemas gastrointestinais, como \u00falceras e inflama\u00e7\u00f5es.<\/li>\n<li><strong>Potencial antic\u00e2ncer<\/strong>: Pesquisas preliminares indicam que o extrato de juba de le\u00e3o pode inibir o crescimento de c\u00e9lulas cancer\u00edgenas.<\/li>\n<li><strong>Fortalecendo o sistema imunol\u00f3gico<\/strong>: Os beta-glucanos presentes na juba de le\u00e3o estimulam o sistema imunol\u00f3gico, ajudando o organismo a combater infec\u00e7\u00f5es.<\/li>\n<\/ul>\n<p>Esses benef\u00edcios est\u00e3o ligados \u00e0 qualidade do extrato e ao seu uso constante. Ele <strong>extrato de juba de le\u00e3o<\/strong> dual, que utiliza \u00e1gua e \u00e1lcool em seu processo de extra\u00e7\u00e3o, garante maior concentra\u00e7\u00e3o de compostos ativos, maximizando sua efic\u00e1cia.<\/p>","protected":false},"excerpt":{"rendered":"<h4>Caracter\u00edsticas do Extrato de Juba de Le\u00e3o:<\/h4>\n<ul>\n<li>Frasco conta-gotas de vidro Miron violeta de 50ml ou vidro marrom farmac\u00eautico.<\/li>\n<li>F\u00e1cil de usar: adicione duas doses a um copo de \u00e1gua ou diretamente debaixo da l\u00edngua.<\/li>\n<li>Cont\u00e9m aproximadamente 25% de \u00e1lcool.<\/li>\n<li><strong>Extrato duplo<\/strong> com \u00e1gua quente e \u00e1lcool para extrair compostos sol\u00faveis em \u00e1gua e n\u00e3o sol\u00faveis em \u00e1gua.<\/li>\n<li>Elaborado com extrato que cont\u00e9m mais de 20% de Beta glucanos 1.3\/1.6.<\/li>\n<li>Sem adi\u00e7\u00e3o de amido, gr\u00e3os ou outros enchimentos.<\/li>\n<li>Apenas corpos de frutifica\u00e7\u00e3o org\u00e2nicos, sem mic\u00e9lio.<\/li>\n<li>Sem gl\u00faten, n\u00e3o geneticamente modificado (n\u00e3o OGM) e adequado para veganos.<\/li>\n<li>Qualidade premium, testada em laborat\u00f3rios terceirizados credenciados.<\/li>\n<li>Prazo de validade de 18 meses a partir da data de fabrica\u00e7\u00e3o.<\/li>\n<\/ul>","protected":false},"featured_media":8832,"comment_status":"open","ping_status":"closed","template":"","meta":{"_acf_changed":false,"site-sidebar-layout":"default","site-content-layout":"","ast-site-content-layout":"default","site-content-style":"default","site-sidebar-style":"default","ast-global-header-display":"","ast-banner-title-visibility":"","ast-main-header-display":"","ast-hfb-above-header-display":"","ast-hfb-below-header-display":"","ast-hfb-mobile-header-display":"","site-post-title":"","ast-breadcrumbs-content":"","ast-featured-img":"","footer-sml-layout":"","theme-transparent-header-meta":"default","adv-header-id-meta":"","stick-header-meta":"","header-above-stick-meta":"","header-main-stick-meta":"","header-below-stick-meta":"","astra-migrate-meta-layouts":"set","ast-page-background-enabled":"default","ast-page-background-meta":{"desktop":{"background-color":"var(--ast-global-color-4)","background-image":"","background-repeat":"repeat","background-position":"center center","background-size":"auto","background-attachment":"scroll","background-type":"","background-media":"","overlay-type":"","overlay-color":"","overlay-opacity":"","overlay-gradient":""},"tablet":{"background-color":"","background-image":"","background-repeat":"repeat","background-position":"center center","background-size":"auto","background-attachment":"scroll","background-type":"","background-media":"","overlay-type":"","overlay-color":"","overlay-opacity":"","overlay-gradient":""},"mobile":{"background-color":"","background-image":"","background-repeat":"repeat","background-position":"center center","background-size":"auto","background-attachment":"scroll","background-type":"","background-media":"","overlay-type":"","overlay-color":"","overlay-opacity":"","overlay-gradient":""}},"ast-content-background-meta":{"desktop":{"background-color":"var(--ast-global-color-5)","background-image":"","background-repeat":"repeat","background-position":"center center","background-size":"auto","background-attachment":"scroll","background-type":"","background-media":"","overlay-type":"","overlay-color":"","overlay-opacity":"","overlay-gradient":""},"tablet":{"background-color":"var(--ast-global-color-5)","background-image":"","background-repeat":"repeat","background-position":"center center","background-size":"auto","background-attachment":"scroll","background-type":"","background-media":"","overlay-type":"","overlay-color":"","overlay-opacity":"","overlay-gradient":""},"mobile":{"background-color":"var(--ast-global-color-5)","background-image":"","background-repeat":"repeat","background-position":"center center","background-size":"auto","background-attachment":"scroll","background-type":"","background-media":"","overlay-type":"","overlay-color":"","overlay-opacity":"","overlay-gradient":""}}},"product_brand":[],"product_cat":[127],"product_tag":[],"class_list":{"0":"post-8830","1":"product","2":"type-product","3":"status-publish","4":"has-post-thumbnail","6":"product_cat-setas-funcionales","7":"desktop-align-center","8":"tablet-align-left","9":"mobile-align-left","11":"first","12":"outofstock","13":"taxable","14":"shipping-taxable","15":"product-type-simple"},"acf":[],"yoast_head":"<!-- This site is optimized with the Yoast SEO plugin v27.5 - https:\/\/yoast.com\/product\/yoast-seo-wordpress\/ -->\n<title>Extracto Org\u00e1nico de Melena de Le\u00f3n - THE LYF LABS<\/title>\n<meta name=\"description\" content=\"Compra extracto org\u00e1nico de melena de le\u00f3n de alta calidad en The LYF Labs. Suplemento natural para mejorar la funci\u00f3n cognitiva, apoyar el sistema nervioso y reforzar el sistema inmunol\u00f3gico. Certificado, sin gluten y vegano.\" \/>\n<meta name=\"robots\" content=\"index, follow, max-snippet:-1, max-image-preview:large, max-video-preview:-1\" \/>\n<link rel=\"canonical\" href=\"https:\/\/thelyflabs.com\/pt\/product\/extracto-organico-de-melena-de-leon\/\" \/>\n<meta property=\"og:locale\" content=\"pt_PT\" \/>\n<meta property=\"og:type\" content=\"article\" \/>\n<meta property=\"og:title\" content=\"Extracto Org\u00e1nico de Melena de Le\u00f3n - THE LYF LABS\" \/>\n<meta property=\"og:description\" content=\"Compra extracto org\u00e1nico de melena de le\u00f3n de alta calidad en The LYF Labs. Suplemento natural para mejorar la funci\u00f3n cognitiva, apoyar el sistema nervioso y reforzar el sistema inmunol\u00f3gico. Certificado, sin gluten y vegano.\" \/>\n<meta property=\"og:url\" content=\"https:\/\/thelyflabs.com\/pt\/product\/extracto-organico-de-melena-de-leon\/\" \/>\n<meta property=\"og:site_name\" content=\"THE LYF LABS\" \/>\n<meta property=\"article:modified_time\" content=\"2025-09-15T15:24:31+00:00\" \/>\n<meta property=\"og:image\" content=\"https:\/\/thelyflabs.com\/wp-content\/uploads\/2024\/10\/8.webp\" \/>\n\t<meta property=\"og:image:width\" content=\"1409\" \/>\n\t<meta property=\"og:image:height\" content=\"2000\" \/>\n\t<meta property=\"og:image:type\" content=\"image\/webp\" \/>\n<meta name=\"twitter:card\" content=\"summary_large_image\" \/>\n<meta name=\"twitter:label1\" content=\"Tempo estimado de leitura\" \/>\n\t<meta name=\"twitter:data1\" content=\"3 minutos\" \/>\n<script type=\"application\/ld+json\" class=\"yoast-schema-graph\">{\"@context\":\"https:\\\/\\\/schema.org\",\"@graph\":[{\"@type\":\"WebPage\",\"@id\":\"https:\\\/\\\/thelyflabs.com\\\/product\\\/extracto-organico-de-melena-de-leon\",\"url\":\"https:\\\/\\\/thelyflabs.com\\\/product\\\/extracto-organico-de-melena-de-leon\",\"name\":\"Extracto Org\u00e1nico de Melena de Le\u00f3n - THE LYF LABS\",\"isPartOf\":{\"@id\":\"https:\\\/\\\/thelyflabs.com\\\/#website\"},\"primaryImageOfPage\":{\"@id\":\"https:\\\/\\\/thelyflabs.com\\\/product\\\/extracto-organico-de-melena-de-leon#primaryimage\"},\"image\":{\"@id\":\"https:\\\/\\\/thelyflabs.com\\\/product\\\/extracto-organico-de-melena-de-leon#primaryimage\"},\"thumbnailUrl\":\"https:\\\/\\\/thelyflabs.com\\\/wp-content\\\/uploads\\\/2024\\\/10\\\/8.webp\",\"datePublished\":\"2024-11-07T11:42:09+00:00\",\"dateModified\":\"2025-09-15T15:24:31+00:00\",\"description\":\"Compra extracto org\u00e1nico de melena de le\u00f3n de alta calidad en The LYF Labs. Suplemento natural para mejorar la funci\u00f3n cognitiva, apoyar el sistema nervioso y reforzar el sistema inmunol\u00f3gico. Certificado, sin gluten y vegano.\",\"breadcrumb\":{\"@id\":\"https:\\\/\\\/thelyflabs.com\\\/product\\\/extracto-organico-de-melena-de-leon#breadcrumb\"},\"inLanguage\":\"pt-PT\",\"potentialAction\":[{\"@type\":\"ReadAction\",\"target\":[\"https:\\\/\\\/thelyflabs.com\\\/product\\\/extracto-organico-de-melena-de-leon\"]}]},{\"@type\":\"ImageObject\",\"inLanguage\":\"pt-PT\",\"@id\":\"https:\\\/\\\/thelyflabs.com\\\/product\\\/extracto-organico-de-melena-de-leon#primaryimage\",\"url\":\"https:\\\/\\\/thelyflabs.com\\\/wp-content\\\/uploads\\\/2024\\\/10\\\/8.webp\",\"contentUrl\":\"https:\\\/\\\/thelyflabs.com\\\/wp-content\\\/uploads\\\/2024\\\/10\\\/8.webp\",\"width\":1409,\"height\":2000},{\"@type\":\"BreadcrumbList\",\"@id\":\"https:\\\/\\\/thelyflabs.com\\\/product\\\/extracto-organico-de-melena-de-leon#breadcrumb\",\"itemListElement\":[{\"@type\":\"ListItem\",\"position\":1,\"name\":\"Portada\",\"item\":\"https:\\\/\\\/thelyflabs.com\\\/\"},{\"@type\":\"ListItem\",\"position\":2,\"name\":\"Tienda\",\"item\":\"https:\\\/\\\/thelyflabs.com\\\/tienda\"},{\"@type\":\"ListItem\",\"position\":3,\"name\":\"Extracto Org\u00e1nico de Melena de Le\u00f3n\"}]},{\"@type\":\"WebSite\",\"@id\":\"https:\\\/\\\/thelyflabs.com\\\/#website\",\"url\":\"https:\\\/\\\/thelyflabs.com\\\/\",\"name\":\"The LYF Labs\",\"description\":\"CBD al por mayor\",\"publisher\":{\"@id\":\"https:\\\/\\\/thelyflabs.com\\\/#organization\"},\"potentialAction\":[{\"@type\":\"SearchAction\",\"target\":{\"@type\":\"EntryPoint\",\"urlTemplate\":\"https:\\\/\\\/thelyflabs.com\\\/?s={search_term_string}\"},\"query-input\":{\"@type\":\"PropertyValueSpecification\",\"valueRequired\":true,\"valueName\":\"search_term_string\"}}],\"inLanguage\":\"pt-PT\"},{\"@type\":\"Organization\",\"@id\":\"https:\\\/\\\/thelyflabs.com\\\/#organization\",\"name\":\"The LYF Labs\",\"url\":\"https:\\\/\\\/thelyflabs.com\\\/\",\"logo\":{\"@type\":\"ImageObject\",\"inLanguage\":\"pt-PT\",\"@id\":\"https:\\\/\\\/thelyflabs.com\\\/#\\\/schema\\\/logo\\\/image\\\/\",\"url\":\"https:\\\/\\\/thelyflabs.com\\\/wp-content\\\/uploads\\\/2023\\\/01\\\/cropped-LogoTheLYFLabs.png\",\"contentUrl\":\"https:\\\/\\\/thelyflabs.com\\\/wp-content\\\/uploads\\\/2023\\\/01\\\/cropped-LogoTheLYFLabs.png\",\"width\":600,\"height\":180,\"caption\":\"The LYF Labs\"},\"image\":{\"@id\":\"https:\\\/\\\/thelyflabs.com\\\/#\\\/schema\\\/logo\\\/image\\\/\"}}]}<\/script>\n<!-- \/ Yoast SEO plugin. -->","yoast_head_json":{"title":"Extracto Org\u00e1nico de Melena de Le\u00f3n - THE LYF LABS","description":"Compra extracto org\u00e1nico de melena de le\u00f3n de alta calidad en The LYF Labs. Suplemento natural para mejorar la funci\u00f3n cognitiva, apoyar el sistema nervioso y reforzar el sistema inmunol\u00f3gico. Certificado, sin gluten y vegano.","robots":{"index":"index","follow":"follow","max-snippet":"max-snippet:-1","max-image-preview":"max-image-preview:large","max-video-preview":"max-video-preview:-1"},"canonical":"https:\/\/thelyflabs.com\/pt\/product\/extracto-organico-de-melena-de-leon\/","og_locale":"pt_PT","og_type":"article","og_title":"Extracto Org\u00e1nico de Melena de Le\u00f3n - THE LYF LABS","og_description":"Compra extracto org\u00e1nico de melena de le\u00f3n de alta calidad en The LYF Labs. Suplemento natural para mejorar la funci\u00f3n cognitiva, apoyar el sistema nervioso y reforzar el sistema inmunol\u00f3gico. Certificado, sin gluten y vegano.","og_url":"https:\/\/thelyflabs.com\/pt\/product\/extracto-organico-de-melena-de-leon\/","og_site_name":"THE LYF LABS","article_modified_time":"2025-09-15T15:24:31+00:00","og_image":[{"width":1409,"height":2000,"url":"https:\/\/thelyflabs.com\/wp-content\/uploads\/2024\/10\/8.webp","type":"image\/webp"}],"twitter_card":"summary_large_image","twitter_misc":{"Tempo estimado de leitura":"3 minutos"},"schema":{"@context":"https:\/\/schema.org","@graph":[{"@type":"WebPage","@id":"https:\/\/thelyflabs.com\/product\/extracto-organico-de-melena-de-leon","url":"https:\/\/thelyflabs.com\/product\/extracto-organico-de-melena-de-leon","name":"Extracto Org\u00e1nico de Melena de Le\u00f3n - THE LYF LABS","isPartOf":{"@id":"https:\/\/thelyflabs.com\/#website"},"primaryImageOfPage":{"@id":"https:\/\/thelyflabs.com\/product\/extracto-organico-de-melena-de-leon#primaryimage"},"image":{"@id":"https:\/\/thelyflabs.com\/product\/extracto-organico-de-melena-de-leon#primaryimage"},"thumbnailUrl":"https:\/\/thelyflabs.com\/wp-content\/uploads\/2024\/10\/8.webp","datePublished":"2024-11-07T11:42:09+00:00","dateModified":"2025-09-15T15:24:31+00:00","description":"Compra extracto org\u00e1nico de melena de le\u00f3n de alta calidad en The LYF Labs. Suplemento natural para mejorar la funci\u00f3n cognitiva, apoyar el sistema nervioso y reforzar el sistema inmunol\u00f3gico. Certificado, sin gluten y vegano.","breadcrumb":{"@id":"https:\/\/thelyflabs.com\/product\/extracto-organico-de-melena-de-leon#breadcrumb"},"inLanguage":"pt-PT","potentialAction":[{"@type":"ReadAction","target":["https:\/\/thelyflabs.com\/product\/extracto-organico-de-melena-de-leon"]}]},{"@type":"ImageObject","inLanguage":"pt-PT","@id":"https:\/\/thelyflabs.com\/product\/extracto-organico-de-melena-de-leon#primaryimage","url":"https:\/\/thelyflabs.com\/wp-content\/uploads\/2024\/10\/8.webp","contentUrl":"https:\/\/thelyflabs.com\/wp-content\/uploads\/2024\/10\/8.webp","width":1409,"height":2000},{"@type":"BreadcrumbList","@id":"https:\/\/thelyflabs.com\/product\/extracto-organico-de-melena-de-leon#breadcrumb","itemListElement":[{"@type":"ListItem","position":1,"name":"Portada","item":"https:\/\/thelyflabs.com\/"},{"@type":"ListItem","position":2,"name":"Tienda","item":"https:\/\/thelyflabs.com\/tienda"},{"@type":"ListItem","position":3,"name":"Extracto Org\u00e1nico de Melena de Le\u00f3n"}]},{"@type":"WebSite","@id":"https:\/\/thelyflabs.com\/#website","url":"https:\/\/thelyflabs.com\/","name":"Os Laborat\u00f3rios LYF","description":"CBD atacado","publisher":{"@id":"https:\/\/thelyflabs.com\/#organization"},"potentialAction":[{"@type":"SearchAction","target":{"@type":"EntryPoint","urlTemplate":"https:\/\/thelyflabs.com\/?s={search_term_string}"},"query-input":{"@type":"PropertyValueSpecification","valueRequired":true,"valueName":"search_term_string"}}],"inLanguage":"pt-PT"},{"@type":"Organization","@id":"https:\/\/thelyflabs.com\/#organization","name":"Os Laborat\u00f3rios LYF","url":"https:\/\/thelyflabs.com\/","logo":{"@type":"ImageObject","inLanguage":"pt-PT","@id":"https:\/\/thelyflabs.com\/#\/schema\/logo\/image\/","url":"https:\/\/thelyflabs.com\/wp-content\/uploads\/2023\/01\/cropped-LogoTheLYFLabs.png","contentUrl":"https:\/\/thelyflabs.com\/wp-content\/uploads\/2023\/01\/cropped-LogoTheLYFLabs.png","width":600,"height":180,"caption":"The LYF Labs"},"image":{"@id":"https:\/\/thelyflabs.com\/#\/schema\/logo\/image\/"}}]}},"_links":{"self":[{"href":"https:\/\/thelyflabs.com\/pt\/wp-json\/wp\/v2\/product\/8830","targetHints":{"allow":["GET"]}}],"collection":[{"href":"https:\/\/thelyflabs.com\/pt\/wp-json\/wp\/v2\/product"}],"about":[{"href":"https:\/\/thelyflabs.com\/pt\/wp-json\/wp\/v2\/types\/product"}],"replies":[{"embeddable":true,"href":"https:\/\/thelyflabs.com\/pt\/wp-json\/wp\/v2\/comments?post=8830"}],"wp:featuredmedia":[{"embeddable":true,"href":"https:\/\/thelyflabs.com\/pt\/wp-json\/wp\/v2\/media\/8832"}],"wp:attachment":[{"href":"https:\/\/thelyflabs.com\/pt\/wp-json\/wp\/v2\/media?parent=8830"}],"wp:term":[{"taxonomy":"product_brand","embeddable":true,"href":"https:\/\/thelyflabs.com\/pt\/wp-json\/wp\/v2\/product_brand?post=8830"},{"taxonomy":"product_cat","embeddable":true,"href":"https:\/\/thelyflabs.com\/pt\/wp-json\/wp\/v2\/product_cat?post=8830"},{"taxonomy":"product_tag","embeddable":true,"href":"https:\/\/thelyflabs.com\/pt\/wp-json\/wp\/v2\/product_tag?post=8830"}],"curies":[{"name":"wp","href":"https:\/\/api.w.org\/{rel}","templated":true}]}}