{"id":8834,"date":"2024-11-07T12:42:22","date_gmt":"2024-11-07T11:42:22","guid":{"rendered":"https:\/\/thelyflabs.com\/?post_type=product&#038;p=8834"},"modified":"2025-09-15T17:24:22","modified_gmt":"2025-09-15T15:24:22","slug":"extracto-organico-de-reishi","status":"publish","type":"product","link":"https:\/\/thelyflabs.com\/pt\/product\/extracto-organico-de-reishi","title":{"rendered":"Extrato de Reishi Org\u00e2nico"},"content":{"rendered":"<h1><strong>Extrato de Reishi Org\u00e2nico (Extrato Duplo)<\/strong><\/h1>\n<p>Ele <em>Extrato de Reishi Org\u00e2nico<\/em> \u00e9 um suplemento diet\u00e9tico puro e concentrado, fabricado nos EUA, desenvolvido para proporcionar m\u00faltiplos benef\u00edcios \u00e0 sa\u00fade.<\/p>\n<ul>\n<li><strong>Extrato duplo poderoso 20:1<\/strong><\/li>\n<li>1 frasco cont\u00e9m o equivalente a 150g de Reishi org\u00e2nico certificado, cru e seco.<\/li>\n<li>Cada garrafa oferece <strong>25 doses di\u00e1rias<\/strong><\/li>\n<\/ul>\n<h3>Benef\u00edcios do Extrato de Reishi<\/h3>\n<ol>\n<li><strong>Fortalecendo o sistema imunol\u00f3gico<\/strong>: Reishi fortalece as defesas do organismo e aumenta a resist\u00eancia a infec\u00e7\u00f5es e doen\u00e7as.<\/li>\n<li><strong>Propriedades anti-inflamat\u00f3rias<\/strong>: Ajuda a reduzir a inflama\u00e7\u00e3o, sendo \u00fatil para doen\u00e7as como a artrite.<\/li>\n<li><strong>Redu\u00e7\u00e3o do estresse e da ansiedade<\/strong>: Promove relaxamento, melhora o sono e reduz o estresse.<\/li>\n<li><strong>Melhor sa\u00fade cardiovascular<\/strong>: Contribui para a redu\u00e7\u00e3o da press\u00e3o arterial e do colesterol, melhorando a sa\u00fade do cora\u00e7\u00e3o.<\/li>\n<li><strong>Propriedades antioxidantes<\/strong>: Protege contra o envelhecimento precoce e doen\u00e7as cr\u00f4nicas, combatendo os radicais livres.<\/li>\n<li><strong>Apoio \u00e0 sa\u00fade do f\u00edgado<\/strong>: Promove a fun\u00e7\u00e3o hep\u00e1tica e ajuda a desintoxicar o corpo.<\/li>\n<li><strong>Potencial antic\u00e2ncer<\/strong>: Pesquisas sugerem que pode inibir o crescimento de c\u00e9lulas cancer\u00edgenas.<\/li>\n<li><strong>Regula\u00e7\u00e3o do a\u00e7\u00facar no sangue<\/strong>: Ajuda a manter n\u00edveis saud\u00e1veis de glicose.<\/li>\n<li><strong>Benef\u00edcios para a pele<\/strong>: Melhora a sa\u00fade da pele, combatendo acne e inflama\u00e7\u00f5es.<\/li>\n<li><strong>Aumento de energia e resist\u00eancia<\/strong>: Melhora o desempenho f\u00edsico e a vitalidade.<\/li>\n<\/ol>\n<p>Este extrato de Reishi fornece suporte abrangente para o seu bem-estar, apoiado pela ci\u00eancia e certificado como org\u00e2nico.<\/p>","protected":false},"excerpt":{"rendered":"<h3>CARACTER\u00cdSTICAS DO EXTRATO DE REISHI ORG\u00c2NICO<\/h3>\n<ul>\n<li>Frasco conta-gotas de vidro violeta de alta qualidade de 50ml.<\/li>\n<li>F\u00e1cil de usar: Adicione tr\u00eas conta-gotas a um copo de \u00e1gua ou diretamente sob a l\u00edngua.<\/li>\n<li>Extra\u00eddo com \u00e1gua quente e \u00e1lcool (extrato duplo) de Reishi org\u00e2nico colhido de forma sustent\u00e1vel.<\/li>\n<li>Cont\u00e9m aproximadamente 25% de \u00e1lcool.<\/li>\n<li>Cont\u00e9m compostos sol\u00faveis e insol\u00faveis em \u00e1gua.<\/li>\n<li>Feito com <strong>extrair &gt;30% Beta-glucanos 1,3\/1,6<\/strong>.<\/li>\n<li>Sem adi\u00e7\u00e3o de amido, sem gr\u00e3os ou outros enchimentos.<\/li>\n<li>Org\u00e2nico certificado pela UE.<\/li>\n<li>Sem gl\u00faten, n\u00e3o geneticamente modificado (n\u00e3o OGM), vegano.<\/li>\n<li>Qualidade Premium: Testado em laborat\u00f3rios credenciados por terceiros.<\/li>\n<li>Sem mic\u00e9lio, apenas s\u00e3o utilizados corpos de frutifica\u00e7\u00e3o org\u00e2nicos.<\/li>\n<li>Engarrafado em vidro biopot\u00f4nico Miron.<\/li>\n<li>Prazo de validade de 18 meses a partir da data de fabrica\u00e7\u00e3o.<\/li>\n<\/ul>","protected":false},"featured_media":8835,"comment_status":"open","ping_status":"closed","template":"","meta":{"_acf_changed":false,"site-sidebar-layout":"default","site-content-layout":"","ast-site-content-layout":"default","site-content-style":"default","site-sidebar-style":"default","ast-global-header-display":"","ast-banner-title-visibility":"","ast-main-header-display":"","ast-hfb-above-header-display":"","ast-hfb-below-header-display":"","ast-hfb-mobile-header-display":"","site-post-title":"","ast-breadcrumbs-content":"","ast-featured-img":"","footer-sml-layout":"","theme-transparent-header-meta":"default","adv-header-id-meta":"","stick-header-meta":"","header-above-stick-meta":"","header-main-stick-meta":"","header-below-stick-meta":"","astra-migrate-meta-layouts":"set","ast-page-background-enabled":"default","ast-page-background-meta":{"desktop":{"background-color":"var(--ast-global-color-4)","background-image":"","background-repeat":"repeat","background-position":"center center","background-size":"auto","background-attachment":"scroll","background-type":"","background-media":"","overlay-type":"","overlay-color":"","overlay-opacity":"","overlay-gradient":""},"tablet":{"background-color":"","background-image":"","background-repeat":"repeat","background-position":"center center","background-size":"auto","background-attachment":"scroll","background-type":"","background-media":"","overlay-type":"","overlay-color":"","overlay-opacity":"","overlay-gradient":""},"mobile":{"background-color":"","background-image":"","background-repeat":"repeat","background-position":"center center","background-size":"auto","background-attachment":"scroll","background-type":"","background-media":"","overlay-type":"","overlay-color":"","overlay-opacity":"","overlay-gradient":""}},"ast-content-background-meta":{"desktop":{"background-color":"var(--ast-global-color-5)","background-image":"","background-repeat":"repeat","background-position":"center center","background-size":"auto","background-attachment":"scroll","background-type":"","background-media":"","overlay-type":"","overlay-color":"","overlay-opacity":"","overlay-gradient":""},"tablet":{"background-color":"var(--ast-global-color-5)","background-image":"","background-repeat":"repeat","background-position":"center center","background-size":"auto","background-attachment":"scroll","background-type":"","background-media":"","overlay-type":"","overlay-color":"","overlay-opacity":"","overlay-gradient":""},"mobile":{"background-color":"var(--ast-global-color-5)","background-image":"","background-repeat":"repeat","background-position":"center center","background-size":"auto","background-attachment":"scroll","background-type":"","background-media":"","overlay-type":"","overlay-color":"","overlay-opacity":"","overlay-gradient":""}}},"product_brand":[],"product_cat":[127],"product_tag":[],"class_list":{"0":"post-8834","1":"product","2":"type-product","3":"status-publish","4":"has-post-thumbnail","6":"product_cat-setas-funcionales","7":"desktop-align-center","8":"tablet-align-left","9":"mobile-align-left","11":"first","12":"outofstock","13":"taxable","14":"shipping-taxable","15":"purchasable","16":"product-type-simple"},"acf":[],"yoast_head":"<!-- This site is optimized with the Yoast SEO plugin v27.4 - https:\/\/yoast.com\/product\/yoast-seo-wordpress\/ -->\n<title>Extracto Org\u00e1nico de Reishi - THE LYF LABS<\/title>\n<meta name=\"description\" content=\"Compra extracto org\u00e1nico de Reishi de alta calidad en The LYF Labs. Potente suplemento con propiedades antioxidantes, antiinflamatorias y para fortalecer el sistema inmunol\u00f3gico. Sin gluten, vegano y certificado.\" \/>\n<meta name=\"robots\" content=\"index, follow, max-snippet:-1, max-image-preview:large, max-video-preview:-1\" \/>\n<link rel=\"canonical\" href=\"https:\/\/thelyflabs.com\/pt\/product\/extracto-organico-de-reishi\/\" \/>\n<meta property=\"og:locale\" content=\"pt_PT\" \/>\n<meta property=\"og:type\" content=\"article\" \/>\n<meta property=\"og:title\" content=\"Extracto Org\u00e1nico de Reishi - THE LYF LABS\" \/>\n<meta property=\"og:description\" content=\"Compra extracto org\u00e1nico de Reishi de alta calidad en The LYF Labs. Potente suplemento con propiedades antioxidantes, antiinflamatorias y para fortalecer el sistema inmunol\u00f3gico. Sin gluten, vegano y certificado.\" \/>\n<meta property=\"og:url\" content=\"https:\/\/thelyflabs.com\/pt\/product\/extracto-organico-de-reishi\/\" \/>\n<meta property=\"og:site_name\" content=\"THE LYF LABS\" \/>\n<meta property=\"article:modified_time\" content=\"2025-09-15T15:24:22+00:00\" \/>\n<meta property=\"og:image\" content=\"https:\/\/thelyflabs.com\/wp-content\/uploads\/2024\/10\/6.webp\" \/>\n\t<meta property=\"og:image:width\" content=\"1409\" \/>\n\t<meta property=\"og:image:height\" content=\"2000\" \/>\n\t<meta property=\"og:image:type\" content=\"image\/webp\" \/>\n<meta name=\"twitter:card\" content=\"summary_large_image\" \/>\n<meta name=\"twitter:label1\" content=\"Tempo estimado de leitura\" \/>\n\t<meta name=\"twitter:data1\" content=\"3 minutos\" \/>\n<script type=\"application\/ld+json\" class=\"yoast-schema-graph\">{\"@context\":\"https:\\\/\\\/schema.org\",\"@graph\":[{\"@type\":\"WebPage\",\"@id\":\"https:\\\/\\\/thelyflabs.com\\\/product\\\/extracto-organico-de-reishi\",\"url\":\"https:\\\/\\\/thelyflabs.com\\\/product\\\/extracto-organico-de-reishi\",\"name\":\"Extracto Org\u00e1nico de Reishi - THE LYF LABS\",\"isPartOf\":{\"@id\":\"https:\\\/\\\/thelyflabs.com\\\/#website\"},\"primaryImageOfPage\":{\"@id\":\"https:\\\/\\\/thelyflabs.com\\\/product\\\/extracto-organico-de-reishi#primaryimage\"},\"image\":{\"@id\":\"https:\\\/\\\/thelyflabs.com\\\/product\\\/extracto-organico-de-reishi#primaryimage\"},\"thumbnailUrl\":\"https:\\\/\\\/thelyflabs.com\\\/wp-content\\\/uploads\\\/2024\\\/10\\\/6.webp\",\"datePublished\":\"2024-11-07T11:42:22+00:00\",\"dateModified\":\"2025-09-15T15:24:22+00:00\",\"description\":\"Compra extracto org\u00e1nico de Reishi de alta calidad en The LYF Labs. Potente suplemento con propiedades antioxidantes, antiinflamatorias y para fortalecer el sistema inmunol\u00f3gico. Sin gluten, vegano y certificado.\",\"breadcrumb\":{\"@id\":\"https:\\\/\\\/thelyflabs.com\\\/product\\\/extracto-organico-de-reishi#breadcrumb\"},\"inLanguage\":\"pt-PT\",\"potentialAction\":[{\"@type\":\"ReadAction\",\"target\":[\"https:\\\/\\\/thelyflabs.com\\\/product\\\/extracto-organico-de-reishi\"]}]},{\"@type\":\"ImageObject\",\"inLanguage\":\"pt-PT\",\"@id\":\"https:\\\/\\\/thelyflabs.com\\\/product\\\/extracto-organico-de-reishi#primaryimage\",\"url\":\"https:\\\/\\\/thelyflabs.com\\\/wp-content\\\/uploads\\\/2024\\\/10\\\/6.webp\",\"contentUrl\":\"https:\\\/\\\/thelyflabs.com\\\/wp-content\\\/uploads\\\/2024\\\/10\\\/6.webp\",\"width\":1409,\"height\":2000},{\"@type\":\"BreadcrumbList\",\"@id\":\"https:\\\/\\\/thelyflabs.com\\\/product\\\/extracto-organico-de-reishi#breadcrumb\",\"itemListElement\":[{\"@type\":\"ListItem\",\"position\":1,\"name\":\"Portada\",\"item\":\"https:\\\/\\\/thelyflabs.com\\\/\"},{\"@type\":\"ListItem\",\"position\":2,\"name\":\"Tienda\",\"item\":\"https:\\\/\\\/thelyflabs.com\\\/tienda\"},{\"@type\":\"ListItem\",\"position\":3,\"name\":\"Extracto Org\u00e1nico de Reishi\"}]},{\"@type\":\"WebSite\",\"@id\":\"https:\\\/\\\/thelyflabs.com\\\/#website\",\"url\":\"https:\\\/\\\/thelyflabs.com\\\/\",\"name\":\"The LYF Labs\",\"description\":\"CBD al por mayor\",\"publisher\":{\"@id\":\"https:\\\/\\\/thelyflabs.com\\\/#organization\"},\"potentialAction\":[{\"@type\":\"SearchAction\",\"target\":{\"@type\":\"EntryPoint\",\"urlTemplate\":\"https:\\\/\\\/thelyflabs.com\\\/?s={search_term_string}\"},\"query-input\":{\"@type\":\"PropertyValueSpecification\",\"valueRequired\":true,\"valueName\":\"search_term_string\"}}],\"inLanguage\":\"pt-PT\"},{\"@type\":\"Organization\",\"@id\":\"https:\\\/\\\/thelyflabs.com\\\/#organization\",\"name\":\"The LYF Labs\",\"url\":\"https:\\\/\\\/thelyflabs.com\\\/\",\"logo\":{\"@type\":\"ImageObject\",\"inLanguage\":\"pt-PT\",\"@id\":\"https:\\\/\\\/thelyflabs.com\\\/#\\\/schema\\\/logo\\\/image\\\/\",\"url\":\"https:\\\/\\\/thelyflabs.com\\\/wp-content\\\/uploads\\\/2023\\\/01\\\/cropped-LogoTheLYFLabs.png\",\"contentUrl\":\"https:\\\/\\\/thelyflabs.com\\\/wp-content\\\/uploads\\\/2023\\\/01\\\/cropped-LogoTheLYFLabs.png\",\"width\":600,\"height\":180,\"caption\":\"The LYF Labs\"},\"image\":{\"@id\":\"https:\\\/\\\/thelyflabs.com\\\/#\\\/schema\\\/logo\\\/image\\\/\"}}]}<\/script>\n<!-- \/ Yoast SEO plugin. -->","yoast_head_json":{"title":"Extrato de Reishi Org\u00e2nico - THE LYF LABS","description":"Compre extrato de Reishi org\u00e2nico de alta qualidade da The LYF Labs. Um suplemento poderoso com propriedades antioxidantes, anti-inflamat\u00f3rias e de refor\u00e7o imunol\u00f3gico. Sem gl\u00faten, vegano e com certifica\u00e7\u00e3o org\u00e2nica.","robots":{"index":"index","follow":"follow","max-snippet":"max-snippet:-1","max-image-preview":"max-image-preview:large","max-video-preview":"max-video-preview:-1"},"canonical":"https:\/\/thelyflabs.com\/pt\/product\/extracto-organico-de-reishi\/","og_locale":"pt_PT","og_type":"article","og_title":"Extracto Org\u00e1nico de Reishi - THE LYF LABS","og_description":"Compra extracto org\u00e1nico de Reishi de alta calidad en The LYF Labs. Potente suplemento con propiedades antioxidantes, antiinflamatorias y para fortalecer el sistema inmunol\u00f3gico. Sin gluten, vegano y certificado.","og_url":"https:\/\/thelyflabs.com\/pt\/product\/extracto-organico-de-reishi\/","og_site_name":"THE LYF LABS","article_modified_time":"2025-09-15T15:24:22+00:00","og_image":[{"width":1409,"height":2000,"url":"https:\/\/thelyflabs.com\/wp-content\/uploads\/2024\/10\/6.webp","type":"image\/webp"}],"twitter_card":"summary_large_image","twitter_misc":{"Tempo estimado de leitura":"3 minutos"},"schema":{"@context":"https:\/\/schema.org","@graph":[{"@type":"WebPage","@id":"https:\/\/thelyflabs.com\/product\/extracto-organico-de-reishi","url":"https:\/\/thelyflabs.com\/product\/extracto-organico-de-reishi","name":"Extrato de Reishi Org\u00e2nico - THE LYF LABS","isPartOf":{"@id":"https:\/\/thelyflabs.com\/#website"},"primaryImageOfPage":{"@id":"https:\/\/thelyflabs.com\/product\/extracto-organico-de-reishi#primaryimage"},"image":{"@id":"https:\/\/thelyflabs.com\/product\/extracto-organico-de-reishi#primaryimage"},"thumbnailUrl":"https:\/\/thelyflabs.com\/wp-content\/uploads\/2024\/10\/6.webp","datePublished":"2024-11-07T11:42:22+00:00","dateModified":"2025-09-15T15:24:22+00:00","description":"Compre extrato de Reishi org\u00e2nico de alta qualidade da The LYF Labs. Um suplemento poderoso com propriedades antioxidantes, anti-inflamat\u00f3rias e de refor\u00e7o imunol\u00f3gico. Sem gl\u00faten, vegano e com certifica\u00e7\u00e3o org\u00e2nica.","breadcrumb":{"@id":"https:\/\/thelyflabs.com\/product\/extracto-organico-de-reishi#breadcrumb"},"inLanguage":"pt-PT","potentialAction":[{"@type":"ReadAction","target":["https:\/\/thelyflabs.com\/product\/extracto-organico-de-reishi"]}]},{"@type":"ImageObject","inLanguage":"pt-PT","@id":"https:\/\/thelyflabs.com\/product\/extracto-organico-de-reishi#primaryimage","url":"https:\/\/thelyflabs.com\/wp-content\/uploads\/2024\/10\/6.webp","contentUrl":"https:\/\/thelyflabs.com\/wp-content\/uploads\/2024\/10\/6.webp","width":1409,"height":2000},{"@type":"BreadcrumbList","@id":"https:\/\/thelyflabs.com\/product\/extracto-organico-de-reishi#breadcrumb","itemListElement":[{"@type":"ListItem","position":1,"name":"Portada","item":"https:\/\/thelyflabs.com\/"},{"@type":"ListItem","position":2,"name":"Tienda","item":"https:\/\/thelyflabs.com\/tienda"},{"@type":"ListItem","position":3,"name":"Extracto Org\u00e1nico de Reishi"}]},{"@type":"WebSite","@id":"https:\/\/thelyflabs.com\/#website","url":"https:\/\/thelyflabs.com\/","name":"Os Laborat\u00f3rios LYF","description":"CBD atacado","publisher":{"@id":"https:\/\/thelyflabs.com\/#organization"},"potentialAction":[{"@type":"SearchAction","target":{"@type":"EntryPoint","urlTemplate":"https:\/\/thelyflabs.com\/?s={search_term_string}"},"query-input":{"@type":"PropertyValueSpecification","valueRequired":true,"valueName":"search_term_string"}}],"inLanguage":"pt-PT"},{"@type":"Organization","@id":"https:\/\/thelyflabs.com\/#organization","name":"Os Laborat\u00f3rios LYF","url":"https:\/\/thelyflabs.com\/","logo":{"@type":"ImageObject","inLanguage":"pt-PT","@id":"https:\/\/thelyflabs.com\/#\/schema\/logo\/image\/","url":"https:\/\/thelyflabs.com\/wp-content\/uploads\/2023\/01\/cropped-LogoTheLYFLabs.png","contentUrl":"https:\/\/thelyflabs.com\/wp-content\/uploads\/2023\/01\/cropped-LogoTheLYFLabs.png","width":600,"height":180,"caption":"The LYF Labs"},"image":{"@id":"https:\/\/thelyflabs.com\/#\/schema\/logo\/image\/"}}]}},"_links":{"self":[{"href":"https:\/\/thelyflabs.com\/pt\/wp-json\/wp\/v2\/product\/8834","targetHints":{"allow":["GET"]}}],"collection":[{"href":"https:\/\/thelyflabs.com\/pt\/wp-json\/wp\/v2\/product"}],"about":[{"href":"https:\/\/thelyflabs.com\/pt\/wp-json\/wp\/v2\/types\/product"}],"replies":[{"embeddable":true,"href":"https:\/\/thelyflabs.com\/pt\/wp-json\/wp\/v2\/comments?post=8834"}],"wp:featuredmedia":[{"embeddable":true,"href":"https:\/\/thelyflabs.com\/pt\/wp-json\/wp\/v2\/media\/8835"}],"wp:attachment":[{"href":"https:\/\/thelyflabs.com\/pt\/wp-json\/wp\/v2\/media?parent=8834"}],"wp:term":[{"taxonomy":"product_brand","embeddable":true,"href":"https:\/\/thelyflabs.com\/pt\/wp-json\/wp\/v2\/product_brand?post=8834"},{"taxonomy":"product_cat","embeddable":true,"href":"https:\/\/thelyflabs.com\/pt\/wp-json\/wp\/v2\/product_cat?post=8834"},{"taxonomy":"product_tag","embeddable":true,"href":"https:\/\/thelyflabs.com\/pt\/wp-json\/wp\/v2\/product_tag?post=8834"}],"curies":[{"name":"wp","href":"https:\/\/api.w.org\/{rel}","templated":true}]}}