{"id":8837,"date":"2024-11-07T12:42:54","date_gmt":"2024-11-07T11:42:54","guid":{"rendered":"https:\/\/thelyflabs.com\/?post_type=product&#038;p=8837"},"modified":"2025-09-15T17:23:49","modified_gmt":"2025-09-15T15:23:49","slug":"extracto-organico-de-hongos-chill","status":"publish","type":"product","link":"https:\/\/thelyflabs.com\/pt\/product\/extracto-organico-de-hongos-chill","title":{"rendered":"Extrato de Cogumelo Chill Org\u00e2nico"},"content":{"rendered":"<div class=\"flex max-w-full flex-col flex-grow\">\n<div class=\"min-h-8 text-message flex w-full flex-col items-end gap-2 whitespace-normal break-words [.text-message+&amp;]:mt-5\" dir=\"auto\" data-message-author-role=\"assistant\" data-message-id=\"100c8141-7a85-4807-ba15-f758ad904e84\" data-message-model-slug=\"gpt-4o\">\n<div class=\"flex w-full flex-col gap-1 empty:hidden first:pt-[3px]\">\n<div class=\"markdown prose w-full break-words dark:prose-invert dark\">\n<p><strong>Extracto Org\u00e1nico de Hongos Chill<\/strong><\/p>\n<p>Tu br\u00fajula personal para navegar el estr\u00e9s diario. Si no se trata, la ansiedad puede disminuir tu calidad de vida, afectando tus interacciones sociales, el sue\u00f1o y tu productividad. El extracto \u00abChill\u00bb es una poderosa mezcla de 4 hongos adapt\u00f3genos y 6 remedios florales equilibrantes, <strong>dise\u00f1ada para ayudarte a mantener la calma cuando la vida se vuelve abrumadora<\/strong>.<\/p>\n<p><strong>Ingredientes activos del extracto de hongos:<\/strong><\/p>\n<ul>\n<li><strong>Reishi:<\/strong> Conocido como el superh\u00e9roe del sue\u00f1o no REM, ayuda a mejorar la calidad del sue\u00f1o profundo.<\/li>\n<li><strong>Cordyceps:<\/strong> Regula el ritmo circadiano y aumenta los niveles de serotonina y melatonina, esenciales para un buen descanso.<\/li>\n<li><strong>Melena de le\u00f3n:<\/strong> Estimula el BDNF, una prote\u00edna relacionada con la mejora del sue\u00f1o y la funci\u00f3n cognitiva.<\/li>\n<li><strong>Chaga:<\/strong> Reduce el estr\u00e9s, la inflamaci\u00f3n y regula el colesterol y el az\u00facar en sangre, adem\u00e1s de reforzar el sistema inmunol\u00f3gico<\/li>\n<\/ul>\n<p><strong>Advertencias:<\/strong> Consulta a tu m\u00e9dico si est\u00e1s tomando medicamentos inmunosupresores, ya que pueden tener contraindicaciones con el uso de hongos funcionales.<\/p>\n<p>Este extracto de hongos es ideal para quienes buscan un apoyo natural para reducir la ansiedad y mejorar el bienestar general.<\/p>\n<\/div>\n<\/div>\n<\/div>\n<\/div>\n","protected":false},"excerpt":{"rendered":"<p><strong>Caracter\u00edsticas do Extrato de Cogumelo Chill<\/strong><\/p>\n<ul>\n<li><strong>Noz:<\/strong> Prote\u00e7\u00e3o durante mudan\u00e7as.<\/li>\n<li><strong>Ran\u00fanculo:<\/strong> Fortalece a autoconfian\u00e7a.<\/li>\n<li><strong>Alho selvagem:<\/strong> Suporte universal.<\/li>\n<li><strong>Rosa Esteva:<\/strong> Reduz o medo e o p\u00e2nico.<\/li>\n<li><strong>Borragem:<\/strong> Promove coragem.<\/li>\n<li><strong>Ameixa cereja:<\/strong> Traz calma.<\/li>\n<\/ul>","protected":false},"featured_media":8838,"comment_status":"open","ping_status":"closed","template":"","meta":{"_acf_changed":false,"site-sidebar-layout":"default","site-content-layout":"","ast-site-content-layout":"default","site-content-style":"default","site-sidebar-style":"default","ast-global-header-display":"","ast-banner-title-visibility":"","ast-main-header-display":"","ast-hfb-above-header-display":"","ast-hfb-below-header-display":"","ast-hfb-mobile-header-display":"","site-post-title":"","ast-breadcrumbs-content":"","ast-featured-img":"","footer-sml-layout":"","theme-transparent-header-meta":"default","adv-header-id-meta":"","stick-header-meta":"","header-above-stick-meta":"","header-main-stick-meta":"","header-below-stick-meta":"","astra-migrate-meta-layouts":"set","ast-page-background-enabled":"default","ast-page-background-meta":{"desktop":{"background-color":"var(--ast-global-color-4)","background-image":"","background-repeat":"repeat","background-position":"center center","background-size":"auto","background-attachment":"scroll","background-type":"","background-media":"","overlay-type":"","overlay-color":"","overlay-opacity":"","overlay-gradient":""},"tablet":{"background-color":"","background-image":"","background-repeat":"repeat","background-position":"center center","background-size":"auto","background-attachment":"scroll","background-type":"","background-media":"","overlay-type":"","overlay-color":"","overlay-opacity":"","overlay-gradient":""},"mobile":{"background-color":"","background-image":"","background-repeat":"repeat","background-position":"center center","background-size":"auto","background-attachment":"scroll","background-type":"","background-media":"","overlay-type":"","overlay-color":"","overlay-opacity":"","overlay-gradient":""}},"ast-content-background-meta":{"desktop":{"background-color":"var(--ast-global-color-5)","background-image":"","background-repeat":"repeat","background-position":"center center","background-size":"auto","background-attachment":"scroll","background-type":"","background-media":"","overlay-type":"","overlay-color":"","overlay-opacity":"","overlay-gradient":""},"tablet":{"background-color":"var(--ast-global-color-5)","background-image":"","background-repeat":"repeat","background-position":"center center","background-size":"auto","background-attachment":"scroll","background-type":"","background-media":"","overlay-type":"","overlay-color":"","overlay-opacity":"","overlay-gradient":""},"mobile":{"background-color":"var(--ast-global-color-5)","background-image":"","background-repeat":"repeat","background-position":"center center","background-size":"auto","background-attachment":"scroll","background-type":"","background-media":"","overlay-type":"","overlay-color":"","overlay-opacity":"","overlay-gradient":""}}},"product_brand":[],"product_cat":[127],"product_tag":[],"class_list":{"0":"post-8837","1":"product","2":"type-product","3":"status-publish","4":"has-post-thumbnail","6":"product_cat-setas-funcionales","7":"desktop-align-center","8":"tablet-align-left","9":"mobile-align-left","11":"first","12":"outofstock","13":"taxable","14":"shipping-taxable","15":"purchasable","16":"product-type-simple"},"acf":[],"yoast_head":"<!-- This site is optimized with the Yoast SEO plugin v27.4 - https:\/\/yoast.com\/product\/yoast-seo-wordpress\/ -->\n<title>Extracto Org\u00e1nico de Hongos Chill - THE LYF LABS<\/title>\n<meta name=\"description\" content=\"Compra extracto org\u00e1nico de hongos de alta calidad en The LYF Labs. Potente suplemento que contribuye a reducir el estr\u00e9s y calmar la ansiedad. Sin gluten, vegano y certificado.\" \/>\n<meta name=\"robots\" content=\"index, follow, max-snippet:-1, max-image-preview:large, max-video-preview:-1\" \/>\n<link rel=\"canonical\" href=\"https:\/\/thelyflabs.com\/pt\/product\/extracto-organico-de-hongos-chill\/\" \/>\n<meta property=\"og:locale\" content=\"pt_PT\" \/>\n<meta property=\"og:type\" content=\"article\" \/>\n<meta property=\"og:title\" content=\"Extracto Org\u00e1nico de Hongos Chill - THE LYF LABS\" \/>\n<meta property=\"og:description\" content=\"Compra extracto org\u00e1nico de hongos de alta calidad en The LYF Labs. Potente suplemento que contribuye a reducir el estr\u00e9s y calmar la ansiedad. Sin gluten, vegano y certificado.\" \/>\n<meta property=\"og:url\" content=\"https:\/\/thelyflabs.com\/pt\/product\/extracto-organico-de-hongos-chill\/\" \/>\n<meta property=\"og:site_name\" content=\"THE LYF LABS\" \/>\n<meta property=\"article:modified_time\" content=\"2025-09-15T15:23:49+00:00\" \/>\n<meta property=\"og:image\" content=\"https:\/\/thelyflabs.com\/wp-content\/uploads\/2024\/10\/2.webp\" \/>\n\t<meta property=\"og:image:width\" content=\"1409\" \/>\n\t<meta property=\"og:image:height\" content=\"2000\" \/>\n\t<meta property=\"og:image:type\" content=\"image\/webp\" \/>\n<meta name=\"twitter:card\" content=\"summary_large_image\" \/>\n<meta name=\"twitter:label1\" content=\"Tempo estimado de leitura\" \/>\n\t<meta name=\"twitter:data1\" content=\"2 minutos\" \/>\n<script type=\"application\/ld+json\" class=\"yoast-schema-graph\">{\"@context\":\"https:\\\/\\\/schema.org\",\"@graph\":[{\"@type\":\"WebPage\",\"@id\":\"https:\\\/\\\/thelyflabs.com\\\/product\\\/extracto-organico-de-hongos-chill\",\"url\":\"https:\\\/\\\/thelyflabs.com\\\/product\\\/extracto-organico-de-hongos-chill\",\"name\":\"Extracto Org\u00e1nico de Hongos Chill - THE LYF LABS\",\"isPartOf\":{\"@id\":\"https:\\\/\\\/thelyflabs.com\\\/#website\"},\"primaryImageOfPage\":{\"@id\":\"https:\\\/\\\/thelyflabs.com\\\/product\\\/extracto-organico-de-hongos-chill#primaryimage\"},\"image\":{\"@id\":\"https:\\\/\\\/thelyflabs.com\\\/product\\\/extracto-organico-de-hongos-chill#primaryimage\"},\"thumbnailUrl\":\"https:\\\/\\\/thelyflabs.com\\\/wp-content\\\/uploads\\\/2024\\\/10\\\/2.webp\",\"datePublished\":\"2024-11-07T11:42:54+00:00\",\"dateModified\":\"2025-09-15T15:23:49+00:00\",\"description\":\"Compra extracto org\u00e1nico de hongos de alta calidad en The LYF Labs. Potente suplemento que contribuye a reducir el estr\u00e9s y calmar la ansiedad. Sin gluten, vegano y certificado.\",\"breadcrumb\":{\"@id\":\"https:\\\/\\\/thelyflabs.com\\\/product\\\/extracto-organico-de-hongos-chill#breadcrumb\"},\"inLanguage\":\"pt-PT\",\"potentialAction\":[{\"@type\":\"ReadAction\",\"target\":[\"https:\\\/\\\/thelyflabs.com\\\/product\\\/extracto-organico-de-hongos-chill\"]}]},{\"@type\":\"ImageObject\",\"inLanguage\":\"pt-PT\",\"@id\":\"https:\\\/\\\/thelyflabs.com\\\/product\\\/extracto-organico-de-hongos-chill#primaryimage\",\"url\":\"https:\\\/\\\/thelyflabs.com\\\/wp-content\\\/uploads\\\/2024\\\/10\\\/2.webp\",\"contentUrl\":\"https:\\\/\\\/thelyflabs.com\\\/wp-content\\\/uploads\\\/2024\\\/10\\\/2.webp\",\"width\":1409,\"height\":2000},{\"@type\":\"BreadcrumbList\",\"@id\":\"https:\\\/\\\/thelyflabs.com\\\/product\\\/extracto-organico-de-hongos-chill#breadcrumb\",\"itemListElement\":[{\"@type\":\"ListItem\",\"position\":1,\"name\":\"Portada\",\"item\":\"https:\\\/\\\/thelyflabs.com\\\/\"},{\"@type\":\"ListItem\",\"position\":2,\"name\":\"Tienda\",\"item\":\"https:\\\/\\\/thelyflabs.com\\\/tienda\"},{\"@type\":\"ListItem\",\"position\":3,\"name\":\"Extracto Org\u00e1nico de Hongos Chill\"}]},{\"@type\":\"WebSite\",\"@id\":\"https:\\\/\\\/thelyflabs.com\\\/#website\",\"url\":\"https:\\\/\\\/thelyflabs.com\\\/\",\"name\":\"The LYF Labs\",\"description\":\"CBD al por mayor\",\"publisher\":{\"@id\":\"https:\\\/\\\/thelyflabs.com\\\/#organization\"},\"potentialAction\":[{\"@type\":\"SearchAction\",\"target\":{\"@type\":\"EntryPoint\",\"urlTemplate\":\"https:\\\/\\\/thelyflabs.com\\\/?s={search_term_string}\"},\"query-input\":{\"@type\":\"PropertyValueSpecification\",\"valueRequired\":true,\"valueName\":\"search_term_string\"}}],\"inLanguage\":\"pt-PT\"},{\"@type\":\"Organization\",\"@id\":\"https:\\\/\\\/thelyflabs.com\\\/#organization\",\"name\":\"The LYF Labs\",\"url\":\"https:\\\/\\\/thelyflabs.com\\\/\",\"logo\":{\"@type\":\"ImageObject\",\"inLanguage\":\"pt-PT\",\"@id\":\"https:\\\/\\\/thelyflabs.com\\\/#\\\/schema\\\/logo\\\/image\\\/\",\"url\":\"https:\\\/\\\/thelyflabs.com\\\/wp-content\\\/uploads\\\/2023\\\/01\\\/cropped-LogoTheLYFLabs.png\",\"contentUrl\":\"https:\\\/\\\/thelyflabs.com\\\/wp-content\\\/uploads\\\/2023\\\/01\\\/cropped-LogoTheLYFLabs.png\",\"width\":600,\"height\":180,\"caption\":\"The LYF Labs\"},\"image\":{\"@id\":\"https:\\\/\\\/thelyflabs.com\\\/#\\\/schema\\\/logo\\\/image\\\/\"}}]}<\/script>\n<!-- \/ Yoast SEO plugin. -->","yoast_head_json":{"title":"Extracto Org\u00e1nico de Hongos Chill - THE LYF LABS","description":"Compra extracto org\u00e1nico de hongos de alta calidad en The LYF Labs. Potente suplemento que contribuye a reducir el estr\u00e9s y calmar la ansiedad. Sin gluten, vegano y certificado.","robots":{"index":"index","follow":"follow","max-snippet":"max-snippet:-1","max-image-preview":"max-image-preview:large","max-video-preview":"max-video-preview:-1"},"canonical":"https:\/\/thelyflabs.com\/pt\/product\/extracto-organico-de-hongos-chill\/","og_locale":"pt_PT","og_type":"article","og_title":"Extracto Org\u00e1nico de Hongos Chill - THE LYF LABS","og_description":"Compra extracto org\u00e1nico de hongos de alta calidad en The LYF Labs. Potente suplemento que contribuye a reducir el estr\u00e9s y calmar la ansiedad. Sin gluten, vegano y certificado.","og_url":"https:\/\/thelyflabs.com\/pt\/product\/extracto-organico-de-hongos-chill\/","og_site_name":"THE LYF LABS","article_modified_time":"2025-09-15T15:23:49+00:00","og_image":[{"width":1409,"height":2000,"url":"https:\/\/thelyflabs.com\/wp-content\/uploads\/2024\/10\/2.webp","type":"image\/webp"}],"twitter_card":"summary_large_image","twitter_misc":{"Tempo estimado de leitura":"2 minutos"},"schema":{"@context":"https:\/\/schema.org","@graph":[{"@type":"WebPage","@id":"https:\/\/thelyflabs.com\/product\/extracto-organico-de-hongos-chill","url":"https:\/\/thelyflabs.com\/product\/extracto-organico-de-hongos-chill","name":"Extracto Org\u00e1nico de Hongos Chill - THE LYF LABS","isPartOf":{"@id":"https:\/\/thelyflabs.com\/#website"},"primaryImageOfPage":{"@id":"https:\/\/thelyflabs.com\/product\/extracto-organico-de-hongos-chill#primaryimage"},"image":{"@id":"https:\/\/thelyflabs.com\/product\/extracto-organico-de-hongos-chill#primaryimage"},"thumbnailUrl":"https:\/\/thelyflabs.com\/wp-content\/uploads\/2024\/10\/2.webp","datePublished":"2024-11-07T11:42:54+00:00","dateModified":"2025-09-15T15:23:49+00:00","description":"Compra extracto org\u00e1nico de hongos de alta calidad en The LYF Labs. Potente suplemento que contribuye a reducir el estr\u00e9s y calmar la ansiedad. Sin gluten, vegano y certificado.","breadcrumb":{"@id":"https:\/\/thelyflabs.com\/product\/extracto-organico-de-hongos-chill#breadcrumb"},"inLanguage":"pt-PT","potentialAction":[{"@type":"ReadAction","target":["https:\/\/thelyflabs.com\/product\/extracto-organico-de-hongos-chill"]}]},{"@type":"ImageObject","inLanguage":"pt-PT","@id":"https:\/\/thelyflabs.com\/product\/extracto-organico-de-hongos-chill#primaryimage","url":"https:\/\/thelyflabs.com\/wp-content\/uploads\/2024\/10\/2.webp","contentUrl":"https:\/\/thelyflabs.com\/wp-content\/uploads\/2024\/10\/2.webp","width":1409,"height":2000},{"@type":"BreadcrumbList","@id":"https:\/\/thelyflabs.com\/product\/extracto-organico-de-hongos-chill#breadcrumb","itemListElement":[{"@type":"ListItem","position":1,"name":"Portada","item":"https:\/\/thelyflabs.com\/"},{"@type":"ListItem","position":2,"name":"Tienda","item":"https:\/\/thelyflabs.com\/tienda"},{"@type":"ListItem","position":3,"name":"Extracto Org\u00e1nico de Hongos Chill"}]},{"@type":"WebSite","@id":"https:\/\/thelyflabs.com\/#website","url":"https:\/\/thelyflabs.com\/","name":"Os Laborat\u00f3rios LYF","description":"CBD atacado","publisher":{"@id":"https:\/\/thelyflabs.com\/#organization"},"potentialAction":[{"@type":"SearchAction","target":{"@type":"EntryPoint","urlTemplate":"https:\/\/thelyflabs.com\/?s={search_term_string}"},"query-input":{"@type":"PropertyValueSpecification","valueRequired":true,"valueName":"search_term_string"}}],"inLanguage":"pt-PT"},{"@type":"Organization","@id":"https:\/\/thelyflabs.com\/#organization","name":"Os Laborat\u00f3rios LYF","url":"https:\/\/thelyflabs.com\/","logo":{"@type":"ImageObject","inLanguage":"pt-PT","@id":"https:\/\/thelyflabs.com\/#\/schema\/logo\/image\/","url":"https:\/\/thelyflabs.com\/wp-content\/uploads\/2023\/01\/cropped-LogoTheLYFLabs.png","contentUrl":"https:\/\/thelyflabs.com\/wp-content\/uploads\/2023\/01\/cropped-LogoTheLYFLabs.png","width":600,"height":180,"caption":"The LYF Labs"},"image":{"@id":"https:\/\/thelyflabs.com\/#\/schema\/logo\/image\/"}}]}},"_links":{"self":[{"href":"https:\/\/thelyflabs.com\/pt\/wp-json\/wp\/v2\/product\/8837","targetHints":{"allow":["GET"]}}],"collection":[{"href":"https:\/\/thelyflabs.com\/pt\/wp-json\/wp\/v2\/product"}],"about":[{"href":"https:\/\/thelyflabs.com\/pt\/wp-json\/wp\/v2\/types\/product"}],"replies":[{"embeddable":true,"href":"https:\/\/thelyflabs.com\/pt\/wp-json\/wp\/v2\/comments?post=8837"}],"wp:featuredmedia":[{"embeddable":true,"href":"https:\/\/thelyflabs.com\/pt\/wp-json\/wp\/v2\/media\/8838"}],"wp:attachment":[{"href":"https:\/\/thelyflabs.com\/pt\/wp-json\/wp\/v2\/media?parent=8837"}],"wp:term":[{"taxonomy":"product_brand","embeddable":true,"href":"https:\/\/thelyflabs.com\/pt\/wp-json\/wp\/v2\/product_brand?post=8837"},{"taxonomy":"product_cat","embeddable":true,"href":"https:\/\/thelyflabs.com\/pt\/wp-json\/wp\/v2\/product_cat?post=8837"},{"taxonomy":"product_tag","embeddable":true,"href":"https:\/\/thelyflabs.com\/pt\/wp-json\/wp\/v2\/product_tag?post=8837"}],"curies":[{"name":"wp","href":"https:\/\/api.w.org\/{rel}","templated":true}]}}