{"id":8841,"date":"2024-11-07T12:40:49","date_gmt":"2024-11-07T11:40:49","guid":{"rendered":"https:\/\/thelyflabs.com\/?post_type=product&#038;p=8841"},"modified":"2025-09-15T17:24:50","modified_gmt":"2025-09-15T15:24:50","slug":"extracto-de-hongos-sleep","status":"publish","type":"product","link":"https:\/\/thelyflabs.com\/pt\/product\/extracto-de-hongos-sleep","title":{"rendered":"Extrato de Cogumelo do Sono"},"content":{"rendered":"<h1>Extrato de Cogumelo do Sono<\/h1>\n<p>A falta de sono pode afetar significativamente nossa sa\u00fade e bem-estar. Dormir o suficiente \u00e9 crucial para o funcionamento, a energia e a recupera\u00e7\u00e3o. Estudos mostram que uma boa noite de sono, embora totalmente necess\u00e1ria e natural, \u00e9 ilus\u00f3ria para um ter\u00e7o da popula\u00e7\u00e3o.<\/p>\n<p>O <strong>Tintura do Sono<\/strong> \u00e9 uma mistura dos melhores extratos de cogumelos adaptog\u00eanicos e rem\u00e9dios fitoter\u00e1picos, desenvolvida para ajud\u00e1-lo a adormecer e, o mais importante, a manter um sono reparador.<\/p>\n<h3>Ingredientes ativos:<\/h3>\n<h4><strong>Cogumelos adaptog\u00eanicos:<\/strong><\/h4>\n<ul>\n<li><strong>Reishi:<\/strong> O super-her\u00f3i do sono n\u00e3o REM. Prolonga o tempo nesta fase crucial, garantindo um sono de qualidade.<\/li>\n<li><strong>Cordyceps:<\/strong> Regula o ritmo circadiano e pode aumentar os n\u00edveis de serotonina e melatonina, ambas essenciais para o processo do sono.<\/li>\n<li><strong>Juba de le\u00e3o:<\/strong> Promove o aumento natural do BDNF, cuja defici\u00eancia est\u00e1 associada a problemas de sono, segundo estudos.<\/li>\n<li><strong>Chaga:<\/strong> Regula o sistema de resposta ao estresse, reduzindo a inflama\u00e7\u00e3o, os n\u00edveis de colesterol e de a\u00e7\u00facar no sangue.<\/li>\n<\/ul>\n<h4><strong>Rem\u00e9dios florais:<\/strong><\/h4>\n<ul>\n<li><strong>Rio \u00c1gua Oriental:<\/strong> Ajuda a liberar sentimentos e emo\u00e7\u00f5es antigas.<\/li>\n<li><strong>Sino:<\/strong> Facilita o desvendar de pensamentos complexos.<\/li>\n<li><strong>Carvalho:<\/strong> Promove quietude e descanso.<\/li>\n<li><strong>Ver\u00f4nica:<\/strong> Promove lentid\u00e3o mental.<\/li>\n<li><strong>Alho selvagem:<\/strong> Fornece suporte universal e ajuda a deixar os medos para tr\u00e1s.<\/li>\n<li><strong>Castanha Vermelha:<\/strong> Ajuda a liberar preocupa\u00e7\u00f5es sobre os outros e sobre o que voc\u00ea n\u00e3o pode mudar.<\/li>\n<li><strong>Castanha Branca:<\/strong> Torna mais f\u00e1cil abandonar pensamentos indesejados.<\/li>\n<\/ul>\n<p>O <strong>B\u00fassola do Sono<\/strong> Ajuda a relaxar a mente e o corpo na prepara\u00e7\u00e3o para dormir e acompanha voc\u00ea durante toda a noite para garantir um descanso profundo e reparador.<\/p>\n<h3>Avisos:<\/h3>\n<ul>\n<li>Mantenha longe dos olhos.<\/li>\n<li>Consulte um profissional se estiver gr\u00e1vida ou amamentando.<\/li>\n<li>Mantenha fora do alcance das crian\u00e7as.<\/li>\n<\/ul>","protected":false},"excerpt":{"rendered":"<p><strong>A b\u00fassola para encontrar a calma em uma mente inquieta e interromper o ciclo irritante de pensamentos repetitivos e encontrar o sono desejado.<\/strong><\/p>\n<p><strong>Tamanho:<\/strong> 50ml<br \/>\n<strong>Por\u00e7\u00f5es:<\/strong> 30 (5\u20136 pulveriza\u00e7\u00f5es por dia)<\/p>","protected":false},"featured_media":8842,"comment_status":"open","ping_status":"closed","template":"","meta":{"_acf_changed":false,"site-sidebar-layout":"default","site-content-layout":"","ast-site-content-layout":"default","site-content-style":"default","site-sidebar-style":"default","ast-global-header-display":"","ast-banner-title-visibility":"","ast-main-header-display":"","ast-hfb-above-header-display":"","ast-hfb-below-header-display":"","ast-hfb-mobile-header-display":"","site-post-title":"","ast-breadcrumbs-content":"","ast-featured-img":"","footer-sml-layout":"","theme-transparent-header-meta":"default","adv-header-id-meta":"","stick-header-meta":"","header-above-stick-meta":"","header-main-stick-meta":"","header-below-stick-meta":"","astra-migrate-meta-layouts":"set","ast-page-background-enabled":"default","ast-page-background-meta":{"desktop":{"background-color":"var(--ast-global-color-4)","background-image":"","background-repeat":"repeat","background-position":"center center","background-size":"auto","background-attachment":"scroll","background-type":"","background-media":"","overlay-type":"","overlay-color":"","overlay-opacity":"","overlay-gradient":""},"tablet":{"background-color":"","background-image":"","background-repeat":"repeat","background-position":"center center","background-size":"auto","background-attachment":"scroll","background-type":"","background-media":"","overlay-type":"","overlay-color":"","overlay-opacity":"","overlay-gradient":""},"mobile":{"background-color":"","background-image":"","background-repeat":"repeat","background-position":"center center","background-size":"auto","background-attachment":"scroll","background-type":"","background-media":"","overlay-type":"","overlay-color":"","overlay-opacity":"","overlay-gradient":""}},"ast-content-background-meta":{"desktop":{"background-color":"var(--ast-global-color-5)","background-image":"","background-repeat":"repeat","background-position":"center center","background-size":"auto","background-attachment":"scroll","background-type":"","background-media":"","overlay-type":"","overlay-color":"","overlay-opacity":"","overlay-gradient":""},"tablet":{"background-color":"var(--ast-global-color-5)","background-image":"","background-repeat":"repeat","background-position":"center center","background-size":"auto","background-attachment":"scroll","background-type":"","background-media":"","overlay-type":"","overlay-color":"","overlay-opacity":"","overlay-gradient":""},"mobile":{"background-color":"var(--ast-global-color-5)","background-image":"","background-repeat":"repeat","background-position":"center center","background-size":"auto","background-attachment":"scroll","background-type":"","background-media":"","overlay-type":"","overlay-color":"","overlay-opacity":"","overlay-gradient":""}}},"product_brand":[],"product_cat":[127],"product_tag":[],"class_list":{"0":"post-8841","1":"product","2":"type-product","3":"status-publish","4":"has-post-thumbnail","6":"product_cat-setas-funcionales","7":"desktop-align-center","8":"tablet-align-left","9":"mobile-align-left","11":"first","12":"outofstock","13":"taxable","14":"shipping-taxable","15":"purchasable","16":"product-type-simple"},"acf":[],"yoast_head":"<!-- This site is optimized with the Yoast SEO plugin v27.3 - https:\/\/yoast.com\/product\/yoast-seo-wordpress\/ -->\n<title>Extracto de Hongos Sleep - THE LYF LABS<\/title>\n<meta name=\"description\" content=\"Mejora tu descanso con el extracto org\u00e1nico de hongo Sleep. Formulado con hongos adapt\u00f3genos para ayudarte a conciliar el sue\u00f1o y mantener un descanso profundo. \u00a1Compra ahora y disfruta de noches reparadoras!\" \/>\n<meta name=\"robots\" content=\"index, follow, max-snippet:-1, max-image-preview:large, max-video-preview:-1\" \/>\n<link rel=\"canonical\" href=\"https:\/\/thelyflabs.com\/pt\/product\/extracto-de-hongos-sleep\/\" \/>\n<meta property=\"og:locale\" content=\"pt_PT\" \/>\n<meta property=\"og:type\" content=\"article\" \/>\n<meta property=\"og:title\" content=\"Extracto de Hongos Sleep - THE LYF LABS\" \/>\n<meta property=\"og:description\" content=\"Mejora tu descanso con el extracto org\u00e1nico de hongo Sleep. Formulado con hongos adapt\u00f3genos para ayudarte a conciliar el sue\u00f1o y mantener un descanso profundo. \u00a1Compra ahora y disfruta de noches reparadoras!\" \/>\n<meta property=\"og:url\" content=\"https:\/\/thelyflabs.com\/pt\/product\/extracto-de-hongos-sleep\/\" \/>\n<meta property=\"og:site_name\" content=\"THE LYF LABS\" \/>\n<meta property=\"article:modified_time\" content=\"2025-09-15T15:24:50+00:00\" \/>\n<meta property=\"og:image\" content=\"https:\/\/thelyflabs.com\/wp-content\/uploads\/2024\/10\/5-1.webp\" \/>\n\t<meta property=\"og:image:width\" content=\"1409\" \/>\n\t<meta property=\"og:image:height\" content=\"2000\" \/>\n\t<meta property=\"og:image:type\" content=\"image\/webp\" \/>\n<meta name=\"twitter:card\" content=\"summary_large_image\" \/>\n<meta name=\"twitter:label1\" content=\"Tempo estimado de leitura\" \/>\n\t<meta name=\"twitter:data1\" content=\"2 minutos\" \/>\n<script type=\"application\/ld+json\" class=\"yoast-schema-graph\">{\"@context\":\"https:\\\/\\\/schema.org\",\"@graph\":[{\"@type\":\"WebPage\",\"@id\":\"https:\\\/\\\/thelyflabs.com\\\/product\\\/extracto-de-hongos-sleep\",\"url\":\"https:\\\/\\\/thelyflabs.com\\\/product\\\/extracto-de-hongos-sleep\",\"name\":\"Extracto de Hongos Sleep - THE LYF LABS\",\"isPartOf\":{\"@id\":\"https:\\\/\\\/thelyflabs.com\\\/#website\"},\"primaryImageOfPage\":{\"@id\":\"https:\\\/\\\/thelyflabs.com\\\/product\\\/extracto-de-hongos-sleep#primaryimage\"},\"image\":{\"@id\":\"https:\\\/\\\/thelyflabs.com\\\/product\\\/extracto-de-hongos-sleep#primaryimage\"},\"thumbnailUrl\":\"https:\\\/\\\/thelyflabs.com\\\/wp-content\\\/uploads\\\/2024\\\/10\\\/5-1.webp\",\"datePublished\":\"2024-11-07T11:40:49+00:00\",\"dateModified\":\"2025-09-15T15:24:50+00:00\",\"description\":\"Mejora tu descanso con el extracto org\u00e1nico de hongo Sleep. Formulado con hongos adapt\u00f3genos para ayudarte a conciliar el sue\u00f1o y mantener un descanso profundo. \u00a1Compra ahora y disfruta de noches reparadoras!\",\"breadcrumb\":{\"@id\":\"https:\\\/\\\/thelyflabs.com\\\/product\\\/extracto-de-hongos-sleep#breadcrumb\"},\"inLanguage\":\"pt-PT\",\"potentialAction\":[{\"@type\":\"ReadAction\",\"target\":[\"https:\\\/\\\/thelyflabs.com\\\/product\\\/extracto-de-hongos-sleep\"]}]},{\"@type\":\"ImageObject\",\"inLanguage\":\"pt-PT\",\"@id\":\"https:\\\/\\\/thelyflabs.com\\\/product\\\/extracto-de-hongos-sleep#primaryimage\",\"url\":\"https:\\\/\\\/thelyflabs.com\\\/wp-content\\\/uploads\\\/2024\\\/10\\\/5-1.webp\",\"contentUrl\":\"https:\\\/\\\/thelyflabs.com\\\/wp-content\\\/uploads\\\/2024\\\/10\\\/5-1.webp\",\"width\":1409,\"height\":2000},{\"@type\":\"BreadcrumbList\",\"@id\":\"https:\\\/\\\/thelyflabs.com\\\/product\\\/extracto-de-hongos-sleep#breadcrumb\",\"itemListElement\":[{\"@type\":\"ListItem\",\"position\":1,\"name\":\"Portada\",\"item\":\"https:\\\/\\\/thelyflabs.com\\\/\"},{\"@type\":\"ListItem\",\"position\":2,\"name\":\"Tienda\",\"item\":\"https:\\\/\\\/thelyflabs.com\\\/tienda\"},{\"@type\":\"ListItem\",\"position\":3,\"name\":\"Extracto de Hongos Sleep\"}]},{\"@type\":\"WebSite\",\"@id\":\"https:\\\/\\\/thelyflabs.com\\\/#website\",\"url\":\"https:\\\/\\\/thelyflabs.com\\\/\",\"name\":\"The LYF Labs\",\"description\":\"CBD al por mayor\",\"publisher\":{\"@id\":\"https:\\\/\\\/thelyflabs.com\\\/#organization\"},\"potentialAction\":[{\"@type\":\"SearchAction\",\"target\":{\"@type\":\"EntryPoint\",\"urlTemplate\":\"https:\\\/\\\/thelyflabs.com\\\/?s={search_term_string}\"},\"query-input\":{\"@type\":\"PropertyValueSpecification\",\"valueRequired\":true,\"valueName\":\"search_term_string\"}}],\"inLanguage\":\"pt-PT\"},{\"@type\":\"Organization\",\"@id\":\"https:\\\/\\\/thelyflabs.com\\\/#organization\",\"name\":\"The LYF Labs\",\"url\":\"https:\\\/\\\/thelyflabs.com\\\/\",\"logo\":{\"@type\":\"ImageObject\",\"inLanguage\":\"pt-PT\",\"@id\":\"https:\\\/\\\/thelyflabs.com\\\/#\\\/schema\\\/logo\\\/image\\\/\",\"url\":\"https:\\\/\\\/thelyflabs.com\\\/wp-content\\\/uploads\\\/2023\\\/01\\\/cropped-LogoTheLYFLabs.png\",\"contentUrl\":\"https:\\\/\\\/thelyflabs.com\\\/wp-content\\\/uploads\\\/2023\\\/01\\\/cropped-LogoTheLYFLabs.png\",\"width\":600,\"height\":180,\"caption\":\"The LYF Labs\"},\"image\":{\"@id\":\"https:\\\/\\\/thelyflabs.com\\\/#\\\/schema\\\/logo\\\/image\\\/\"}}]}<\/script>\n<!-- \/ Yoast SEO plugin. -->","yoast_head_json":{"title":"Extracto de Hongos Sleep - THE LYF LABS","description":"Mejora tu descanso con el extracto org\u00e1nico de hongo Sleep. Formulado con hongos adapt\u00f3genos para ayudarte a conciliar el sue\u00f1o y mantener un descanso profundo. \u00a1Compra ahora y disfruta de noches reparadoras!","robots":{"index":"index","follow":"follow","max-snippet":"max-snippet:-1","max-image-preview":"max-image-preview:large","max-video-preview":"max-video-preview:-1"},"canonical":"https:\/\/thelyflabs.com\/pt\/product\/extracto-de-hongos-sleep\/","og_locale":"pt_PT","og_type":"article","og_title":"Extracto de Hongos Sleep - THE LYF LABS","og_description":"Mejora tu descanso con el extracto org\u00e1nico de hongo Sleep. Formulado con hongos adapt\u00f3genos para ayudarte a conciliar el sue\u00f1o y mantener un descanso profundo. \u00a1Compra ahora y disfruta de noches reparadoras!","og_url":"https:\/\/thelyflabs.com\/pt\/product\/extracto-de-hongos-sleep\/","og_site_name":"THE LYF LABS","article_modified_time":"2025-09-15T15:24:50+00:00","og_image":[{"width":1409,"height":2000,"url":"https:\/\/thelyflabs.com\/wp-content\/uploads\/2024\/10\/5-1.webp","type":"image\/webp"}],"twitter_card":"summary_large_image","twitter_misc":{"Tempo estimado de leitura":"2 minutos"},"schema":{"@context":"https:\/\/schema.org","@graph":[{"@type":"WebPage","@id":"https:\/\/thelyflabs.com\/product\/extracto-de-hongos-sleep","url":"https:\/\/thelyflabs.com\/product\/extracto-de-hongos-sleep","name":"Extracto de Hongos Sleep - THE LYF LABS","isPartOf":{"@id":"https:\/\/thelyflabs.com\/#website"},"primaryImageOfPage":{"@id":"https:\/\/thelyflabs.com\/product\/extracto-de-hongos-sleep#primaryimage"},"image":{"@id":"https:\/\/thelyflabs.com\/product\/extracto-de-hongos-sleep#primaryimage"},"thumbnailUrl":"https:\/\/thelyflabs.com\/wp-content\/uploads\/2024\/10\/5-1.webp","datePublished":"2024-11-07T11:40:49+00:00","dateModified":"2025-09-15T15:24:50+00:00","description":"Mejora tu descanso con el extracto org\u00e1nico de hongo Sleep. Formulado con hongos adapt\u00f3genos para ayudarte a conciliar el sue\u00f1o y mantener un descanso profundo. \u00a1Compra ahora y disfruta de noches reparadoras!","breadcrumb":{"@id":"https:\/\/thelyflabs.com\/product\/extracto-de-hongos-sleep#breadcrumb"},"inLanguage":"pt-PT","potentialAction":[{"@type":"ReadAction","target":["https:\/\/thelyflabs.com\/product\/extracto-de-hongos-sleep"]}]},{"@type":"ImageObject","inLanguage":"pt-PT","@id":"https:\/\/thelyflabs.com\/product\/extracto-de-hongos-sleep#primaryimage","url":"https:\/\/thelyflabs.com\/wp-content\/uploads\/2024\/10\/5-1.webp","contentUrl":"https:\/\/thelyflabs.com\/wp-content\/uploads\/2024\/10\/5-1.webp","width":1409,"height":2000},{"@type":"BreadcrumbList","@id":"https:\/\/thelyflabs.com\/product\/extracto-de-hongos-sleep#breadcrumb","itemListElement":[{"@type":"ListItem","position":1,"name":"Portada","item":"https:\/\/thelyflabs.com\/"},{"@type":"ListItem","position":2,"name":"Tienda","item":"https:\/\/thelyflabs.com\/tienda"},{"@type":"ListItem","position":3,"name":"Extracto de Hongos Sleep"}]},{"@type":"WebSite","@id":"https:\/\/thelyflabs.com\/#website","url":"https:\/\/thelyflabs.com\/","name":"Os Laborat\u00f3rios LYF","description":"CBD atacado","publisher":{"@id":"https:\/\/thelyflabs.com\/#organization"},"potentialAction":[{"@type":"SearchAction","target":{"@type":"EntryPoint","urlTemplate":"https:\/\/thelyflabs.com\/?s={search_term_string}"},"query-input":{"@type":"PropertyValueSpecification","valueRequired":true,"valueName":"search_term_string"}}],"inLanguage":"pt-PT"},{"@type":"Organization","@id":"https:\/\/thelyflabs.com\/#organization","name":"Os Laborat\u00f3rios LYF","url":"https:\/\/thelyflabs.com\/","logo":{"@type":"ImageObject","inLanguage":"pt-PT","@id":"https:\/\/thelyflabs.com\/#\/schema\/logo\/image\/","url":"https:\/\/thelyflabs.com\/wp-content\/uploads\/2023\/01\/cropped-LogoTheLYFLabs.png","contentUrl":"https:\/\/thelyflabs.com\/wp-content\/uploads\/2023\/01\/cropped-LogoTheLYFLabs.png","width":600,"height":180,"caption":"The LYF Labs"},"image":{"@id":"https:\/\/thelyflabs.com\/#\/schema\/logo\/image\/"}}]}},"_links":{"self":[{"href":"https:\/\/thelyflabs.com\/pt\/wp-json\/wp\/v2\/product\/8841","targetHints":{"allow":["GET"]}}],"collection":[{"href":"https:\/\/thelyflabs.com\/pt\/wp-json\/wp\/v2\/product"}],"about":[{"href":"https:\/\/thelyflabs.com\/pt\/wp-json\/wp\/v2\/types\/product"}],"replies":[{"embeddable":true,"href":"https:\/\/thelyflabs.com\/pt\/wp-json\/wp\/v2\/comments?post=8841"}],"wp:featuredmedia":[{"embeddable":true,"href":"https:\/\/thelyflabs.com\/pt\/wp-json\/wp\/v2\/media\/8842"}],"wp:attachment":[{"href":"https:\/\/thelyflabs.com\/pt\/wp-json\/wp\/v2\/media?parent=8841"}],"wp:term":[{"taxonomy":"product_brand","embeddable":true,"href":"https:\/\/thelyflabs.com\/pt\/wp-json\/wp\/v2\/product_brand?post=8841"},{"taxonomy":"product_cat","embeddable":true,"href":"https:\/\/thelyflabs.com\/pt\/wp-json\/wp\/v2\/product_cat?post=8841"},{"taxonomy":"product_tag","embeddable":true,"href":"https:\/\/thelyflabs.com\/pt\/wp-json\/wp\/v2\/product_tag?post=8841"}],"curies":[{"name":"wp","href":"https:\/\/api.w.org\/{rel}","templated":true}]}}