{"id":9720,"date":"2024-12-18T15:29:01","date_gmt":"2024-12-18T14:29:01","guid":{"rendered":"https:\/\/thelyflabs.com\/?post_type=product&#038;p=9720"},"modified":"2026-03-09T11:40:36","modified_gmt":"2026-03-09T10:40:36","slug":"live-resin-cbd-84-con-live-terpenes","status":"publish","type":"product","link":"https:\/\/thelyflabs.com\/pt\/product\/live-resin-cbd-84-con-live-terpenes","title":{"rendered":"Resina Viva CBD 84% com Terpenos Vivos"},"content":{"rendered":"<h1>Compre CBD de resina viva com terpenos vivos<\/h1>\n<h2>O que \u00e9 resina viva CBD<\/h2>\n<p>O Live Resin CBD \u00e9 uma das formas mais puras e potentes de extrato de CBD dispon\u00edveis no mercado. Ao contr\u00e1rio de outros produtos derivados da cannabis, este \u00e9 feito com plantas frescas que s\u00e3o congeladas imediatamente ap\u00f3s a colheita. Esse processo preserva os canabinoides e terpenos em seu estado mais natural, resultando em um produto de alta qualidade que se destaca por sua pureza, sabor e efeito.<\/p>\n<p>Este produto \u00e9 extra\u00eddo exclusivamente do canabidiol (CBD), garantindo que voc\u00ea possa desfrutar dos benef\u00edcios do CBD sem os efeitos psicoativos do THC. Isso o torna a escolha ideal para quem busca relaxamento, al\u00edvio do estresse e bem-estar geral.<\/p>\n<h2>O que s\u00e3o terpenos vivos<\/h2>\n<p>Os terpenos vivos s\u00e3o compostos arom\u00e1ticos naturais encontrados nas plantas de cannabis que tamb\u00e9m s\u00e3o preservados durante o processo de extra\u00e7\u00e3o da resina viva. Estes terpenos s\u00e3o respons\u00e1veis pelo sabor e aroma caracter\u00edsticos de cada variedade de can\u00e1bis, mas a sua import\u00e2ncia vai muito al\u00e9m disso.<\/p>\n<p>Os terpenos vivos n\u00e3o apenas melhoram a experi\u00eancia sensorial; Eles tamb\u00e9m interagem com canabin\u00f3ides para aumentar seus efeitos no que \u00e9 conhecido como \u201cefeito entourage\u201d ou \u201cefeito entourage\u201d. Em combina\u00e7\u00e3o com o CBD, os Terpenos Vivos potencializam os seus benef\u00edcios terap\u00eauticos, oferecendo um produto mais completo e eficaz.<\/p>\n<h3>Recursos do produto<\/h3>\n<p>Nosso CBD de resina viva com terpenos vivos se distingue por:<\/p>\n<ol>\n<li>Pureza<\/li>\n<\/ol>\n<p>Este produto \u00e9 feito exclusivamente a partir de plantas frescas congeladas imediatamente ap\u00f3s a colheita, garantindo que os canabin\u00f3ides e terpenos s\u00e3o preservados no seu estado mais puro.<\/p>\n<ol start=\"2\">\n<li>Alto teor de CBD<\/li>\n<\/ol>\n<p>Cont\u00e9m alta concentra\u00e7\u00e3o de CBD, ideal para quem busca benef\u00edcios terap\u00eauticos sem efeitos psicoativos. \u00c9 perfeito para combater o estresse, a ansiedade ou o desconforto f\u00edsico.<\/p>\n<ol start=\"3\">\n<li>Presen\u00e7a de terpenos vivos<\/li>\n<\/ol>\n<p>Os terpenos vivos proporcionam sabor e aroma intensos e aut\u00eanticos, al\u00e9m de melhorar a efic\u00e1cia do CBD gra\u00e7as ao efeito entourage.<\/p>\n<ol start=\"4\">\n<li>Sem THC<\/li>\n<\/ol>\n<p>Nosso produto cont\u00e9m menos de 0,2% THC, garantindo que seja legal e seguro para uso em qualquer lugar onde o CBD seja permitido.<\/p>\n<ol start=\"5\">\n<li>Qualidade garantida<\/li>\n<\/ol>\n<p>Todos os nossos produtos s\u00e3o testados em laborat\u00f3rio de forma independente para garantir seguran\u00e7a, pureza e pot\u00eancia.<\/p>\n<h2>Como preservar o CBD de resina viva<\/h2>\n<p>Para manter o frescor e a pot\u00eancia do seu CBD de resina viva com terpenos vivos, \u00e9 importante armazen\u00e1-lo corretamente. Aqui deixamos algumas dicas:<\/p>\n<p>Evitar a luz solar direta: Armazenar o produto em local escuro ou em recipiente opaco que o proteja da luz.<\/p>\n<p>Mantenha uma temperatura est\u00e1vel: armazene em local fresco, de prefer\u00eancia na geladeira, para evitar a degrada\u00e7\u00e3o de canabinoides e terpenos.<\/p>\n<p>Feche bem o recipiente: Certifique-se de fechar bem o recipiente ap\u00f3s cada uso para evitar oxida\u00e7\u00e3o.<\/p>\n<p>Seguindo essas recomenda\u00e7\u00f5es, voc\u00ea poder\u00e1 aproveitar os benef\u00edcios do seu extrato por mais tempo.<\/p>\n<h2>Por que comprar Live Resin CBD na Iguana Smoke<\/h2>\n<p>Comprar este extrato de CBD da Iguana Smoke online garante que voc\u00ea:<\/p>\n<p>Qualidade premium: Trabalhamos com produtores que utilizam as melhores t\u00e9cnicas de cultivo e extra\u00e7\u00e3o.<\/p>\n<p>Entrega r\u00e1pida e discreta: Receba seu produto na sua porta com total privacidade.<\/p>\n<p>Atendimento ao cliente: Nossa equipe est\u00e1 \u00e0 disposi\u00e7\u00e3o para esclarecer todas as suas d\u00favidas e ajud\u00e1-lo a escolher o produto que melhor se adapta \u00e0s suas necessidades.<\/p>\n<h2>Perguntas frequentes sobre resina viva CBD<\/h2>\n<ol>\n<li>O Live Resin CBD \u00e9 legal?<\/li>\n<\/ol>\n<p>Sim, ele cont\u00e9m menos de 0,2% de THC, o que o torna legal na maioria dos pa\u00edses onde o CBD \u00e9 permitido.<\/p>\n<ol start=\"2\">\n<li>Quanto devo usar?<\/li>\n<\/ol>\n<p>A dosagem depende das suas necessidades e experi\u00eancia com CBD. Recomendamos come\u00e7ar com uma pequena quantia e ajustar com base nos resultados.<\/p>\n<h2>Compre resina viva CBD agora<\/h2>\n<p>N\u00e3o espere mais para experimentar os benef\u00edcios do CBD Live Resin com terpenos vibrantes. Descubra a diferen\u00e7a que este extrato de alta qualidade oferece e d\u00ea um impulso natural ao seu bem-estar.<\/p>\n<p>Comprar extratos de CBD nunca foi t\u00e3o f\u00e1cil e seguro. D\u00ea o pr\u00f3ximo passo rumo a um estilo de vida equilibrado e saud\u00e1vel!<\/p>","protected":false},"excerpt":{"rendered":"<p><strong>CBD de resina viva com terpenos vivos<\/strong> \u00e9 um extrato premium feito de plantas frescas congeladas ap\u00f3s a colheita, oferecendo CBD puro e terpenos vivos que real\u00e7am seu sabor, aroma e benef\u00edcios. O armazenamento correto garante o m\u00e1ximo frescor. Compre agora este produto vers\u00e1til e de alta qualidade em nossa loja online.<\/p>\n<ul>\n<li>CBD: 84%\/THC: &lt; 0,2%<\/li>\n<li>Textura CBD de resina viva<\/li>\n<li>Aroma incompar\u00e1vel com Terpenos Vivos<\/li>\n<li>100% legal na Europa<\/li>\n<\/ul>\n<p>An\u00e1lise de qualidade: <a href=\"https:\/\/iguanasmoke.com\/analiticas\/\">Clique aqui<\/a><\/p>","protected":false},"featured_media":9726,"comment_status":"open","ping_status":"closed","template":"","meta":{"_acf_changed":false,"site-sidebar-layout":"default","site-content-layout":"","ast-site-content-layout":"default","site-content-style":"default","site-sidebar-style":"default","ast-global-header-display":"","ast-banner-title-visibility":"","ast-main-header-display":"","ast-hfb-above-header-display":"","ast-hfb-below-header-display":"","ast-hfb-mobile-header-display":"","site-post-title":"","ast-breadcrumbs-content":"","ast-featured-img":"","footer-sml-layout":"","theme-transparent-header-meta":"default","adv-header-id-meta":"","stick-header-meta":"","header-above-stick-meta":"","header-main-stick-meta":"","header-below-stick-meta":"","astra-migrate-meta-layouts":"set","ast-page-background-enabled":"default","ast-page-background-meta":{"desktop":{"background-color":"var(--ast-global-color-4)","background-image":"","background-repeat":"repeat","background-position":"center center","background-size":"auto","background-attachment":"scroll","background-type":"","background-media":"","overlay-type":"","overlay-color":"","overlay-opacity":"","overlay-gradient":""},"tablet":{"background-color":"","background-image":"","background-repeat":"repeat","background-position":"center center","background-size":"auto","background-attachment":"scroll","background-type":"","background-media":"","overlay-type":"","overlay-color":"","overlay-opacity":"","overlay-gradient":""},"mobile":{"background-color":"","background-image":"","background-repeat":"repeat","background-position":"center center","background-size":"auto","background-attachment":"scroll","background-type":"","background-media":"","overlay-type":"","overlay-color":"","overlay-opacity":"","overlay-gradient":""}},"ast-content-background-meta":{"desktop":{"background-color":"var(--ast-global-color-5)","background-image":"","background-repeat":"repeat","background-position":"center center","background-size":"auto","background-attachment":"scroll","background-type":"","background-media":"","overlay-type":"","overlay-color":"","overlay-opacity":"","overlay-gradient":""},"tablet":{"background-color":"var(--ast-global-color-5)","background-image":"","background-repeat":"repeat","background-position":"center center","background-size":"auto","background-attachment":"scroll","background-type":"","background-media":"","overlay-type":"","overlay-color":"","overlay-opacity":"","overlay-gradient":""},"mobile":{"background-color":"var(--ast-global-color-5)","background-image":"","background-repeat":"repeat","background-position":"center center","background-size":"auto","background-attachment":"scroll","background-type":"","background-media":"","overlay-type":"","overlay-color":"","overlay-opacity":"","overlay-gradient":""}}},"product_brand":[],"product_cat":[29,40],"product_tag":[],"class_list":{"0":"post-9720","1":"product","2":"type-product","3":"status-publish","4":"has-post-thumbnail","6":"product_cat-extractosdecbd","7":"product_cat-iguanasmoke","8":"desktop-align-center","9":"tablet-align-left","10":"mobile-align-left","12":"first","13":"instock","14":"taxable","15":"shipping-taxable","16":"purchasable","17":"product-type-variable"},"acf":[],"yoast_head":"<!-- This site is optimized with the Yoast SEO plugin v27.4 - https:\/\/yoast.com\/product\/yoast-seo-wordpress\/ -->\n<title>Live Resin CBD 84% con Live Terpenes - Comprar CBD mayoristas - THE LYF LABS<\/title>\n<meta name=\"description\" content=\"Compra Live Resin CBD enriquecido con Live Terpenes, un extracto de CBD de alta pureza y potencia, sin nicotina ni THC. Producto legal, ideal para tiendas.\" \/>\n<meta name=\"robots\" content=\"index, follow, max-snippet:-1, max-image-preview:large, max-video-preview:-1\" \/>\n<link rel=\"canonical\" href=\"https:\/\/thelyflabs.com\/pt\/product\/live-resin-cbd-84-con-live-terpenes\/\" \/>\n<meta property=\"og:locale\" content=\"pt_PT\" \/>\n<meta property=\"og:type\" content=\"article\" \/>\n<meta property=\"og:title\" content=\"Live Resin CBD 84% con Live Terpenes - Comprar CBD mayoristas - THE LYF LABS\" \/>\n<meta property=\"og:description\" content=\"Compra Live Resin CBD enriquecido con Live Terpenes, un extracto de CBD de alta pureza y potencia, sin nicotina ni THC. Producto legal, ideal para tiendas.\" \/>\n<meta property=\"og:url\" content=\"https:\/\/thelyflabs.com\/pt\/product\/live-resin-cbd-84-con-live-terpenes\/\" \/>\n<meta property=\"og:site_name\" content=\"THE LYF LABS\" \/>\n<meta property=\"article:modified_time\" content=\"2026-03-09T10:40:36+00:00\" \/>\n<meta property=\"og:image\" content=\"https:\/\/thelyflabs.com\/wp-content\/uploads\/2024\/12\/Rosin-live-resin.webp\" \/>\n\t<meta property=\"og:image:width\" content=\"1000\" \/>\n\t<meta property=\"og:image:height\" content=\"1000\" \/>\n\t<meta property=\"og:image:type\" content=\"image\/webp\" \/>\n<meta name=\"twitter:card\" content=\"summary_large_image\" \/>\n<meta name=\"twitter:label1\" content=\"Tempo estimado de leitura\" \/>\n\t<meta name=\"twitter:data1\" content=\"4 minutos\" \/>\n<script type=\"application\/ld+json\" class=\"yoast-schema-graph\">{\"@context\":\"https:\\\/\\\/schema.org\",\"@graph\":[{\"@type\":\"WebPage\",\"@id\":\"https:\\\/\\\/thelyflabs.com\\\/product\\\/live-resin-cbd-84-con-live-terpenes\",\"url\":\"https:\\\/\\\/thelyflabs.com\\\/product\\\/live-resin-cbd-84-con-live-terpenes\",\"name\":\"Live Resin CBD 84% con Live Terpenes - Comprar CBD mayoristas - THE LYF LABS\",\"isPartOf\":{\"@id\":\"https:\\\/\\\/thelyflabs.com\\\/#website\"},\"primaryImageOfPage\":{\"@id\":\"https:\\\/\\\/thelyflabs.com\\\/product\\\/live-resin-cbd-84-con-live-terpenes#primaryimage\"},\"image\":{\"@id\":\"https:\\\/\\\/thelyflabs.com\\\/product\\\/live-resin-cbd-84-con-live-terpenes#primaryimage\"},\"thumbnailUrl\":\"https:\\\/\\\/thelyflabs.com\\\/wp-content\\\/uploads\\\/2024\\\/12\\\/Rosin-live-resin.webp\",\"datePublished\":\"2024-12-18T14:29:01+00:00\",\"dateModified\":\"2026-03-09T10:40:36+00:00\",\"description\":\"Compra Live Resin CBD enriquecido con Live Terpenes, un extracto de CBD de alta pureza y potencia, sin nicotina ni THC. Producto legal, ideal para tiendas.\",\"breadcrumb\":{\"@id\":\"https:\\\/\\\/thelyflabs.com\\\/product\\\/live-resin-cbd-84-con-live-terpenes#breadcrumb\"},\"inLanguage\":\"pt-PT\",\"potentialAction\":[{\"@type\":\"ReadAction\",\"target\":[\"https:\\\/\\\/thelyflabs.com\\\/product\\\/live-resin-cbd-84-con-live-terpenes\"]}]},{\"@type\":\"ImageObject\",\"inLanguage\":\"pt-PT\",\"@id\":\"https:\\\/\\\/thelyflabs.com\\\/product\\\/live-resin-cbd-84-con-live-terpenes#primaryimage\",\"url\":\"https:\\\/\\\/thelyflabs.com\\\/wp-content\\\/uploads\\\/2024\\\/12\\\/Rosin-live-resin.webp\",\"contentUrl\":\"https:\\\/\\\/thelyflabs.com\\\/wp-content\\\/uploads\\\/2024\\\/12\\\/Rosin-live-resin.webp\",\"width\":1000,\"height\":1000,\"caption\":\"live resin CBD\"},{\"@type\":\"BreadcrumbList\",\"@id\":\"https:\\\/\\\/thelyflabs.com\\\/product\\\/live-resin-cbd-84-con-live-terpenes#breadcrumb\",\"itemListElement\":[{\"@type\":\"ListItem\",\"position\":1,\"name\":\"Portada\",\"item\":\"https:\\\/\\\/thelyflabs.com\\\/\"},{\"@type\":\"ListItem\",\"position\":2,\"name\":\"Tienda\",\"item\":\"https:\\\/\\\/thelyflabs.com\\\/tienda\"},{\"@type\":\"ListItem\",\"position\":3,\"name\":\"Live Resin CBD 84% con Live Terpenes\"}]},{\"@type\":\"WebSite\",\"@id\":\"https:\\\/\\\/thelyflabs.com\\\/#website\",\"url\":\"https:\\\/\\\/thelyflabs.com\\\/\",\"name\":\"The LYF Labs\",\"description\":\"CBD al por mayor\",\"publisher\":{\"@id\":\"https:\\\/\\\/thelyflabs.com\\\/#organization\"},\"potentialAction\":[{\"@type\":\"SearchAction\",\"target\":{\"@type\":\"EntryPoint\",\"urlTemplate\":\"https:\\\/\\\/thelyflabs.com\\\/?s={search_term_string}\"},\"query-input\":{\"@type\":\"PropertyValueSpecification\",\"valueRequired\":true,\"valueName\":\"search_term_string\"}}],\"inLanguage\":\"pt-PT\"},{\"@type\":\"Organization\",\"@id\":\"https:\\\/\\\/thelyflabs.com\\\/#organization\",\"name\":\"The LYF Labs\",\"url\":\"https:\\\/\\\/thelyflabs.com\\\/\",\"logo\":{\"@type\":\"ImageObject\",\"inLanguage\":\"pt-PT\",\"@id\":\"https:\\\/\\\/thelyflabs.com\\\/#\\\/schema\\\/logo\\\/image\\\/\",\"url\":\"https:\\\/\\\/thelyflabs.com\\\/wp-content\\\/uploads\\\/2023\\\/01\\\/cropped-LogoTheLYFLabs.png\",\"contentUrl\":\"https:\\\/\\\/thelyflabs.com\\\/wp-content\\\/uploads\\\/2023\\\/01\\\/cropped-LogoTheLYFLabs.png\",\"width\":600,\"height\":180,\"caption\":\"The LYF Labs\"},\"image\":{\"@id\":\"https:\\\/\\\/thelyflabs.com\\\/#\\\/schema\\\/logo\\\/image\\\/\"}}]}<\/script>\n<!-- \/ Yoast SEO plugin. -->","yoast_head_json":{"title":"Live Resin CBD 84% con Live Terpenes - Comprar CBD mayoristas - THE LYF LABS","description":"Compra Live Resin CBD enriquecido con Live Terpenes, un extracto de CBD de alta pureza y potencia, sin nicotina ni THC. Producto legal, ideal para tiendas.","robots":{"index":"index","follow":"follow","max-snippet":"max-snippet:-1","max-image-preview":"max-image-preview:large","max-video-preview":"max-video-preview:-1"},"canonical":"https:\/\/thelyflabs.com\/pt\/product\/live-resin-cbd-84-con-live-terpenes\/","og_locale":"pt_PT","og_type":"article","og_title":"Live Resin CBD 84% con Live Terpenes - Comprar CBD mayoristas - THE LYF LABS","og_description":"Compra Live Resin CBD enriquecido con Live Terpenes, un extracto de CBD de alta pureza y potencia, sin nicotina ni THC. Producto legal, ideal para tiendas.","og_url":"https:\/\/thelyflabs.com\/pt\/product\/live-resin-cbd-84-con-live-terpenes\/","og_site_name":"THE LYF LABS","article_modified_time":"2026-03-09T10:40:36+00:00","og_image":[{"width":1000,"height":1000,"url":"https:\/\/thelyflabs.com\/wp-content\/uploads\/2024\/12\/Rosin-live-resin.webp","type":"image\/webp"}],"twitter_card":"summary_large_image","twitter_misc":{"Tempo estimado de leitura":"4 minutos"},"schema":{"@context":"https:\/\/schema.org","@graph":[{"@type":"WebPage","@id":"https:\/\/thelyflabs.com\/product\/live-resin-cbd-84-con-live-terpenes","url":"https:\/\/thelyflabs.com\/product\/live-resin-cbd-84-con-live-terpenes","name":"Live Resin CBD 84% con Live Terpenes - Comprar CBD mayoristas - THE LYF LABS","isPartOf":{"@id":"https:\/\/thelyflabs.com\/#website"},"primaryImageOfPage":{"@id":"https:\/\/thelyflabs.com\/product\/live-resin-cbd-84-con-live-terpenes#primaryimage"},"image":{"@id":"https:\/\/thelyflabs.com\/product\/live-resin-cbd-84-con-live-terpenes#primaryimage"},"thumbnailUrl":"https:\/\/thelyflabs.com\/wp-content\/uploads\/2024\/12\/Rosin-live-resin.webp","datePublished":"2024-12-18T14:29:01+00:00","dateModified":"2026-03-09T10:40:36+00:00","description":"Compra Live Resin CBD enriquecido con Live Terpenes, un extracto de CBD de alta pureza y potencia, sin nicotina ni THC. Producto legal, ideal para tiendas.","breadcrumb":{"@id":"https:\/\/thelyflabs.com\/product\/live-resin-cbd-84-con-live-terpenes#breadcrumb"},"inLanguage":"pt-PT","potentialAction":[{"@type":"ReadAction","target":["https:\/\/thelyflabs.com\/product\/live-resin-cbd-84-con-live-terpenes"]}]},{"@type":"ImageObject","inLanguage":"pt-PT","@id":"https:\/\/thelyflabs.com\/product\/live-resin-cbd-84-con-live-terpenes#primaryimage","url":"https:\/\/thelyflabs.com\/wp-content\/uploads\/2024\/12\/Rosin-live-resin.webp","contentUrl":"https:\/\/thelyflabs.com\/wp-content\/uploads\/2024\/12\/Rosin-live-resin.webp","width":1000,"height":1000,"caption":"live resin CBD"},{"@type":"BreadcrumbList","@id":"https:\/\/thelyflabs.com\/product\/live-resin-cbd-84-con-live-terpenes#breadcrumb","itemListElement":[{"@type":"ListItem","position":1,"name":"Portada","item":"https:\/\/thelyflabs.com\/"},{"@type":"ListItem","position":2,"name":"Tienda","item":"https:\/\/thelyflabs.com\/tienda"},{"@type":"ListItem","position":3,"name":"Live Resin CBD 84% con Live Terpenes"}]},{"@type":"WebSite","@id":"https:\/\/thelyflabs.com\/#website","url":"https:\/\/thelyflabs.com\/","name":"Os Laborat\u00f3rios LYF","description":"CBD atacado","publisher":{"@id":"https:\/\/thelyflabs.com\/#organization"},"potentialAction":[{"@type":"SearchAction","target":{"@type":"EntryPoint","urlTemplate":"https:\/\/thelyflabs.com\/?s={search_term_string}"},"query-input":{"@type":"PropertyValueSpecification","valueRequired":true,"valueName":"search_term_string"}}],"inLanguage":"pt-PT"},{"@type":"Organization","@id":"https:\/\/thelyflabs.com\/#organization","name":"Os Laborat\u00f3rios LYF","url":"https:\/\/thelyflabs.com\/","logo":{"@type":"ImageObject","inLanguage":"pt-PT","@id":"https:\/\/thelyflabs.com\/#\/schema\/logo\/image\/","url":"https:\/\/thelyflabs.com\/wp-content\/uploads\/2023\/01\/cropped-LogoTheLYFLabs.png","contentUrl":"https:\/\/thelyflabs.com\/wp-content\/uploads\/2023\/01\/cropped-LogoTheLYFLabs.png","width":600,"height":180,"caption":"The LYF Labs"},"image":{"@id":"https:\/\/thelyflabs.com\/#\/schema\/logo\/image\/"}}]}},"_links":{"self":[{"href":"https:\/\/thelyflabs.com\/pt\/wp-json\/wp\/v2\/product\/9720","targetHints":{"allow":["GET"]}}],"collection":[{"href":"https:\/\/thelyflabs.com\/pt\/wp-json\/wp\/v2\/product"}],"about":[{"href":"https:\/\/thelyflabs.com\/pt\/wp-json\/wp\/v2\/types\/product"}],"replies":[{"embeddable":true,"href":"https:\/\/thelyflabs.com\/pt\/wp-json\/wp\/v2\/comments?post=9720"}],"wp:featuredmedia":[{"embeddable":true,"href":"https:\/\/thelyflabs.com\/pt\/wp-json\/wp\/v2\/media\/9726"}],"wp:attachment":[{"href":"https:\/\/thelyflabs.com\/pt\/wp-json\/wp\/v2\/media?parent=9720"}],"wp:term":[{"taxonomy":"product_brand","embeddable":true,"href":"https:\/\/thelyflabs.com\/pt\/wp-json\/wp\/v2\/product_brand?post=9720"},{"taxonomy":"product_cat","embeddable":true,"href":"https:\/\/thelyflabs.com\/pt\/wp-json\/wp\/v2\/product_cat?post=9720"},{"taxonomy":"product_tag","embeddable":true,"href":"https:\/\/thelyflabs.com\/pt\/wp-json\/wp\/v2\/product_tag?post=9720"}],"curies":[{"name":"wp","href":"https:\/\/api.w.org\/{rel}","templated":true}]}}