{"id":9727,"date":"2024-12-18T15:32:21","date_gmt":"2024-12-18T14:32:21","guid":{"rendered":"https:\/\/thelyflabs.com\/?post_type=product&#038;p=9727"},"modified":"2026-03-09T11:15:28","modified_gmt":"2026-03-09T10:15:28","slug":"cold-cure-rosin-cbd-91-con-live-terpenes","status":"publish","type":"product","link":"https:\/\/thelyflabs.com\/pt\/product\/cold-cure-rosin-cbd-91-con-live-terpenes","title":{"rendered":"Colof\u00f3nia de cura a frio CBD 91% com terpenos vivos"},"content":{"rendered":"<h1><span style=\"font-weight: 400\">Rosin CBD 91% Cold Cure: Puro, natural e com um sabor \u00fanico.\u00a0<\/span><\/h1>\n<p><span style=\"font-weight: 400\">Ele <strong>Resina CBD <\/strong>\u00a0\u00e9 um dos <strong>Extratos de CBD mais puros e naturais<\/strong> que voc\u00ea pode encontrar.\u00a0<\/span><span style=\"font-weight: 400\">Se voc\u00ea est\u00e1 procurando por <strong>Compre Rosin CBD para cura de resfriados e extratos de CBD.<\/strong> alta qualidade ou um <strong>Resina de CBD barata, mas potente<\/strong>Essa \u00e9 a escolha ideal. <\/span><\/p>\n<p><span style=\"font-weight: 400\">Seu processo de produ\u00e7\u00e3o artesanal garante um <strong>textura cremosa<\/strong>, um <strong>sabor intenso<\/strong> e um <strong>100% experi\u00eancia natural<\/strong>, sem qu\u00edmicos ou solventes. Sua f\u00f3rmula concentrada permite que voc\u00ea aproveite todos os benef\u00edcios. <strong>poder do canabidiol (CBD)<\/strong> com a mais alta pureza.\u00a0<\/span><\/p>\n<p>&nbsp;<\/p>\n<h2>O que \u00e9 Cold Cure Rosin CBD?<\/h2>\n<p>Ele <strong>Colof\u00f3nia CBD de cura a frio<\/strong> \u00c9 um extrato de cannabis obtido atrav\u00e9s de um processo artesanal que n\u00e3o utiliza solventes qu\u00edmicos. A particularidade desta colof\u00f3nia reside na sua t\u00e9cnica de cura a frio, que \u00e9 realizada ap\u00f3s a prensagem inicial da colof\u00f3nia. Este processo permite maximizar o conte\u00fado de terpenos e canabin\u00f3ides, garantindo um produto de qualidade superior.<\/p>\n<p>&nbsp;<\/p>\n<h3>Diferen\u00e7a entre colof\u00f3nia e colof\u00f3nia de cura a frio CBD<\/h3>\n<ul>\n<li><strong>resina tradicional<\/strong>: \u00c9 extra\u00eddo por calor e press\u00e3o e consumido tal como est\u00e1 ap\u00f3s a prensagem.<\/li>\n<li><strong>Colof\u00f3nia CBD de cura a frio<\/strong>: Ap\u00f3s a extra\u00e7\u00e3o inicial, passa por um processo de cura a frio que melhora a textura, o sabor e a estabilidade do produto.<\/li>\n<\/ul>\n<p>&nbsp;<\/p>\n<h2>Caracter\u00edsticas do Cold Cure Rosin CBD<\/h2>\n<p>Este extrato premium \u00e9 ideal para quem procura uma experi\u00eancia de CBD pura e aut\u00eantica. Aqui contamos suas principais caracter\u00edsticas:<\/p>\n<ol>\n<li><strong>pureza absoluta<\/strong><br \/>\nPor n\u00e3o utilizar solventes qu\u00edmicos como butano ou propano, Cold Cure Rosin CBD \u00e9 um produto completamente limpo e natural.<\/li>\n<li><strong>Alto teor de CBD<\/strong><br \/>\nEste extrato foi desenvolvido para quem deseja desfrutar dos benef\u00edcios terap\u00eauticos do CBD sem os efeitos psicoativos do THC.<\/li>\n<li><strong>Perfil excepcional de terpeno<\/strong><br \/>\nO processo de cura a frio preserva ao m\u00e1ximo os terpenos, resultando num produto com sabor e aroma ricos e complexos.<\/li>\n<li><strong>Textura vers\u00e1til<\/strong><br \/>\nDependendo do tempo e das condi\u00e7\u00f5es de cura, Cold Cure Rosin CBD pode ter uma textura cremosa ou mais densa, facilitando o manuseio.<\/li>\n<\/ol>\n<h2>Apar\u00eancia de Cold Cure Rosin CBD<\/h2>\n<p>A apar\u00eancia de <strong>Colof\u00f3nia CBD de cura a frio<\/strong> \u00c9 um dos seus pontos mais atrativos. Este extrato possui textura macia e male\u00e1vel, com cor que varia entre o dourado claro e o \u00e2mbar. Sua consist\u00eancia pode lembrar manteiga ou cera mole, o que facilita o manuseio para diferentes formas de consumo.<\/p>\n<p>Al\u00e9m disso, seu brilho e transpar\u00eancia indicam a alta qualidade do produto, refletindo sua pureza e meticuloso processo de fabrica\u00e7\u00e3o.<\/p>\n<h2>Origem e Processo de Produ\u00e7\u00e3o de Cold Cure Rosin CBD<\/h2>\n<p>Ele <strong>Colof\u00f3nia CBD de cura a frio<\/strong> \u00e9 proveniente de flores de cannabis de alta qualidade, selecionadas especificamente por seu alto teor de CBD e perfil de terpenos. O processo de fabrica\u00e7\u00e3o consiste em v\u00e1rias etapas principais:<\/p>\n<ol>\n<li><strong>Sele\u00e7\u00e3o de mat\u00e9ria-prima<\/strong><br \/>\nS\u00e3o escolhidas flores frescas ou curadas com altos n\u00edveis de CBD, garantindo que estejam livres de contaminantes.<\/li>\n<li><strong>Extra\u00e7\u00e3o com calor e press\u00e3o<\/strong><br \/>\nEstas flores s\u00e3o colocadas numa prensa de colof\u00f3nia onde, atrav\u00e9s da aplica\u00e7\u00e3o de calor e press\u00e3o controlados, s\u00e3o extra\u00eddos os canabin\u00f3ides e os terpenos.<\/li>\n<li><strong>curado a frio<\/strong><br \/>\nO extrato obtido \u00e9 deixado repousar em ambiente fresco e controlado. Durante esse processo, os compostos s\u00e3o estabilizados, melhorando sua textura e perfil de sabor.<\/li>\n<li><strong>Embalagem cuidadosa<\/strong><br \/>\nConclu\u00eddo o processo de cura, o produto \u00e9 acondicionado em embalagens herm\u00e9ticas para preservar seu frescor e qualidade.<\/li>\n<\/ol>\n<h2>Por que escolher Cold Cure Rosin CBD?<\/h2>\n<p>Cold Cure Rosin CBD \u00e9 perfeito para quem busca os benef\u00edcios do canabidiol.<\/p>\n<h3>Qualidade Superior<\/h3>\n<p>A cura a frio garante um produto final que supera em qualidade outros tipos de breu. Os terpenos e canabin\u00f3ides permanecem intactos, o que se traduz numa experi\u00eancia sensorial incompar\u00e1vel.<\/p>\n<h3>Sustentabilidade<\/h3>\n<p>O processo de produ\u00e7\u00e3o de Cold Cure Rosin CBD \u00e9 ecologicamente correto. Ao n\u00e3o utilizar solventes qu\u00edmicos, o impacto ambiental \u00e9 minimizado e garante-se um consumo mais limpo e seguro.<\/p>\n<h2>Dicas para armazenar colof\u00f3nia de cura a frio CBD<\/h2>\n<p>O armazenamento adequado \u00e9 fundamental para manter o frescor e a pot\u00eancia do Cold Cure Rosin CBD. Siga estas dicas para maximizar sua vida \u00fatil:<\/p>\n<ol>\n<li><strong>Use recipientes herm\u00e9ticos<\/strong><br \/>\nArmazene o extrato em recipientes herm\u00e9ticos de vidro ou silicone para evitar a exposi\u00e7\u00e3o ao ar.<\/li>\n<li><strong>Mantenha uma temperatura adequada<\/strong><br \/>\nArmazenar o produto em local fresco e longe de fontes de calor. A geladeira \u00e9 uma boa op\u00e7\u00e3o, mas evite o freezer para evitar altera\u00e7\u00f5es na textura.<\/li>\n<li><strong>Proteja da luz<\/strong><br \/>\nA luz direta pode degradar canabin\u00f3ides e terpenos, portanto, certifique-se de armazenar Cold Cure Rosin CBD em um local escuro.<\/li>\n<li><strong>Evite umidade<\/strong><br \/>\nMantenha o extrato seco para evitar a forma\u00e7\u00e3o de mofo ou outros contaminantes.<\/li>\n<\/ol>\n<h2>Como consumir colof\u00f3nia de cura a frio CBD<\/h2>\n<p>Cold Cure Rosin CBD \u00e9 um produto vers\u00e1til que pode ser consumido de diversas maneiras:<\/p>\n<ol>\n<li><strong>Vaporiza\u00e7\u00e3o<\/strong><br \/>\n\u00c9 a forma mais comum e eficaz de consumir colof\u00f3nia. Utilize um vaporizador compat\u00edvel para desfrutar dos seus efeitos imediatos e sabor intenso.<\/li>\n<li><strong>Enxugando<\/strong><br \/>\nCom um dab rig, voc\u00ea pode aquecer a colof\u00f3nia e consumi-la em pequenas quantidades para uma experi\u00eancia mais potente.<\/li>\n<li><strong>Adi\u00e7\u00e3o de flores<\/strong><br \/>\nMisture colof\u00f3nia com as suas flores favoritas de CBD para real\u00e7ar os seus efeitos.<\/li>\n<li><strong>Culin\u00e1ria cannabis<\/strong><br \/>\nEmbora menos comum, voc\u00ea pode incorporar Cold Cure Rosin CBD em receitas para criar alimentos.<\/li>\n<\/ol>\n<h2>Compre colof\u00f3nia de cura fria CBD online<\/h2>\n<p>Se voc\u00ea est\u00e1 procurando um extrato premium para aproveitar os benef\u00edcios do CBD, o <strong>Colof\u00f3nia CBD de cura a frio<\/strong> \u00c9 a sua melhor op\u00e7\u00e3o. Na nossa loja online voc\u00ea encontrar\u00e1 produtos de alta qualidade que atendem aos mais exigentes padr\u00f5es. Al\u00e9m disso, em <strong>comprar colof\u00f3nia CBD<\/strong> qualquer <strong>Colof\u00f3nia CBD de cura a frio<\/strong>, voc\u00ea pode ter certeza de que est\u00e1 adquirindo um produto seguro, limpo e cheio de benef\u00edcios.<\/p>\n<p>Explore a nossa sele\u00e7\u00e3o e descubra porque Cold Cure Rosin CBD \u00e9 um favorito entre os amantes de cannabis. Encomende agora e leve a sua experi\u00eancia CBD para o pr\u00f3ximo n\u00edvel!<\/p>\n<p>Com o <strong>Colof\u00f3nia CBD de cura a frio<\/strong>, voc\u00ea obter\u00e1 uma combina\u00e7\u00e3o perfeita de pureza, sabor e benef\u00edcios terap\u00eauticos. \u00c9 ideal para quem procura uma alternativa segura, natural e de alta qualidade no mundo dos extratos de cannabis. Atreva-se a experimentar hoje.<\/p>","protected":false},"excerpt":{"rendered":"<p><span style=\"font-weight: 400\">Nosso <strong>Rosina CBD 91% Cura para Resfriado<\/strong> \u00e9 um <strong>extrato de cannabis premium<\/strong> sem solventes<strong>.<\/strong> Seu processo \u00fanico de <strong>A cura a frio real\u00e7a o sabor e a qualidade.<\/strong>.\u00a0<\/span><\/p>\n<ul>\n<li>CBD: alta concentra\u00e7\u00e3o 91 % \/ THC &lt;0,3 %<\/li>\n<li>Aroma incompar\u00e1vel com Terpenos Vivos<\/li>\n<li>100% legal na Espanha<\/li>\n<\/ul>\n<p>An\u00e1lise de qualidade: clique <a href=\"https:\/\/iguanasmoke.com\/analiticas\/\" target=\"_blank\" rel=\"noopener\">aqui<\/a><\/p>","protected":false},"featured_media":9731,"comment_status":"open","ping_status":"closed","template":"","meta":{"_acf_changed":false,"site-sidebar-layout":"default","site-content-layout":"","ast-site-content-layout":"default","site-content-style":"default","site-sidebar-style":"default","ast-global-header-display":"","ast-banner-title-visibility":"","ast-main-header-display":"","ast-hfb-above-header-display":"","ast-hfb-below-header-display":"","ast-hfb-mobile-header-display":"","site-post-title":"","ast-breadcrumbs-content":"","ast-featured-img":"","footer-sml-layout":"","theme-transparent-header-meta":"default","adv-header-id-meta":"","stick-header-meta":"","header-above-stick-meta":"","header-main-stick-meta":"","header-below-stick-meta":"","astra-migrate-meta-layouts":"set","ast-page-background-enabled":"default","ast-page-background-meta":{"desktop":{"background-color":"var(--ast-global-color-4)","background-image":"","background-repeat":"repeat","background-position":"center center","background-size":"auto","background-attachment":"scroll","background-type":"","background-media":"","overlay-type":"","overlay-color":"","overlay-opacity":"","overlay-gradient":""},"tablet":{"background-color":"","background-image":"","background-repeat":"repeat","background-position":"center center","background-size":"auto","background-attachment":"scroll","background-type":"","background-media":"","overlay-type":"","overlay-color":"","overlay-opacity":"","overlay-gradient":""},"mobile":{"background-color":"","background-image":"","background-repeat":"repeat","background-position":"center center","background-size":"auto","background-attachment":"scroll","background-type":"","background-media":"","overlay-type":"","overlay-color":"","overlay-opacity":"","overlay-gradient":""}},"ast-content-background-meta":{"desktop":{"background-color":"var(--ast-global-color-5)","background-image":"","background-repeat":"repeat","background-position":"center center","background-size":"auto","background-attachment":"scroll","background-type":"","background-media":"","overlay-type":"","overlay-color":"","overlay-opacity":"","overlay-gradient":""},"tablet":{"background-color":"var(--ast-global-color-5)","background-image":"","background-repeat":"repeat","background-position":"center center","background-size":"auto","background-attachment":"scroll","background-type":"","background-media":"","overlay-type":"","overlay-color":"","overlay-opacity":"","overlay-gradient":""},"mobile":{"background-color":"var(--ast-global-color-5)","background-image":"","background-repeat":"repeat","background-position":"center center","background-size":"auto","background-attachment":"scroll","background-type":"","background-media":"","overlay-type":"","overlay-color":"","overlay-opacity":"","overlay-gradient":""}}},"product_brand":[],"product_cat":[29,40],"product_tag":[],"class_list":{"0":"post-9727","1":"product","2":"type-product","3":"status-publish","4":"has-post-thumbnail","6":"product_cat-extractosdecbd","7":"product_cat-iguanasmoke","8":"desktop-align-center","9":"tablet-align-left","10":"mobile-align-left","12":"first","13":"instock","14":"taxable","15":"shipping-taxable","16":"purchasable","17":"product-type-variable"},"acf":[],"yoast_head":"<!-- This site is optimized with the Yoast SEO plugin v27.4 - https:\/\/yoast.com\/product\/yoast-seo-wordpress\/ -->\n<title>Cold Cure Rosin CBD 91% con Live Terpenes - THE LYF LABS<\/title>\n<meta name=\"description\" content=\"Compra Cold Cure Rosin CBD 91% y benef\u00edciate de las propiedades del CBD. Extracto ecol\u00f3gico, natural y puro, sin aditivos artificiales.\" \/>\n<meta name=\"robots\" content=\"index, follow, max-snippet:-1, max-image-preview:large, max-video-preview:-1\" \/>\n<link rel=\"canonical\" href=\"https:\/\/thelyflabs.com\/pt\/product\/cold-cure-rosin-cbd-91-con-live-terpenes\/\" \/>\n<meta property=\"og:locale\" content=\"pt_PT\" \/>\n<meta property=\"og:type\" content=\"article\" \/>\n<meta property=\"og:title\" content=\"Cold Cure Rosin CBD 91% con Live Terpenes - THE LYF LABS\" \/>\n<meta property=\"og:description\" content=\"Compra Cold Cure Rosin CBD 91% y benef\u00edciate de las propiedades del CBD. Extracto ecol\u00f3gico, natural y puro, sin aditivos artificiales.\" \/>\n<meta property=\"og:url\" content=\"https:\/\/thelyflabs.com\/pt\/product\/cold-cure-rosin-cbd-91-con-live-terpenes\/\" \/>\n<meta property=\"og:site_name\" content=\"THE LYF LABS\" \/>\n<meta property=\"article:modified_time\" content=\"2026-03-09T10:15:28+00:00\" \/>\n<meta property=\"og:image\" content=\"https:\/\/thelyflabs.com\/wp-content\/uploads\/2024\/12\/Rosing-rosin.webp\" \/>\n\t<meta property=\"og:image:width\" content=\"1000\" \/>\n\t<meta property=\"og:image:height\" content=\"1000\" \/>\n\t<meta property=\"og:image:type\" content=\"image\/webp\" \/>\n<meta name=\"twitter:card\" content=\"summary_large_image\" \/>\n<meta name=\"twitter:label1\" content=\"Tempo estimado de leitura\" \/>\n\t<meta name=\"twitter:data1\" content=\"5 minutos\" \/>\n<script type=\"application\/ld+json\" class=\"yoast-schema-graph\">{\"@context\":\"https:\\\/\\\/schema.org\",\"@graph\":[{\"@type\":\"WebPage\",\"@id\":\"https:\\\/\\\/thelyflabs.com\\\/product\\\/cold-cure-rosin-cbd-91-con-live-terpenes\",\"url\":\"https:\\\/\\\/thelyflabs.com\\\/product\\\/cold-cure-rosin-cbd-91-con-live-terpenes\",\"name\":\"Cold Cure Rosin CBD 91% con Live Terpenes - THE LYF LABS\",\"isPartOf\":{\"@id\":\"https:\\\/\\\/thelyflabs.com\\\/#website\"},\"primaryImageOfPage\":{\"@id\":\"https:\\\/\\\/thelyflabs.com\\\/product\\\/cold-cure-rosin-cbd-91-con-live-terpenes#primaryimage\"},\"image\":{\"@id\":\"https:\\\/\\\/thelyflabs.com\\\/product\\\/cold-cure-rosin-cbd-91-con-live-terpenes#primaryimage\"},\"thumbnailUrl\":\"https:\\\/\\\/thelyflabs.com\\\/wp-content\\\/uploads\\\/2024\\\/12\\\/Rosing-rosin.webp\",\"datePublished\":\"2024-12-18T14:32:21+00:00\",\"dateModified\":\"2026-03-09T10:15:28+00:00\",\"description\":\"Compra Cold Cure Rosin CBD 91% y benef\u00edciate de las propiedades del CBD. Extracto ecol\u00f3gico, natural y puro, sin aditivos artificiales.\",\"breadcrumb\":{\"@id\":\"https:\\\/\\\/thelyflabs.com\\\/product\\\/cold-cure-rosin-cbd-91-con-live-terpenes#breadcrumb\"},\"inLanguage\":\"pt-PT\",\"potentialAction\":[{\"@type\":\"ReadAction\",\"target\":[\"https:\\\/\\\/thelyflabs.com\\\/product\\\/cold-cure-rosin-cbd-91-con-live-terpenes\"]}]},{\"@type\":\"ImageObject\",\"inLanguage\":\"pt-PT\",\"@id\":\"https:\\\/\\\/thelyflabs.com\\\/product\\\/cold-cure-rosin-cbd-91-con-live-terpenes#primaryimage\",\"url\":\"https:\\\/\\\/thelyflabs.com\\\/wp-content\\\/uploads\\\/2024\\\/12\\\/Rosing-rosin.webp\",\"contentUrl\":\"https:\\\/\\\/thelyflabs.com\\\/wp-content\\\/uploads\\\/2024\\\/12\\\/Rosing-rosin.webp\",\"width\":1000,\"height\":1000},{\"@type\":\"BreadcrumbList\",\"@id\":\"https:\\\/\\\/thelyflabs.com\\\/product\\\/cold-cure-rosin-cbd-91-con-live-terpenes#breadcrumb\",\"itemListElement\":[{\"@type\":\"ListItem\",\"position\":1,\"name\":\"Portada\",\"item\":\"https:\\\/\\\/thelyflabs.com\\\/\"},{\"@type\":\"ListItem\",\"position\":2,\"name\":\"Tienda\",\"item\":\"https:\\\/\\\/thelyflabs.com\\\/tienda\"},{\"@type\":\"ListItem\",\"position\":3,\"name\":\"Cold Cure Rosin CBD 91% con Live Terpenes\"}]},{\"@type\":\"WebSite\",\"@id\":\"https:\\\/\\\/thelyflabs.com\\\/#website\",\"url\":\"https:\\\/\\\/thelyflabs.com\\\/\",\"name\":\"The LYF Labs\",\"description\":\"CBD al por mayor\",\"publisher\":{\"@id\":\"https:\\\/\\\/thelyflabs.com\\\/#organization\"},\"potentialAction\":[{\"@type\":\"SearchAction\",\"target\":{\"@type\":\"EntryPoint\",\"urlTemplate\":\"https:\\\/\\\/thelyflabs.com\\\/?s={search_term_string}\"},\"query-input\":{\"@type\":\"PropertyValueSpecification\",\"valueRequired\":true,\"valueName\":\"search_term_string\"}}],\"inLanguage\":\"pt-PT\"},{\"@type\":\"Organization\",\"@id\":\"https:\\\/\\\/thelyflabs.com\\\/#organization\",\"name\":\"The LYF Labs\",\"url\":\"https:\\\/\\\/thelyflabs.com\\\/\",\"logo\":{\"@type\":\"ImageObject\",\"inLanguage\":\"pt-PT\",\"@id\":\"https:\\\/\\\/thelyflabs.com\\\/#\\\/schema\\\/logo\\\/image\\\/\",\"url\":\"https:\\\/\\\/thelyflabs.com\\\/wp-content\\\/uploads\\\/2023\\\/01\\\/cropped-LogoTheLYFLabs.png\",\"contentUrl\":\"https:\\\/\\\/thelyflabs.com\\\/wp-content\\\/uploads\\\/2023\\\/01\\\/cropped-LogoTheLYFLabs.png\",\"width\":600,\"height\":180,\"caption\":\"The LYF Labs\"},\"image\":{\"@id\":\"https:\\\/\\\/thelyflabs.com\\\/#\\\/schema\\\/logo\\\/image\\\/\"}}]}<\/script>\n<!-- \/ Yoast SEO plugin. -->","yoast_head_json":{"title":"Cold Cure Rosin CBD 91% con Live Terpenes - THE LYF LABS","description":"Compra Cold Cure Rosin CBD 91% y benef\u00edciate de las propiedades del CBD. Extracto ecol\u00f3gico, natural y puro, sin aditivos artificiales.","robots":{"index":"index","follow":"follow","max-snippet":"max-snippet:-1","max-image-preview":"max-image-preview:large","max-video-preview":"max-video-preview:-1"},"canonical":"https:\/\/thelyflabs.com\/pt\/product\/cold-cure-rosin-cbd-91-con-live-terpenes\/","og_locale":"pt_PT","og_type":"article","og_title":"Cold Cure Rosin CBD 91% con Live Terpenes - THE LYF LABS","og_description":"Compra Cold Cure Rosin CBD 91% y benef\u00edciate de las propiedades del CBD. Extracto ecol\u00f3gico, natural y puro, sin aditivos artificiales.","og_url":"https:\/\/thelyflabs.com\/pt\/product\/cold-cure-rosin-cbd-91-con-live-terpenes\/","og_site_name":"THE LYF LABS","article_modified_time":"2026-03-09T10:15:28+00:00","og_image":[{"width":1000,"height":1000,"url":"https:\/\/thelyflabs.com\/wp-content\/uploads\/2024\/12\/Rosing-rosin.webp","type":"image\/webp"}],"twitter_card":"summary_large_image","twitter_misc":{"Tempo estimado de leitura":"5 minutos"},"schema":{"@context":"https:\/\/schema.org","@graph":[{"@type":"WebPage","@id":"https:\/\/thelyflabs.com\/product\/cold-cure-rosin-cbd-91-con-live-terpenes","url":"https:\/\/thelyflabs.com\/product\/cold-cure-rosin-cbd-91-con-live-terpenes","name":"Cold Cure Rosin CBD 91% con Live Terpenes - THE LYF LABS","isPartOf":{"@id":"https:\/\/thelyflabs.com\/#website"},"primaryImageOfPage":{"@id":"https:\/\/thelyflabs.com\/product\/cold-cure-rosin-cbd-91-con-live-terpenes#primaryimage"},"image":{"@id":"https:\/\/thelyflabs.com\/product\/cold-cure-rosin-cbd-91-con-live-terpenes#primaryimage"},"thumbnailUrl":"https:\/\/thelyflabs.com\/wp-content\/uploads\/2024\/12\/Rosing-rosin.webp","datePublished":"2024-12-18T14:32:21+00:00","dateModified":"2026-03-09T10:15:28+00:00","description":"Compra Cold Cure Rosin CBD 91% y benef\u00edciate de las propiedades del CBD. Extracto ecol\u00f3gico, natural y puro, sin aditivos artificiales.","breadcrumb":{"@id":"https:\/\/thelyflabs.com\/product\/cold-cure-rosin-cbd-91-con-live-terpenes#breadcrumb"},"inLanguage":"pt-PT","potentialAction":[{"@type":"ReadAction","target":["https:\/\/thelyflabs.com\/product\/cold-cure-rosin-cbd-91-con-live-terpenes"]}]},{"@type":"ImageObject","inLanguage":"pt-PT","@id":"https:\/\/thelyflabs.com\/product\/cold-cure-rosin-cbd-91-con-live-terpenes#primaryimage","url":"https:\/\/thelyflabs.com\/wp-content\/uploads\/2024\/12\/Rosing-rosin.webp","contentUrl":"https:\/\/thelyflabs.com\/wp-content\/uploads\/2024\/12\/Rosing-rosin.webp","width":1000,"height":1000},{"@type":"BreadcrumbList","@id":"https:\/\/thelyflabs.com\/product\/cold-cure-rosin-cbd-91-con-live-terpenes#breadcrumb","itemListElement":[{"@type":"ListItem","position":1,"name":"Portada","item":"https:\/\/thelyflabs.com\/"},{"@type":"ListItem","position":2,"name":"Tienda","item":"https:\/\/thelyflabs.com\/tienda"},{"@type":"ListItem","position":3,"name":"Cold Cure Rosin CBD 91% con Live Terpenes"}]},{"@type":"WebSite","@id":"https:\/\/thelyflabs.com\/#website","url":"https:\/\/thelyflabs.com\/","name":"Os Laborat\u00f3rios LYF","description":"CBD atacado","publisher":{"@id":"https:\/\/thelyflabs.com\/#organization"},"potentialAction":[{"@type":"SearchAction","target":{"@type":"EntryPoint","urlTemplate":"https:\/\/thelyflabs.com\/?s={search_term_string}"},"query-input":{"@type":"PropertyValueSpecification","valueRequired":true,"valueName":"search_term_string"}}],"inLanguage":"pt-PT"},{"@type":"Organization","@id":"https:\/\/thelyflabs.com\/#organization","name":"Os Laborat\u00f3rios LYF","url":"https:\/\/thelyflabs.com\/","logo":{"@type":"ImageObject","inLanguage":"pt-PT","@id":"https:\/\/thelyflabs.com\/#\/schema\/logo\/image\/","url":"https:\/\/thelyflabs.com\/wp-content\/uploads\/2023\/01\/cropped-LogoTheLYFLabs.png","contentUrl":"https:\/\/thelyflabs.com\/wp-content\/uploads\/2023\/01\/cropped-LogoTheLYFLabs.png","width":600,"height":180,"caption":"The LYF Labs"},"image":{"@id":"https:\/\/thelyflabs.com\/#\/schema\/logo\/image\/"}}]}},"_links":{"self":[{"href":"https:\/\/thelyflabs.com\/pt\/wp-json\/wp\/v2\/product\/9727","targetHints":{"allow":["GET"]}}],"collection":[{"href":"https:\/\/thelyflabs.com\/pt\/wp-json\/wp\/v2\/product"}],"about":[{"href":"https:\/\/thelyflabs.com\/pt\/wp-json\/wp\/v2\/types\/product"}],"replies":[{"embeddable":true,"href":"https:\/\/thelyflabs.com\/pt\/wp-json\/wp\/v2\/comments?post=9727"}],"wp:featuredmedia":[{"embeddable":true,"href":"https:\/\/thelyflabs.com\/pt\/wp-json\/wp\/v2\/media\/9731"}],"wp:attachment":[{"href":"https:\/\/thelyflabs.com\/pt\/wp-json\/wp\/v2\/media?parent=9727"}],"wp:term":[{"taxonomy":"product_brand","embeddable":true,"href":"https:\/\/thelyflabs.com\/pt\/wp-json\/wp\/v2\/product_brand?post=9727"},{"taxonomy":"product_cat","embeddable":true,"href":"https:\/\/thelyflabs.com\/pt\/wp-json\/wp\/v2\/product_cat?post=9727"},{"taxonomy":"product_tag","embeddable":true,"href":"https:\/\/thelyflabs.com\/pt\/wp-json\/wp\/v2\/product_tag?post=9727"}],"curies":[{"name":"wp","href":"https:\/\/api.w.org\/{rel}","templated":true}]}}