{"id":9732,"date":"2024-12-18T15:36:37","date_gmt":"2024-12-18T14:36:37","guid":{"rendered":"https:\/\/thelyflabs.com\/?post_type=product&#038;p=9732"},"modified":"2026-03-09T11:19:14","modified_gmt":"2026-03-09T10:19:14","slug":"sugar-wax-cbd-88-con-live-terpenes","status":"publish","type":"product","link":"https:\/\/thelyflabs.com\/pt\/product\/sugar-wax-cbd-88-con-live-terpenes","title":{"rendered":"Cera de A\u00e7\u00facar CBD 88% com Terpenos Vivos"},"content":{"rendered":"<h1>Compre Sugar Wax CBD com terpenos vivos<\/h1>\n<h2>O que \u00e9 cera de a\u00e7\u00facar CBD<\/h2>\n<p>Sugar Wax CBD \u00e9 um concentrado de cannabis conhecido por sua textura granulada e cristalina que lembra a\u00e7\u00facar umedecido. Este produto \u00e9 feito a partir de plantas de cannabis ricas em CBD e \u00e9 ideal para quem procura uma experi\u00eancia de alta qualidade com todos os benef\u00edcios do canabidiol sem os efeitos psicoativos do THC.<\/p>\n<p>A chave da Sugar Wax reside no seu processo de extra\u00e7\u00e3o, que ret\u00e9m os canabin\u00f3ides e os terpenos no seu estado mais puro. Isto n\u00e3o s\u00f3 garante um elevado teor de CBD, mas tamb\u00e9m uma experi\u00eancia arom\u00e1tica e sensorial excepcional, gra\u00e7as \u00e0 presen\u00e7a de Terpenos Vivos.<\/p>\n<h2>O que s\u00e3o terpenos vivos<\/h2>\n<p>Os terpenos vivos s\u00e3o compostos arom\u00e1ticos naturais presentes nas plantas de cannabis, extra\u00eddos enquanto est\u00e3o frescos para manter intactas as suas propriedades. Estes terpenos n\u00e3o s\u00f3 contribuem para o sabor e aroma \u00fanicos de cada variedade de cannabis, mas tamb\u00e9m aumentam os efeitos terap\u00eauticos do CBD atrav\u00e9s do \u201cefeito entourage\u201d ou \u201cefeito entourage\u201d, uma sinergia que amplifica os benef\u00edcios dos canabin\u00f3ides.<\/p>\n<p>Ao combinar Sugar Wax CBD com Terpenos Vivos, voc\u00ea obt\u00e9m um produto equilibrado e poderoso, pensado para quem busca bem-estar, relaxamento e uma experi\u00eancia sensorial premium.<\/p>\n<h3>Recursos do produto<\/h3>\n<p>Nosso Sugar Wax CBD com Terpenos Vivos oferece qualidade excepcional com as seguintes caracter\u00edsticas not\u00e1veis:<\/p>\n<ol>\n<li>Textura granulada e f\u00e1cil de usar<\/li>\n<\/ol>\n<p>Sugar Wax CBD tem uma consist\u00eancia \u00fanica que o torna perfeito para vaping ou dabbing. Sua textura facilita o manuseio e a dosagem.<\/p>\n<ol start=\"2\">\n<li>Alto teor de CBD<\/li>\n<\/ol>\n<p>Cada lote do nosso produto cont\u00e9m alta concentra\u00e7\u00e3o de CBD, garantindo efeitos relaxantes e terap\u00eauticos sem os efeitos psicoativos do THC.<\/p>\n<ol start=\"3\">\n<li>Terpenos naturais vivos<\/li>\n<\/ol>\n<p>Gra\u00e7as aos Live Terpenes, este concentrado oferece um perfil arom\u00e1tico e de sabor rico e aut\u00eantico, melhorando a experi\u00eancia de cada utilizador.<\/p>\n<ol start=\"4\">\n<li>Testado em laborat\u00f3rios independentes<\/li>\n<\/ol>\n<p>Todos os nossos produtos s\u00e3o analisados por laborat\u00f3rios terceiros para garantir pureza, seguran\u00e7a e qualidade. N\u00e3o cont\u00e9m pesticidas ou solventes nocivos.<\/p>\n<ol start=\"5\">\n<li>Sem THC<\/li>\n<\/ol>\n<p>Nosso Sugar Wax CBD cont\u00e9m menos de 0,2% THC, garantindo sua legalidade e seguran\u00e7a em pa\u00edses onde o CBD \u00e9 permitido.<\/p>\n<h2>Como armazenar cera de a\u00e7\u00facar CBD<\/h2>\n<p>Sugar Wax CBD com Terpenos Vivos \u00e9 um produto delicado que requer armazenamento adequado para manter seu frescor e pot\u00eancia. Siga estas recomenda\u00e7\u00f5es:<\/p>\n<p>Armazene em local fresco e escuro: a luz e o calor podem degradar os canabin\u00f3ides e os terpenos.<\/p>\n<p>Use um recipiente herm\u00e9tico: Isso evita a oxida\u00e7\u00e3o e a perda de aroma.<\/p>\n<p>Refrigera\u00e7\u00e3o Opcional: Para maior durabilidade, guarde o produto na geladeira, mas deixe-o atingir a temperatura ambiente antes de usar.<\/p>\n<p>Com os devidos cuidados, o seu Sugar Wax CBD permanecer\u00e1 fresco e eficaz por mais tempo.<\/p>\n<h2>Por que comprar Sugar Wax CBD com terpenos vivos na Iguana Smoke<\/h2>\n<p>Escolher nossa loja online para comprar Sugar Wax CBD garante a voc\u00ea:<\/p>\n<p>Qualidade garantida: Trabalhamos apenas com produtores confi\u00e1veis que utilizam processos de extra\u00e7\u00e3o de \u00faltima gera\u00e7\u00e3o.<\/p>\n<p>Variedades selecionadas: Oferecemos perfis de terpenos exclusivos que se adaptam \u00e0s suas prefer\u00eancias e necessidades.<\/p>\n<p>Envio r\u00e1pido e discreto: Receba seu produto com seguran\u00e7a e total privacidade.<\/p>\n<p>Atendimento especializado: Estamos aqui para ajud\u00e1-lo a escolher o melhor produto para voc\u00ea e esclarecer qualquer d\u00favida.<\/p>\n<h2>Perguntas frequentes sobre cera de a\u00e7\u00facar CBD<\/h2>\n<ol>\n<li>O Sugar Wax CBD \u00e9 legal?<\/li>\n<\/ol>\n<p>Sim, o nosso produto cont\u00e9m menos de 0,2% THC, o que o torna legal na maioria dos pa\u00edses onde o CBD \u00e9 permitido.<\/p>\n<ol start=\"2\">\n<li>Quanto devo usar?<\/li>\n<\/ol>\n<p>Recomendamos come\u00e7ar com uma dose pequena, principalmente se voc\u00ea for iniciante, e ajustar de acordo com suas necessidades.<\/p>\n<h2>Compre cera de a\u00e7\u00facar CBD agora<\/h2>\n<p>N\u00e3o espere mais para experimentar os benef\u00edcios do nosso Sugar Wax CBD com Terpenos Vivos. Este concentrado premium \u00e9 ideal para quem procura um produto natural, eficaz e de qualidade superior.<\/p>\n<p>Fa\u00e7a seu pedido hoje e descubra porque somos a melhor op\u00e7\u00e3o para comprar Sugar Wax CBD. Transforme o seu bem-estar com este produto excepcional!<\/p>","protected":false},"excerpt":{"rendered":"<p><strong>Cera de A\u00e7\u00facar CBD com Terpenos Vivos<\/strong> \u00c9 um concentrado de cannabis com textura granulada, rico em CBD e terpenos vivos que real\u00e7am o seu sabor, aroma e benef\u00edcios terap\u00eauticos. O armazenamento correto garante frescor e pot\u00eancia. Compre j\u00e1 este produto premium na nossa loja online.<\/p>\n<ul>\n<li>CBD: 88%\/THC: &lt; 0,2%<\/li>\n<li>Textura de cera de a\u00e7\u00facar CBD<\/li>\n<li>Aroma incompar\u00e1vel com Terpenos Vivos<\/li>\n<li>100% legal na Europa<\/li>\n<\/ul>\n<p>An\u00e1lise de qualidade: clique\u00a0<a href=\"https:\/\/iguanasmoke.com\/analiticas\/\" target=\"_blank\" rel=\"noopener\">aqui<\/a><\/p>","protected":false},"featured_media":9736,"comment_status":"open","ping_status":"closed","template":"","meta":{"_acf_changed":false,"site-sidebar-layout":"default","site-content-layout":"","ast-site-content-layout":"default","site-content-style":"default","site-sidebar-style":"default","ast-global-header-display":"","ast-banner-title-visibility":"","ast-main-header-display":"","ast-hfb-above-header-display":"","ast-hfb-below-header-display":"","ast-hfb-mobile-header-display":"","site-post-title":"","ast-breadcrumbs-content":"","ast-featured-img":"","footer-sml-layout":"","theme-transparent-header-meta":"default","adv-header-id-meta":"","stick-header-meta":"","header-above-stick-meta":"","header-main-stick-meta":"","header-below-stick-meta":"","astra-migrate-meta-layouts":"set","ast-page-background-enabled":"default","ast-page-background-meta":{"desktop":{"background-color":"var(--ast-global-color-4)","background-image":"","background-repeat":"repeat","background-position":"center center","background-size":"auto","background-attachment":"scroll","background-type":"","background-media":"","overlay-type":"","overlay-color":"","overlay-opacity":"","overlay-gradient":""},"tablet":{"background-color":"","background-image":"","background-repeat":"repeat","background-position":"center center","background-size":"auto","background-attachment":"scroll","background-type":"","background-media":"","overlay-type":"","overlay-color":"","overlay-opacity":"","overlay-gradient":""},"mobile":{"background-color":"","background-image":"","background-repeat":"repeat","background-position":"center center","background-size":"auto","background-attachment":"scroll","background-type":"","background-media":"","overlay-type":"","overlay-color":"","overlay-opacity":"","overlay-gradient":""}},"ast-content-background-meta":{"desktop":{"background-color":"var(--ast-global-color-5)","background-image":"","background-repeat":"repeat","background-position":"center center","background-size":"auto","background-attachment":"scroll","background-type":"","background-media":"","overlay-type":"","overlay-color":"","overlay-opacity":"","overlay-gradient":""},"tablet":{"background-color":"var(--ast-global-color-5)","background-image":"","background-repeat":"repeat","background-position":"center center","background-size":"auto","background-attachment":"scroll","background-type":"","background-media":"","overlay-type":"","overlay-color":"","overlay-opacity":"","overlay-gradient":""},"mobile":{"background-color":"var(--ast-global-color-5)","background-image":"","background-repeat":"repeat","background-position":"center center","background-size":"auto","background-attachment":"scroll","background-type":"","background-media":"","overlay-type":"","overlay-color":"","overlay-opacity":"","overlay-gradient":""}}},"product_brand":[],"product_cat":[29,40],"product_tag":[],"class_list":{"0":"post-9732","1":"product","2":"type-product","3":"status-publish","4":"has-post-thumbnail","6":"product_cat-extractosdecbd","7":"product_cat-iguanasmoke","8":"desktop-align-center","9":"tablet-align-left","10":"mobile-align-left","12":"first","13":"instock","14":"taxable","15":"shipping-taxable","16":"purchasable","17":"product-type-variable"},"acf":[],"yoast_head":"<!-- This site is optimized with the Yoast SEO plugin v27.4 - https:\/\/yoast.com\/product\/yoast-seo-wordpress\/ -->\n<title>Sugar Wax CBD 88% con Live Terpenes - Extractos CBD - THE LYF LABS<\/title>\n<meta name=\"description\" content=\"Compra el concentrado de CBD Sugar Wax 88% con Live Terpenes de beneficios terap\u00e9uticos. Descuentos exclusivos mayoristas y distribuidores en The Lyf Labs.\" \/>\n<meta name=\"robots\" content=\"index, follow, max-snippet:-1, max-image-preview:large, max-video-preview:-1\" \/>\n<link rel=\"canonical\" href=\"https:\/\/thelyflabs.com\/pt\/product\/sugar-wax-cbd-88-con-live-terpenes\/\" \/>\n<meta property=\"og:locale\" content=\"pt_PT\" \/>\n<meta property=\"og:type\" content=\"article\" \/>\n<meta property=\"og:title\" content=\"Sugar Wax CBD 88% con Live Terpenes - Extractos CBD - THE LYF LABS\" \/>\n<meta property=\"og:description\" content=\"Compra el concentrado de CBD Sugar Wax 88% con Live Terpenes de beneficios terap\u00e9uticos. Descuentos exclusivos mayoristas y distribuidores en The Lyf Labs.\" \/>\n<meta property=\"og:url\" content=\"https:\/\/thelyflabs.com\/pt\/product\/sugar-wax-cbd-88-con-live-terpenes\/\" \/>\n<meta property=\"og:site_name\" content=\"THE LYF LABS\" \/>\n<meta property=\"article:modified_time\" content=\"2026-03-09T10:19:14+00:00\" \/>\n<meta property=\"og:image\" content=\"https:\/\/thelyflabs.com\/wp-content\/uploads\/2024\/12\/Rosing-sugar-wax.webp\" \/>\n\t<meta property=\"og:image:width\" content=\"1000\" \/>\n\t<meta property=\"og:image:height\" content=\"1000\" \/>\n\t<meta property=\"og:image:type\" content=\"image\/webp\" \/>\n<meta name=\"twitter:card\" content=\"summary_large_image\" \/>\n<meta name=\"twitter:label1\" content=\"Tempo estimado de leitura\" \/>\n\t<meta name=\"twitter:data1\" content=\"4 minutos\" \/>\n<script type=\"application\/ld+json\" class=\"yoast-schema-graph\">{\"@context\":\"https:\\\/\\\/schema.org\",\"@graph\":[{\"@type\":\"WebPage\",\"@id\":\"https:\\\/\\\/thelyflabs.com\\\/product\\\/sugar-wax-cbd-88-con-live-terpenes\",\"url\":\"https:\\\/\\\/thelyflabs.com\\\/product\\\/sugar-wax-cbd-88-con-live-terpenes\",\"name\":\"Sugar Wax CBD 88% con Live Terpenes - Extractos CBD - THE LYF LABS\",\"isPartOf\":{\"@id\":\"https:\\\/\\\/thelyflabs.com\\\/#website\"},\"primaryImageOfPage\":{\"@id\":\"https:\\\/\\\/thelyflabs.com\\\/product\\\/sugar-wax-cbd-88-con-live-terpenes#primaryimage\"},\"image\":{\"@id\":\"https:\\\/\\\/thelyflabs.com\\\/product\\\/sugar-wax-cbd-88-con-live-terpenes#primaryimage\"},\"thumbnailUrl\":\"https:\\\/\\\/thelyflabs.com\\\/wp-content\\\/uploads\\\/2024\\\/12\\\/Rosing-sugar-wax.webp\",\"datePublished\":\"2024-12-18T14:36:37+00:00\",\"dateModified\":\"2026-03-09T10:19:14+00:00\",\"description\":\"Compra el concentrado de CBD Sugar Wax 88% con Live Terpenes de beneficios terap\u00e9uticos. Descuentos exclusivos mayoristas y distribuidores en The Lyf Labs.\",\"breadcrumb\":{\"@id\":\"https:\\\/\\\/thelyflabs.com\\\/product\\\/sugar-wax-cbd-88-con-live-terpenes#breadcrumb\"},\"inLanguage\":\"pt-PT\",\"potentialAction\":[{\"@type\":\"ReadAction\",\"target\":[\"https:\\\/\\\/thelyflabs.com\\\/product\\\/sugar-wax-cbd-88-con-live-terpenes\"]}]},{\"@type\":\"ImageObject\",\"inLanguage\":\"pt-PT\",\"@id\":\"https:\\\/\\\/thelyflabs.com\\\/product\\\/sugar-wax-cbd-88-con-live-terpenes#primaryimage\",\"url\":\"https:\\\/\\\/thelyflabs.com\\\/wp-content\\\/uploads\\\/2024\\\/12\\\/Rosing-sugar-wax.webp\",\"contentUrl\":\"https:\\\/\\\/thelyflabs.com\\\/wp-content\\\/uploads\\\/2024\\\/12\\\/Rosing-sugar-wax.webp\",\"width\":1000,\"height\":1000},{\"@type\":\"BreadcrumbList\",\"@id\":\"https:\\\/\\\/thelyflabs.com\\\/product\\\/sugar-wax-cbd-88-con-live-terpenes#breadcrumb\",\"itemListElement\":[{\"@type\":\"ListItem\",\"position\":1,\"name\":\"Portada\",\"item\":\"https:\\\/\\\/thelyflabs.com\\\/\"},{\"@type\":\"ListItem\",\"position\":2,\"name\":\"Tienda\",\"item\":\"https:\\\/\\\/thelyflabs.com\\\/tienda\"},{\"@type\":\"ListItem\",\"position\":3,\"name\":\"Sugar Wax CBD 88% con Live Terpenes\"}]},{\"@type\":\"WebSite\",\"@id\":\"https:\\\/\\\/thelyflabs.com\\\/#website\",\"url\":\"https:\\\/\\\/thelyflabs.com\\\/\",\"name\":\"The LYF Labs\",\"description\":\"CBD al por mayor\",\"publisher\":{\"@id\":\"https:\\\/\\\/thelyflabs.com\\\/#organization\"},\"potentialAction\":[{\"@type\":\"SearchAction\",\"target\":{\"@type\":\"EntryPoint\",\"urlTemplate\":\"https:\\\/\\\/thelyflabs.com\\\/?s={search_term_string}\"},\"query-input\":{\"@type\":\"PropertyValueSpecification\",\"valueRequired\":true,\"valueName\":\"search_term_string\"}}],\"inLanguage\":\"pt-PT\"},{\"@type\":\"Organization\",\"@id\":\"https:\\\/\\\/thelyflabs.com\\\/#organization\",\"name\":\"The LYF Labs\",\"url\":\"https:\\\/\\\/thelyflabs.com\\\/\",\"logo\":{\"@type\":\"ImageObject\",\"inLanguage\":\"pt-PT\",\"@id\":\"https:\\\/\\\/thelyflabs.com\\\/#\\\/schema\\\/logo\\\/image\\\/\",\"url\":\"https:\\\/\\\/thelyflabs.com\\\/wp-content\\\/uploads\\\/2023\\\/01\\\/cropped-LogoTheLYFLabs.png\",\"contentUrl\":\"https:\\\/\\\/thelyflabs.com\\\/wp-content\\\/uploads\\\/2023\\\/01\\\/cropped-LogoTheLYFLabs.png\",\"width\":600,\"height\":180,\"caption\":\"The LYF Labs\"},\"image\":{\"@id\":\"https:\\\/\\\/thelyflabs.com\\\/#\\\/schema\\\/logo\\\/image\\\/\"}}]}<\/script>\n<!-- \/ Yoast SEO plugin. -->","yoast_head_json":{"title":"Sugar Wax CBD 88% con Live Terpenes - Extractos CBD - THE LYF LABS","description":"Compra el concentrado de CBD Sugar Wax 88% con Live Terpenes de beneficios terap\u00e9uticos. Descuentos exclusivos mayoristas y distribuidores en The Lyf Labs.","robots":{"index":"index","follow":"follow","max-snippet":"max-snippet:-1","max-image-preview":"max-image-preview:large","max-video-preview":"max-video-preview:-1"},"canonical":"https:\/\/thelyflabs.com\/pt\/product\/sugar-wax-cbd-88-con-live-terpenes\/","og_locale":"pt_PT","og_type":"article","og_title":"Sugar Wax CBD 88% con Live Terpenes - Extractos CBD - THE LYF LABS","og_description":"Compra el concentrado de CBD Sugar Wax 88% con Live Terpenes de beneficios terap\u00e9uticos. Descuentos exclusivos mayoristas y distribuidores en The Lyf Labs.","og_url":"https:\/\/thelyflabs.com\/pt\/product\/sugar-wax-cbd-88-con-live-terpenes\/","og_site_name":"THE LYF LABS","article_modified_time":"2026-03-09T10:19:14+00:00","og_image":[{"width":1000,"height":1000,"url":"https:\/\/thelyflabs.com\/wp-content\/uploads\/2024\/12\/Rosing-sugar-wax.webp","type":"image\/webp"}],"twitter_card":"summary_large_image","twitter_misc":{"Tempo estimado de leitura":"4 minutos"},"schema":{"@context":"https:\/\/schema.org","@graph":[{"@type":"WebPage","@id":"https:\/\/thelyflabs.com\/product\/sugar-wax-cbd-88-con-live-terpenes","url":"https:\/\/thelyflabs.com\/product\/sugar-wax-cbd-88-con-live-terpenes","name":"Sugar Wax CBD 88% con Live Terpenes - Extractos CBD - THE LYF LABS","isPartOf":{"@id":"https:\/\/thelyflabs.com\/#website"},"primaryImageOfPage":{"@id":"https:\/\/thelyflabs.com\/product\/sugar-wax-cbd-88-con-live-terpenes#primaryimage"},"image":{"@id":"https:\/\/thelyflabs.com\/product\/sugar-wax-cbd-88-con-live-terpenes#primaryimage"},"thumbnailUrl":"https:\/\/thelyflabs.com\/wp-content\/uploads\/2024\/12\/Rosing-sugar-wax.webp","datePublished":"2024-12-18T14:36:37+00:00","dateModified":"2026-03-09T10:19:14+00:00","description":"Compra el concentrado de CBD Sugar Wax 88% con Live Terpenes de beneficios terap\u00e9uticos. Descuentos exclusivos mayoristas y distribuidores en The Lyf Labs.","breadcrumb":{"@id":"https:\/\/thelyflabs.com\/product\/sugar-wax-cbd-88-con-live-terpenes#breadcrumb"},"inLanguage":"pt-PT","potentialAction":[{"@type":"ReadAction","target":["https:\/\/thelyflabs.com\/product\/sugar-wax-cbd-88-con-live-terpenes"]}]},{"@type":"ImageObject","inLanguage":"pt-PT","@id":"https:\/\/thelyflabs.com\/product\/sugar-wax-cbd-88-con-live-terpenes#primaryimage","url":"https:\/\/thelyflabs.com\/wp-content\/uploads\/2024\/12\/Rosing-sugar-wax.webp","contentUrl":"https:\/\/thelyflabs.com\/wp-content\/uploads\/2024\/12\/Rosing-sugar-wax.webp","width":1000,"height":1000},{"@type":"BreadcrumbList","@id":"https:\/\/thelyflabs.com\/product\/sugar-wax-cbd-88-con-live-terpenes#breadcrumb","itemListElement":[{"@type":"ListItem","position":1,"name":"Portada","item":"https:\/\/thelyflabs.com\/"},{"@type":"ListItem","position":2,"name":"Tienda","item":"https:\/\/thelyflabs.com\/tienda"},{"@type":"ListItem","position":3,"name":"Sugar Wax CBD 88% con Live Terpenes"}]},{"@type":"WebSite","@id":"https:\/\/thelyflabs.com\/#website","url":"https:\/\/thelyflabs.com\/","name":"Os Laborat\u00f3rios LYF","description":"CBD atacado","publisher":{"@id":"https:\/\/thelyflabs.com\/#organization"},"potentialAction":[{"@type":"SearchAction","target":{"@type":"EntryPoint","urlTemplate":"https:\/\/thelyflabs.com\/?s={search_term_string}"},"query-input":{"@type":"PropertyValueSpecification","valueRequired":true,"valueName":"search_term_string"}}],"inLanguage":"pt-PT"},{"@type":"Organization","@id":"https:\/\/thelyflabs.com\/#organization","name":"Os Laborat\u00f3rios LYF","url":"https:\/\/thelyflabs.com\/","logo":{"@type":"ImageObject","inLanguage":"pt-PT","@id":"https:\/\/thelyflabs.com\/#\/schema\/logo\/image\/","url":"https:\/\/thelyflabs.com\/wp-content\/uploads\/2023\/01\/cropped-LogoTheLYFLabs.png","contentUrl":"https:\/\/thelyflabs.com\/wp-content\/uploads\/2023\/01\/cropped-LogoTheLYFLabs.png","width":600,"height":180,"caption":"The LYF Labs"},"image":{"@id":"https:\/\/thelyflabs.com\/#\/schema\/logo\/image\/"}}]}},"_links":{"self":[{"href":"https:\/\/thelyflabs.com\/pt\/wp-json\/wp\/v2\/product\/9732","targetHints":{"allow":["GET"]}}],"collection":[{"href":"https:\/\/thelyflabs.com\/pt\/wp-json\/wp\/v2\/product"}],"about":[{"href":"https:\/\/thelyflabs.com\/pt\/wp-json\/wp\/v2\/types\/product"}],"replies":[{"embeddable":true,"href":"https:\/\/thelyflabs.com\/pt\/wp-json\/wp\/v2\/comments?post=9732"}],"wp:featuredmedia":[{"embeddable":true,"href":"https:\/\/thelyflabs.com\/pt\/wp-json\/wp\/v2\/media\/9736"}],"wp:attachment":[{"href":"https:\/\/thelyflabs.com\/pt\/wp-json\/wp\/v2\/media?parent=9732"}],"wp:term":[{"taxonomy":"product_brand","embeddable":true,"href":"https:\/\/thelyflabs.com\/pt\/wp-json\/wp\/v2\/product_brand?post=9732"},{"taxonomy":"product_cat","embeddable":true,"href":"https:\/\/thelyflabs.com\/pt\/wp-json\/wp\/v2\/product_cat?post=9732"},{"taxonomy":"product_tag","embeddable":true,"href":"https:\/\/thelyflabs.com\/pt\/wp-json\/wp\/v2\/product_tag?post=9732"}],"curies":[{"name":"wp","href":"https:\/\/api.w.org\/{rel}","templated":true}]}}